{"id":1080,"date":"2019-05-23T23:38:04","date_gmt":"2019-05-24T02:38:04","guid":{"rendered":"https:\/\/inssanbernardo-cha.infd.edu.ar\/sitio\/?page_id=1080"},"modified":"2021-12-06T21:34:08","modified_gmt":"2021-12-07T00:34:08","slug":"plan-de-estudios-profesorado-en-fisica","status":"publish","type":"page","link":"https:\/\/inssanbernardo-cha.infd.edu.ar\/sitio\/plan-de-estudios-profesorado-en-fisica\/","title":{"rendered":"Profesorado en F\u00edsica &#8211; Plan de Estudios"},"content":{"rendered":"<h6><img decoding=\"async\" loading=\"lazy\" class=\"wp-image-1083 alignleft\" src=\"https:\/\/inssanbernardo-cha.infd.edu.ar\/sitio\/wp-content\/uploads\/2019\/05\/LOGO-IES-2018.jpg\" alt=\"\" width=\"128\" height=\"95\" \/>\u00a0PROVINCIA DEL CHACO<\/h6>\n<h6>MINISTERIO DE EDUCACI\u00d3N, CULTURA, CIENCIA Y TECNOLOG\u00cdA<\/h6>\n<h6>INSTITUTO DE EDUCACI\u00d3N SUPERIOR \u201cSAN BERNARDO\u201d<\/h6>\n<hr \/>\n<h3 style=\"text-align: center;\"><img decoding=\"async\" loading=\"lazy\" class=\"alignnone  wp-image-1900\" src=\"https:\/\/inssanbernardo-cha.infd.edu.ar\/sitio\/wp-content\/uploads\/2021\/12\/Fisica.jpeg\" alt=\"\" width=\"655\" height=\"549\" srcset=\"https:\/\/inssanbernardo-cha.infd.edu.ar\/sitio\/wp-content\/uploads\/2021\/12\/Fisica.jpeg 940w, https:\/\/inssanbernardo-cha.infd.edu.ar\/sitio\/wp-content\/uploads\/2021\/12\/Fisica-768x644.jpeg 768w\" sizes=\"(max-width: 655px) 100vw, 655px\" \/><\/h3>\n<h3 style=\"text-align: center;\"><strong><u>PLAN DE ESTUDIOS<\/u><\/strong><\/h3>\n<h4><strong>DENOMINACION DE LA CARRERA: <span style=\"color: #003366;\">Profesorado para la Educaci\u00f3n Secundaria en F\u00edsica<\/span><\/strong><\/h4>\n<h4><strong>TITULO A OTORGAR: <span style=\"color: #003366;\">Profesor\/a de Educaci\u00f3n Secundaria en F\u00edsica<\/span><\/strong><\/h4>\n<h4><strong>DURACION DE LA CARRERA EN A\u00d1OS ACADEMICOS: <span style=\"color: #003366;\">4 a\u00f1os<\/span><\/strong><\/h4>\n<h6>\u00a0<\/h6>\n<table width=\"587\">\n<tbody>\n<tr>\n<td width=\"268\">\n<p style=\"text-align: center;\"><strong>Unidades Curriculares<\/strong><\/p>\n<\/td>\n<td style=\"text-align: center;\" width=\"76\"><strong>DURACI\u00d3N<\/strong><\/td>\n<td style=\"text-align: center;\" width=\"72\"><strong>Horas c\u00e1tedras<\/strong> <strong>Semanales<\/strong><\/td>\n<td colspan=\"2\" width=\"171\">\n<p style=\"text-align: center;\"><strong>CAMPOS<\/strong><\/p>\n<\/td>\n<\/tr>\n<tr>\n<td colspan=\"5\" width=\"587\">\n<p style=\"text-align: center;\"><strong>PRIMER A\u00d1O<\/strong><\/p>\n<\/td>\n<\/tr>\n<tr>\n<td width=\"268\">Pedagog\u00eda<\/td>\n<td width=\"76\">\n<p style=\"text-align: center;\">Anual<\/p>\n<\/td>\n<td width=\"72\">\n<p style=\"text-align: center;\">4<\/p>\n<\/td>\n<td colspan=\"2\" rowspan=\"3\" width=\"171\">\n<p style=\"text-align: center;\">DE LA FORMACI\u00d3N GENERAL<\/p>\n<\/td>\n<\/tr>\n<tr>\n<td width=\"268\">Alfabetizaci\u00f3n Acad\u00e9mica<\/td>\n<td width=\"76\">\n<p style=\"text-align: center;\">Anual<\/p>\n<\/td>\n<td width=\"72\">\n<p style=\"text-align: center;\">3<\/p>\n<\/td>\n<\/tr>\n<tr>\n<td width=\"268\">Did\u00e1ctica General<\/td>\n<td width=\"76\">\n<p style=\"text-align: center;\">Anual<\/p>\n<\/td>\n<td width=\"72\">\n<p style=\"text-align: center;\">4<\/p>\n<\/td>\n<\/tr>\n<tr>\n<td width=\"268\">Algebra lineal y Geometr\u00eda<\/td>\n<td width=\"76\">\n<p style=\"text-align: center;\">1<sup>er.<\/sup>Cuatr<\/p>\n<\/td>\n<td width=\"72\">\n<p style=\"text-align: center;\">8<\/p>\n<\/td>\n<td colspan=\"2\" rowspan=\"5\" width=\"171\">\n<p style=\"text-align: center;\">DE LA FORMACI\u00d3N ESPECIFICA<\/p>\n<\/td>\n<\/tr>\n<tr>\n<td width=\"268\">An\u00e1lisis Matem\u00e1tico<\/td>\n<td width=\"76\">\n<p style=\"text-align: center;\">2<sup>do.<\/sup>Cuatr<\/p>\n<\/td>\n<td width=\"72\">\n<p style=\"text-align: center;\">8<\/p>\n<\/td>\n<\/tr>\n<tr>\n<td width=\"268\">F\u00edsica I<\/td>\n<td width=\"76\">\n<p style=\"text-align: center;\">Anual<\/p>\n<\/td>\n<td width=\"72\">\n<p style=\"text-align: center;\">4<\/p>\n<\/td>\n<\/tr>\n<tr>\n<td width=\"268\">Ciencias de la Tierra<\/td>\n<td width=\"76\">\n<p style=\"text-align: center;\">1<sup>er.<\/sup>Cuatr<\/p>\n<\/td>\n<td width=\"72\">\n<p style=\"text-align: center;\">4<\/p>\n<\/td>\n<\/tr>\n<tr>\n<td width=\"268\">Qu\u00edmica<\/td>\n<td width=\"76\">\n<p style=\"text-align: center;\">2<sup>do.<\/sup>Cuatr<\/p>\n<\/td>\n<td width=\"72\">\n<p style=\"text-align: center;\">4<\/p>\n<\/td>\n<\/tr>\n<tr>\n<td width=\"268\">Pr\u00e1ctica Docente I<\/td>\n<td width=\"76\">\n<p style=\"text-align: center;\">Anual<\/p>\n<\/td>\n<td width=\"72\">\n<p style=\"text-align: center;\">5<\/p>\n<\/td>\n<td colspan=\"2\" width=\"171\">\n<p style=\"text-align: center;\">DE LA FORMACI\u00d3N\u00a0 EN LA PR\u00c1CTICA PROFESIONAL<\/p>\n<\/td>\n<\/tr>\n<tr>\n<td colspan=\"5\" width=\"587\">\n<p style=\"text-align: center;\"><strong>SEGUNDO A\u00d1O<\/strong><\/p>\n<\/td>\n<\/tr>\n<tr>\n<td width=\"268\">Filosof\u00eda<\/td>\n<td width=\"76\">\n<p style=\"text-align: center;\">Anual<\/p>\n<\/td>\n<td width=\"72\">\n<p style=\"text-align: center;\">3<\/p>\n<\/td>\n<td colspan=\"2\" rowspan=\"4\" width=\"171\">\n<p style=\"text-align: center;\">DE LA FORMACI\u00d3N GENERAL<\/p>\n<\/td>\n<\/tr>\n<tr>\n<td width=\"268\">Psicolog\u00eda Educacional<\/td>\n<td width=\"76\">\n<p style=\"text-align: center;\">Anual<\/p>\n<\/td>\n<td width=\"72\">\n<p style=\"text-align: center;\">3<\/p>\n<\/td>\n<\/tr>\n<tr>\n<td width=\"268\">Tecnolog\u00eda de la Informaci\u00f3n y de la Comunicaci\u00f3n en Educaci\u00f3n<\/td>\n<td width=\"76\">\n<p style=\"text-align: center;\">1<sup>er.<\/sup>Cuatr<\/p>\n<\/td>\n<td width=\"72\">\n<p style=\"text-align: center;\">3<\/p>\n<\/td>\n<\/tr>\n<tr>\n<td width=\"268\">Cultura y Lengua Originarias<\/td>\n<td width=\"76\">\n<p style=\"text-align: center;\">2<sup>do.<\/sup>Cuatr<\/p>\n<\/td>\n<td width=\"72\">\n<p style=\"text-align: center;\">4<\/p>\n<\/td>\n<\/tr>\n<tr>\n<td width=\"268\">Sujetos de la Educaci\u00f3n<\/td>\n<td width=\"76\">\n<p style=\"text-align: center;\">Anual<\/p>\n<\/td>\n<td width=\"72\">\n<p style=\"text-align: center;\">4<\/p>\n<\/td>\n<td colspan=\"2\" rowspan=\"4\" width=\"171\">\n<p style=\"text-align: center;\">DE LA FORMACI\u00d3N ESPEC\u00cdFICA<\/p>\n<\/td>\n<\/tr>\n<tr>\n<td width=\"268\">Electrot\u00e9cnica general y Aplicada<\/td>\n<td width=\"76\">\n<p style=\"text-align: center;\">2<sup>do.<\/sup>Cuatr<\/p>\n<\/td>\n<td width=\"72\">\n<p style=\"text-align: center;\">8<\/p>\n<\/td>\n<\/tr>\n<tr>\n<td width=\"268\">F\u00edsica II: Mec\u00e1nica Cl\u00e1sica<\/td>\n<td width=\"76\">\n<p style=\"text-align: center;\">1<sup>er.<\/sup>Cuatr<\/p>\n<\/td>\n<td width=\"72\">\n<p style=\"text-align: center;\">8<\/p>\n<\/td>\n<\/tr>\n<tr>\n<td width=\"268\">Did\u00e1ctica Espec\u00edfica<\/td>\n<td width=\"76\">\n<p style=\"text-align: center;\">Anual<\/p>\n<\/td>\n<td width=\"72\">\n<p style=\"text-align: center;\">4<\/p>\n<\/td>\n<\/tr>\n<tr>\n<td width=\"268\">Pr\u00e1ctica Docente II<\/td>\n<td width=\"76\">\n<p style=\"text-align: center;\">Anual<\/p>\n<\/td>\n<td width=\"72\">\n<p style=\"text-align: center;\">6<\/p>\n<\/td>\n<td colspan=\"2\" width=\"171\">\n<p style=\"text-align: center;\">DE LA FORMACI\u00d3N\u00a0 EN LA PR\u00c1CTICA PROFESIONAL<\/p>\n<\/td>\n<\/tr>\n<tr>\n<td colspan=\"5\" width=\"587\">\n<p style=\"text-align: center;\"><strong>TERCER A\u00d1O<\/strong><\/p>\n<\/td>\n<\/tr>\n<tr>\n<td width=\"268\">Sociolog\u00eda de la Educaci\u00f3n<\/td>\n<td width=\"76\">\n<p style=\"text-align: center;\">Anual<\/p>\n<\/td>\n<td width=\"72\">\n<p style=\"text-align: center;\">3<\/p>\n<\/td>\n<td colspan=\"2\" rowspan=\"2\" width=\"171\">\n<p style=\"text-align: center;\">DE LA FORMACI\u00d3N GENERAL<\/p>\n<\/td>\n<\/tr>\n<tr>\n<td width=\"268\">Historia y Pol\u00edtica de la Educaci\u00f3n\u00a0 Latinoamericana, Argentina y Chaque\u00f1a<\/td>\n<td width=\"76\">\n<p style=\"text-align: center;\">Anual<\/p>\n<\/td>\n<td width=\"72\">\n<p style=\"text-align: center;\">4<\/p>\n<\/td>\n<\/tr>\n<tr>\n<td width=\"268\">Termodin\u00e1mica<\/td>\n<td width=\"76\">\n<p style=\"text-align: center;\">1<sup>er.<\/sup>Cuatr<\/p>\n<\/td>\n<td width=\"72\">\n<p style=\"text-align: center;\">6<\/p>\n<\/td>\n<td colspan=\"2\" rowspan=\"6\" width=\"171\">\n<p style=\"text-align: center;\">DE LA FORMACI\u00d3N ESPEC\u00cdFICA<\/p>\n<\/td>\n<\/tr>\n<tr>\n<td width=\"268\">Electr\u00f3nica General y Aplicada<\/td>\n<td width=\"76\">\n<p style=\"text-align: center;\">2<sup>do.<\/sup>Cuatr<\/p>\n<\/td>\n<td width=\"72\">\n<p style=\"text-align: center;\">6<\/p>\n<\/td>\n<\/tr>\n<tr>\n<td width=\"268\">F\u00edsica \u00d3ptica y Fen\u00f3meno Ondulatorio<\/td>\n<td width=\"76\">\n<p style=\"text-align: center;\">Anual<\/p>\n<\/td>\n<td width=\"72\">\n<p style=\"text-align: center;\">3<\/p>\n<\/td>\n<\/tr>\n<tr>\n<td width=\"268\">Mec\u00e1nica de los Fluidos<\/td>\n<td width=\"76\">\n<p style=\"text-align: center;\">Anual<\/p>\n<\/td>\n<td width=\"72\">\n<p style=\"text-align: center;\">3<\/p>\n<\/td>\n<\/tr>\n<tr>\n<td width=\"268\">Laboratorio de F\u00edsica<\/td>\n<td width=\"76\">\n<p style=\"text-align: center;\">Anual<\/p>\n<\/td>\n<td width=\"72\">\n<p style=\"text-align: center;\">6<\/p>\n<\/td>\n<\/tr>\n<tr>\n<td width=\"268\">Idioma Extranjero: Ingl\u00e9s Aplicado<\/td>\n<td width=\"76\">\n<p style=\"text-align: center;\">Anual<\/p>\n<\/td>\n<td width=\"72\">\n<p style=\"text-align: center;\">3<\/p>\n<\/td>\n<\/tr>\n<tr>\n<td width=\"268\">Pr\u00e1ctica Docente III<\/td>\n<td width=\"76\">\n<p style=\"text-align: center;\">Anual<\/p>\n<\/td>\n<td width=\"72\">\n<p style=\"text-align: center;\">7<\/p>\n<\/td>\n<td colspan=\"2\" width=\"171\">\n<p style=\"text-align: center;\">DE LA FORMACI\u00d3N\u00a0 EN LA PR\u00c1CTICA PROFESIONAL<\/p>\n<\/td>\n<\/tr>\n<tr>\n<td colspan=\"4\" width=\"586\">\n<p style=\"text-align: center;\"><strong>CUARTO A\u00d1O<\/strong><\/p>\n<\/td>\n<td width=\"0\">\u00a0<\/td>\n<\/tr>\n<tr>\n<td width=\"268\">Formaci\u00f3n en Derechos Humanos, \u00c9tica y Ciudadan\u00eda<\/td>\n<td width=\"76\">\n<p style=\"text-align: center;\">Anual<\/p>\n<\/td>\n<td width=\"72\">\n<p style=\"text-align: center;\">4<\/p>\n<\/td>\n<td colspan=\"2\" width=\"171\">\n<p style=\"text-align: center;\">DE LA FORMACI\u00d3N GENERAL<\/p>\n<\/td>\n<\/tr>\n<tr>\n<td width=\"268\">F\u00edsica Moderna<\/td>\n<td width=\"76\">\n<p style=\"text-align: center;\">Anual<\/p>\n<\/td>\n<td width=\"72\">\n<p style=\"text-align: center;\">3<\/p>\n<\/td>\n<td colspan=\"2\" rowspan=\"7\" width=\"171\">\n<p style=\"text-align: center;\">DE LA FORMACI\u00d3N ESPEC\u00cdFICA<\/p>\n<\/td>\n<\/tr>\n<tr>\n<td width=\"268\">Ense\u00f1anza de la F\u00edsica Mediada por TIC<\/td>\n<td width=\"76\">\n<p style=\"text-align: center;\">Anual<\/p>\n<\/td>\n<td width=\"72\">\n<p style=\"text-align: center;\">3<\/p>\n<\/td>\n<\/tr>\n<tr>\n<td width=\"268\">F\u00edsica Te\u00f3rica<\/td>\n<td width=\"76\">\n<p style=\"text-align: center;\">1<sup>er.<\/sup>Cuatr<\/p>\n<\/td>\n<td width=\"72\">\n<p style=\"text-align: center;\">6<\/p>\n<\/td>\n<\/tr>\n<tr>\n<td width=\"268\">F\u00edsica Moderna<\/td>\n<td width=\"76\">\n<p style=\"text-align: center;\">2<sup>do.<\/sup>Cuatr<\/p>\n<\/td>\n<td width=\"72\">\n<p style=\"text-align: center;\">6<\/p>\n<\/td>\n<\/tr>\n<tr>\n<td width=\"268\">F\u00edsica Experimental<\/td>\n<td width=\"76\">\n<p style=\"text-align: center;\">Anual<\/p>\n<\/td>\n<td width=\"72\">\n<p style=\"text-align: center;\">4<\/p>\n<\/td>\n<\/tr>\n<tr>\n<td width=\"268\">Epistemolog\u00eda e Historia de la F\u00edsica<\/td>\n<td width=\"76\">\n<p style=\"text-align: center;\">1<sup>er.<\/sup>Cuatr<\/p>\n<\/td>\n<td width=\"72\">\n<p style=\"text-align: center;\">3<\/p>\n<\/td>\n<\/tr>\n<tr>\n<td width=\"268\">Introducci\u00f3n a la Astrof\u00edsica<\/td>\n<td width=\"76\">\n<p style=\"text-align: center;\">2<sup>do.<\/sup>Cuatr<\/p>\n<\/td>\n<td width=\"72\">\n<p style=\"text-align: center;\">3<\/p>\n<\/td>\n<\/tr>\n<tr>\n<td width=\"268\">Residencia Pedag\u00f3gica<\/td>\n<td width=\"76\">\n<p style=\"text-align: center;\">Anual<\/p>\n<\/td>\n<td width=\"72\">\n<p style=\"text-align: center;\">8<\/p>\n<\/td>\n<td colspan=\"2\" width=\"171\">\n<p style=\"text-align: center;\">DE LA FORMACI\u00d3N\u00a0 EN LA PR\u00c1CTICA PROFESIONAL<\/p>\n<\/td>\n<\/tr>\n<tr>\n<td width=\"268\">\u00a0<\/td>\n<td width=\"76\">\u00a0<\/td>\n<td width=\"72\">\u00a0<\/td>\n<td width=\"170\">\u00a0<\/td>\n<td width=\"0\">\u00a0<\/td>\n<\/tr>\n<\/tbody>\n<\/table>\n<p style=\"text-align: center;\"><a href=\"https:\/\/inssanbernardo-cha.infd.edu.ar\/sitio\/plan-de-estudios-prof-fisica-1\/\">Descargar Plan de Estudios pdf<\/a><\/p>\n<p style=\"text-align: center;\"><a href=\"https:\/\/inssanbernardo-cha.infd.edu.ar\/sitio\/plan-de-estudios-prof-fisica-1\/\"><img decoding=\"async\" loading=\"lazy\" class=\"alignnone size-full wp-image-729\" src=\"https:\/\/inssanbernardo-cha.infd.edu.ar\/sitio\/wp-content\/uploads\/2018\/06\/icono_pdf.gif\" alt=\"\" width=\"32\" height=\"32\" \/><\/a><\/p>\n<p style=\"text-align: center;\"><a href=\"https:\/\/docs.google.com\/forms\/d\/e\/1FAIpQLSc7pPneBTJkmVAz7xobT93ASfWgobA8oFp1jj-amo678UmQZQ\/viewform\"><img decoding=\"async\" loading=\"lazy\" class=\"alignnone size-full wp-image-1981\" src=\"https:\/\/inssanbernardo-cha.infd.edu.ar\/sitio\/wp-content\/uploads\/2021\/12\/inscribite.jpg\" alt=\"\" width=\"323\" height=\"156\" \/><\/a><\/p>\n","protected":false},"excerpt":{"rendered":"<p>\u00a0PROVINCIA DEL CHACO MINISTERIO DE EDUCACI\u00d3N, CULTURA, CIENCIA Y TECNOLOG\u00cdA INSTITUTO DE EDUCACI\u00d3N SUPERIOR \u201cSAN BERNARDO\u201d PLAN DE ESTUDIOS DENOMINACION DE LA CARRERA: Profesorado para la Educaci\u00f3n Secundaria en F\u00edsica TITULO A OTORGAR: Profesor\/a de Educaci\u00f3n Secundaria en F\u00edsica DURACION DE LA CARRERA EN A\u00d1OS ACADEMICOS: 4 a\u00f1os \u00a0 Unidades Curriculares DURACI\u00d3N Horas c\u00e1tedras Semanales &#8230; <a title=\"Profesorado en F\u00edsica &#8211; Plan de Estudios\" class=\"read-more\" href=\"https:\/\/inssanbernardo-cha.infd.edu.ar\/sitio\/plan-de-estudios-profesorado-en-fisica\/\" aria-label=\"More on Profesorado en F\u00edsica &#8211; Plan de Estudios\">[+]<\/a><\/p>\n","protected":false},"author":408,"featured_media":0,"parent":0,"menu_order":0,"comment_status":"closed","ping_status":"closed","template":"","meta":[],"acf":[],"_links":{"self":[{"href":"https:\/\/inssanbernardo-cha.infd.edu.ar\/sitio\/wp-json\/wp\/v2\/pages\/1080"}],"collection":[{"href":"https:\/\/inssanbernardo-cha.infd.edu.ar\/sitio\/wp-json\/wp\/v2\/pages"}],"about":[{"href":"https:\/\/inssanbernardo-cha.infd.edu.ar\/sitio\/wp-json\/wp\/v2\/types\/page"}],"author":[{"embeddable":true,"href":"https:\/\/inssanbernardo-cha.infd.edu.ar\/sitio\/wp-json\/wp\/v2\/users\/408"}],"replies":[{"embeddable":true,"href":"https:\/\/inssanbernardo-cha.infd.edu.ar\/sitio\/wp-json\/wp\/v2\/comments?post=1080"}],"version-history":[{"count":13,"href":"https:\/\/inssanbernardo-cha.infd.edu.ar\/sitio\/wp-json\/wp\/v2\/pages\/1080\/revisions"}],"predecessor-version":[{"id":2003,"href":"https:\/\/inssanbernardo-cha.infd.edu.ar\/sitio\/wp-json\/wp\/v2\/pages\/1080\/revisions\/2003"}],"wp:attachment":[{"href":"https:\/\/inssanbernardo-cha.infd.edu.ar\/sitio\/wp-json\/wp\/v2\/media?parent=1080"}],"curies":[{"name":"wp","href":"https:\/\/api.w.org\/{rel}","templated":true}]}}