{"id":1102,"date":"2019-05-24T01:00:11","date_gmt":"2019-05-24T04:00:11","guid":{"rendered":"https:\/\/inssanbernardo-cha.infd.edu.ar\/sitio\/?page_id=1102"},"modified":"2021-12-06T22:12:35","modified_gmt":"2021-12-07T01:12:35","slug":"profesorado-en-inicial","status":"publish","type":"page","link":"https:\/\/inssanbernardo-cha.infd.edu.ar\/sitio\/profesorado-en-inicial\/","title":{"rendered":"Profesorado para Nivel Inicial &#8211; Plan de Estudios"},"content":{"rendered":"<h6><img decoding=\"async\" loading=\"lazy\" class=\"wp-image-1083 alignleft\" src=\"https:\/\/inssanbernardo-cha.infd.edu.ar\/sitio\/wp-content\/uploads\/2019\/05\/LOGO-IES-2018.jpg\" alt=\"\" width=\"176\" height=\"132\" \/><\/h6>\n<h6>PROVINCIA DEL CHACO<\/h6>\n<h6>MINISTERIO DE EDUCACI\u00d3N, CULTURA, CIENCIA Y TECNOLOG\u00cdA<\/h6>\n<h6>INSTITUTO DE EDUCACI\u00d3N SUPERIOR \u201cSAN BERNARDO\u201d<\/h6>\n<hr \/>\n<h4 style=\"text-align: center;\"><img decoding=\"async\" loading=\"lazy\" class=\"alignnone  wp-image-1903\" src=\"https:\/\/inssanbernardo-cha.infd.edu.ar\/sitio\/wp-content\/uploads\/2021\/12\/Inicial.jpeg\" alt=\"\" width=\"616\" height=\"516\" srcset=\"https:\/\/inssanbernardo-cha.infd.edu.ar\/sitio\/wp-content\/uploads\/2021\/12\/Inicial.jpeg 940w, https:\/\/inssanbernardo-cha.infd.edu.ar\/sitio\/wp-content\/uploads\/2021\/12\/Inicial-768x644.jpeg 768w\" sizes=\"(max-width: 616px) 100vw, 616px\" \/><\/h4>\n<h4 style=\"text-align: center;\"><u>PLAN DE ESTUDIOS<\/u><\/h4>\n<h4>DENOMINACION DE LA CARRERA: <span style=\"color: #008000;\">Profesorado para la Educaci\u00f3n Inicial<\/span><\/h4>\n<h4>TITULO A OTORGAR: <span style=\"color: #008000;\">Profesor\/a de Educaci\u00f3n Inicial<\/span><\/h4>\n<h4><strong>DURACION DE LA CARRERA EN A\u00d1OS ACADEMICOS<\/strong>: <span style=\"color: #008000;\">4 a\u00f1os<\/span><\/h4>\n<h6>\u00a0<\/h6>\n<table width=\"601\">\n<tbody>\n<tr>\n<td width=\"269\">\n<p style=\"text-align: center;\"><strong>\u00a0<\/strong><strong>Unidades Curriculares<\/strong><\/p>\n<\/td>\n<td width=\"76\">\n<p style=\"text-align: center;\"><strong>\u00a0<\/strong><strong>DURACI\u00d3N<\/strong><\/p>\n<\/td>\n<td width=\"72\">\n<p style=\"text-align: center;\"><strong>Horas catedra<\/strong><\/p>\n<p style=\"text-align: center;\"><strong>Semanales<\/strong><\/p>\n<\/td>\n<td width=\"184\"><strong>\u00a0<\/strong><\/p>\n<p style=\"text-align: center;\"><strong>CAMPOS<\/strong><\/p>\n<\/td>\n<\/tr>\n<tr>\n<td colspan=\"4\" width=\"601\">\n<p style=\"text-align: center;\"><strong>PRIMER A\u00d1O<\/strong><\/p>\n<\/td>\n<\/tr>\n<tr>\n<td width=\"269\">Pedagog\u00eda<\/td>\n<td width=\"76\">\n<p style=\"text-align: center;\">Anual<\/p>\n<\/td>\n<td width=\"72\">\n<p style=\"text-align: center;\">3<\/p>\n<\/td>\n<td rowspan=\"4\" width=\"184\">\u00a0<\/p>\n<p style=\"text-align: center;\">DE LA FORMACI\u00d3N GENERAL<\/p>\n<\/td>\n<\/tr>\n<tr>\n<td width=\"269\">Alfabetizaci\u00f3n Acad\u00e9mica<\/td>\n<td width=\"76\">\n<p style=\"text-align: center;\">Anual<\/p>\n<\/td>\n<td width=\"72\">\n<p style=\"text-align: center;\">3<\/p>\n<\/td>\n<\/tr>\n<tr>\n<td width=\"269\">Did\u00e1ctica General<\/td>\n<td width=\"76\">\n<p style=\"text-align: center;\">Anual<\/p>\n<\/td>\n<td width=\"72\">\n<p style=\"text-align: center;\">4<\/p>\n<\/td>\n<\/tr>\n<tr>\n<td width=\"269\">Psicolog\u00eda de la Educaci\u00f3n<\/td>\n<td width=\"76\">\n<p style=\"text-align: center;\">Anual<\/p>\n<\/td>\n<td width=\"72\">\n<p style=\"text-align: center;\">3<\/p>\n<\/td>\n<\/tr>\n<tr>\n<td width=\"269\">Taller de Juegos y Actividades L\u00fadicas<\/td>\n<td width=\"76\">\n<p style=\"text-align: center;\">Anual<\/p>\n<\/td>\n<td width=\"72\">\n<p style=\"text-align: center;\">3<\/p>\n<\/td>\n<td rowspan=\"4\" width=\"184\">\u00a0<\/p>\n<p style=\"text-align: center;\">DE LA FORMACI\u00d3N ESPEC\u00cdFICA<\/p>\n<\/td>\n<\/tr>\n<tr>\n<td width=\"269\">Sujeto de la Educaci\u00f3n Inicial<\/td>\n<td width=\"76\">\n<p style=\"text-align: center;\">Anual<\/p>\n<\/td>\n<td width=\"72\">\n<p style=\"text-align: center;\">5<\/p>\n<\/td>\n<\/tr>\n<tr>\n<td width=\"269\">Literatura Infantil<\/td>\n<td width=\"76\">\n<p style=\"text-align: center;\">Anual<\/p>\n<\/td>\n<td width=\"72\">\n<p style=\"text-align: center;\">4<\/p>\n<\/td>\n<\/tr>\n<tr>\n<td width=\"269\">Educaci\u00f3n Intercultural<\/td>\n<td width=\"76\">\n<p style=\"text-align: center;\">Anual<\/p>\n<\/td>\n<td width=\"72\">\n<p style=\"text-align: center;\">3<\/p>\n<\/td>\n<\/tr>\n<tr>\n<td width=\"269\">Pr\u00e1ctica Docente I<\/td>\n<td width=\"76\">\n<p style=\"text-align: center;\">Anual<\/p>\n<\/td>\n<td width=\"72\">\n<p style=\"text-align: center;\">6<\/p>\n<\/td>\n<td width=\"184\">\u00a0<\/p>\n<p style=\"text-align: center;\">DE LA FORMACI\u00d3N\u00a0 EN LA PR\u00c1CTICA PROFESIONAL<\/p>\n<\/td>\n<\/tr>\n<tr>\n<td colspan=\"4\" width=\"601\">\n<p style=\"text-align: center;\"><strong>SEGUNDO A\u00d1O<\/strong><\/p>\n<\/td>\n<\/tr>\n<tr>\n<td width=\"269\">Sociolog\u00eda de la Educaci\u00f3n<\/td>\n<td width=\"76\">\n<p style=\"text-align: center;\">2<sup>do.<\/sup> Cuatr<\/p>\n<\/td>\n<td width=\"72\">\n<p style=\"text-align: center;\">4<\/p>\n<\/td>\n<td rowspan=\"3\" width=\"184\">\u00a0<\/p>\n<p style=\"text-align: center;\">DE LA FORMACI\u00d3N GENERAL<\/p>\n<\/td>\n<\/tr>\n<tr>\n<td width=\"269\">Educaci\u00f3n Tecnol\u00f3gica y TIC<\/td>\n<td width=\"76\">\n<p style=\"text-align: center;\">Anual<\/p>\n<\/td>\n<td width=\"72\">\n<p style=\"text-align: center;\">3<\/p>\n<\/td>\n<\/tr>\n<tr>\n<td width=\"269\">Historia Argentina Latinoamericana y Chaque\u00f1a<\/td>\n<td width=\"76\">\n<p style=\"text-align: center;\">1<sup>er.<\/sup> Cuatr<\/p>\n<\/td>\n<td width=\"72\">\n<p style=\"text-align: center;\">4<\/p>\n<\/td>\n<\/tr>\n<tr>\n<td width=\"269\">Alfabetizaci\u00f3n Temprana<\/td>\n<td width=\"76\">\n<p style=\"text-align: center;\">Anual<\/p>\n<\/td>\n<td width=\"72\">\n<p style=\"text-align: center;\">3<\/p>\n<\/td>\n<td rowspan=\"6\" width=\"184\">\u00a0<\/p>\n<p style=\"text-align: center;\">DE LA FORMACI\u00d3N ESPEC\u00cdFICA<\/p>\n<\/td>\n<\/tr>\n<tr>\n<td width=\"269\">Did\u00e1ctica del Nivel Inicial<\/td>\n<td width=\"76\">\n<p style=\"text-align: center;\">Anual<\/p>\n<\/td>\n<td width=\"72\">\n<p style=\"text-align: center;\">5<\/p>\n<\/td>\n<\/tr>\n<tr>\n<td width=\"269\">Lengua y Literatura y su Did\u00e1ctica<\/td>\n<td width=\"76\">\n<p style=\"text-align: center;\">Anual<\/p>\n<\/td>\n<td width=\"72\">\n<p style=\"text-align: center;\">4<\/p>\n<\/td>\n<\/tr>\n<tr>\n<td width=\"269\">Matem\u00e1tica y su Did\u00e1ctica<\/td>\n<td width=\"76\">\n<p style=\"text-align: center;\">Anual<\/p>\n<\/td>\n<td width=\"72\">\n<p style=\"text-align: center;\">4<\/p>\n<\/td>\n<\/tr>\n<tr>\n<td width=\"269\">Dise\u00f1os y Construcci\u00f3n de Materiales y Objetos L\u00fadicos<\/td>\n<td width=\"76\">\n<p style=\"text-align: center;\">Anual<\/p>\n<\/td>\n<td width=\"72\">\n<p style=\"text-align: center;\">3<\/p>\n<\/td>\n<\/tr>\n<tr>\n<td width=\"269\">Lenguajes Art\u00edsticos y su Did\u00e1ctica<\/td>\n<td width=\"76\">\n<p style=\"text-align: center;\">Anual<\/p>\n<\/td>\n<td width=\"72\">\n<p style=\"text-align: center;\">4<\/p>\n<\/td>\n<\/tr>\n<tr>\n<td width=\"269\">Pr\u00e1ctica Docente II<\/td>\n<td width=\"76\">\n<p style=\"text-align: center;\">Anual<\/p>\n<\/td>\n<td width=\"72\">\n<p style=\"text-align: center;\">6<\/p>\n<\/td>\n<td width=\"184\">\u00a0<\/p>\n<p style=\"text-align: center;\">DE LA FORMACI\u00d3N\u00a0 EN LA PR\u00c1CTICA PROFESIONAL<\/p>\n<\/td>\n<\/tr>\n<tr>\n<td colspan=\"4\" width=\"601\">\n<p style=\"text-align: center;\"><strong>TERCER A\u00d1O<\/strong><\/p>\n<\/td>\n<\/tr>\n<tr>\n<td width=\"269\">Filosof\u00eda|<\/td>\n<td width=\"76\">\n<p style=\"text-align: center;\">1<sup>er.<\/sup> Cuatr<\/p>\n<\/td>\n<td width=\"72\">\n<p style=\"text-align: center;\">4<\/p>\n<\/td>\n<td rowspan=\"2\" width=\"184\">\u00a0<\/p>\n<p style=\"text-align: center;\">DE LA FORMACI\u00d3N GENERAL<\/p>\n<\/td>\n<\/tr>\n<tr>\n<td width=\"269\">Historia y Pol\u00edtica de la Educaci\u00f3n Latinoamericana, Argentina y Chaque\u00f1a<\/td>\n<td width=\"76\">\n<p style=\"text-align: center;\">\u00a0<\/p>\n<p style=\"text-align: center;\">Anual<\/p>\n<\/td>\n<td width=\"72\">\n<p style=\"text-align: center;\">3<\/p>\n<\/td>\n<\/tr>\n<tr>\n<td width=\"269\">Educaci\u00f3n F\u00edsica<\/td>\n<td width=\"76\">\n<p style=\"text-align: center;\">Anual<\/p>\n<\/td>\n<td width=\"72\">\n<p style=\"text-align: center;\">4<\/p>\n<\/td>\n<td rowspan=\"8\" width=\"184\">\u00a0 \u00a0<\/p>\n<p style=\"text-align: center;\">DE LA FORMACI\u00d3N ESPEC\u00cdFICA<\/p>\n<\/td>\n<\/tr>\n<tr>\n<td width=\"269\">Proyectos Pedag\u00f3gicos con TIC<\/td>\n<td width=\"76\">\n<p style=\"text-align: center;\">Anual<\/p>\n<\/td>\n<td width=\"72\">\n<p style=\"text-align: center;\">3<\/p>\n<\/td>\n<\/tr>\n<tr>\n<td width=\"269\">Problem\u00e1tica Contempor\u00e1nea de la Educaci\u00f3n Inicial<\/td>\n<td width=\"76\">\n<p style=\"text-align: center;\">Anual<\/p>\n<\/td>\n<td width=\"72\">\n<p style=\"text-align: center;\">3<\/p>\n<\/td>\n<\/tr>\n<tr>\n<td width=\"269\">Ciencias Naturales y su Did\u00e1ctica<\/td>\n<td width=\"76\">\n<p style=\"text-align: center;\">Anual<\/p>\n<\/td>\n<td width=\"72\">\n<p style=\"text-align: center;\">4<\/p>\n<\/td>\n<\/tr>\n<tr>\n<td width=\"269\">Ciencias Sociales y su Did\u00e1ctica<\/td>\n<td width=\"76\">\n<p style=\"text-align: center;\">Anual<\/p>\n<\/td>\n<td width=\"72\">\n<p style=\"text-align: center;\">4<\/p>\n<\/td>\n<\/tr>\n<tr>\n<td width=\"269\">Lenguajes Art\u00edsticos y su Did\u00e1ctica: Teatro<\/td>\n<td width=\"76\">\n<p style=\"text-align: center;\">2<sup>do.<\/sup> Cuatr<\/p>\n<\/td>\n<td width=\"72\">\n<p style=\"text-align: center;\">4<\/p>\n<\/td>\n<\/tr>\n<tr>\n<td width=\"269\">Lenguajes Art\u00edsticos y su Did\u00e1ctica: Lenguaje Musical<\/td>\n<td width=\"76\">\n<p style=\"text-align: center;\">Anual<\/p>\n<\/td>\n<td width=\"72\">\n<p style=\"text-align: center;\">4<\/p>\n<\/td>\n<\/tr>\n<tr>\n<td width=\"269\">Lenguajes Art\u00edsticos y su Did\u00e1ctica: Lenguaje Corporal<\/td>\n<td width=\"76\">\n<p style=\"text-align: center;\">1<sup>er.<\/sup> Cuatr<\/p>\n<\/td>\n<td width=\"72\">\n<p style=\"text-align: center;\">4<\/p>\n<\/td>\n<\/tr>\n<tr>\n<td width=\"269\">Pr\u00e1ctica Docente III<\/td>\n<td width=\"76\">\n<p style=\"text-align: center;\">Anual<\/p>\n<\/td>\n<td width=\"72\">\n<p style=\"text-align: center;\">7<\/p>\n<\/td>\n<td width=\"184\">\u00a0<\/p>\n<p style=\"text-align: center;\">DE LA FORMACI\u00d3N\u00a0 EN LA PR\u00c1CTICA PROFESIONAL<\/p>\n<\/td>\n<\/tr>\n<tr>\n<td colspan=\"4\" width=\"601\">\n<p style=\"text-align: center;\"><strong>CUARTO A\u00d1O<\/strong><\/p>\n<\/td>\n<\/tr>\n<tr>\n<td width=\"269\">Cultura y Lengua Originarias<\/td>\n<td width=\"76\">\n<p style=\"text-align: center;\">2<sup>do.<\/sup> Cuatr<\/p>\n<\/td>\n<td width=\"72\">\n<p style=\"text-align: center;\">3<\/p>\n<\/td>\n<td rowspan=\"4\" width=\"184\">\u00a0 \u00a0<\/p>\n<p style=\"text-align: center;\">DE LA FORMACI\u00d3N GENERAL<\/p>\n<p>\u00a0 \u00a0<\/td>\n<\/tr>\n<tr>\n<td width=\"269\">Formaci\u00f3n en Derechos Humanos, \u00c9tica y Ciudadan\u00eda<\/td>\n<td width=\"76\">\n<p style=\"text-align: center;\">1<sup>er.<\/sup> Cuatr<\/p>\n<\/td>\n<td width=\"72\">\n<p style=\"text-align: center;\">4<\/p>\n<\/td>\n<\/tr>\n<tr>\n<td width=\"269\">Lengua Extranjera<\/td>\n<td width=\"76\">\n<p style=\"text-align: center;\">1<sup>er.<\/sup> Cuatr<\/p>\n<\/td>\n<td width=\"72\">\n<p style=\"text-align: center;\">3<\/p>\n<\/td>\n<\/tr>\n<tr>\n<td width=\"269\">Inclusi\u00f3n Educativa<\/td>\n<td width=\"76\">\n<p style=\"text-align: center;\">1<sup>er.<\/sup> Cuatr<\/p>\n<\/td>\n<td width=\"72\">\n<p style=\"text-align: center;\">3<\/p>\n<\/td>\n<\/tr>\n<tr>\n<td width=\"269\">Educaci\u00f3n Sexual Integral<\/td>\n<td width=\"76\">\n<p style=\"text-align: center;\">2<sup>do.<\/sup> Cuatr<\/p>\n<\/td>\n<td width=\"72\">\n<p style=\"text-align: center;\">3<\/p>\n<\/td>\n<td rowspan=\"2\" width=\"184\">\n<p style=\"text-align: center;\">DE LA FORMACI\u00d3N ESPEC\u00cdFICA<\/p>\n<\/td>\n<\/tr>\n<tr>\n<td width=\"269\">Educaci\u00f3n Rural<\/td>\n<td width=\"76\">\n<p style=\"text-align: center;\">1<sup>er.<\/sup> Cuatr<\/p>\n<\/td>\n<td width=\"72\">\n<p style=\"text-align: center;\">3<\/p>\n<\/td>\n<\/tr>\n<tr>\n<td width=\"269\">Residencia Pedag\u00f3gica<\/td>\n<td width=\"76\">\n<p style=\"text-align: center;\">Anual<\/p>\n<\/td>\n<td width=\"72\">\n<p style=\"text-align: center;\">10<\/p>\n<\/td>\n<td width=\"184\">\u00a0<\/p>\n<p style=\"text-align: center;\">DE LA FORMACI\u00d3N\u00a0 EN LA PR\u00c1CTICA PROFESIONAL<\/p>\n<\/td>\n<\/tr>\n<\/tbody>\n<\/table>\n<p style=\"text-align: center;\"><strong>\u00a0<a href=\"https:\/\/inssanbernardo-cha.infd.edu.ar\/sitio\/plan-de-estudios-prof-inicial\/\">Descargar Plan de Estudios pdf<\/a><\/strong><\/p>\n<p style=\"text-align: center;\"><a href=\"https:\/\/inssanbernardo-cha.infd.edu.ar\/sitio\/plan-de-estudios-prof-inicial\/\"><img decoding=\"async\" loading=\"lazy\" class=\"alignnone size-full wp-image-729\" src=\"https:\/\/inssanbernardo-cha.infd.edu.ar\/sitio\/wp-content\/uploads\/2018\/06\/icono_pdf.gif\" alt=\"\" width=\"32\" height=\"32\" \/><\/a><\/p>\n<p style=\"text-align: center;\"><a href=\"https:\/\/docs.google.com\/forms\/d\/e\/1FAIpQLScQcXzjKxo0HI3pnSDkh8sQDVsSv6DPaS0OC-OKpK41vJ5Jaw\/viewform\"><img decoding=\"async\" loading=\"lazy\" class=\"alignnone size-full wp-image-1981\" src=\"https:\/\/inssanbernardo-cha.infd.edu.ar\/sitio\/wp-content\/uploads\/2021\/12\/inscribite.jpg\" alt=\"\" width=\"323\" height=\"156\" \/><\/a><\/p>\n","protected":false},"excerpt":{"rendered":"<p>PROVINCIA DEL CHACO MINISTERIO DE EDUCACI\u00d3N, CULTURA, CIENCIA Y TECNOLOG\u00cdA INSTITUTO DE EDUCACI\u00d3N SUPERIOR \u201cSAN BERNARDO\u201d PLAN DE ESTUDIOS DENOMINACION DE LA CARRERA: Profesorado para la Educaci\u00f3n Inicial TITULO A OTORGAR: Profesor\/a de Educaci\u00f3n Inicial DURACION DE LA CARRERA EN A\u00d1OS ACADEMICOS: 4 a\u00f1os \u00a0 \u00a0Unidades Curriculares \u00a0DURACI\u00d3N Horas catedra Semanales \u00a0 CAMPOS PRIMER A\u00d1O &#8230; <a title=\"Profesorado para Nivel Inicial &#8211; Plan de Estudios\" class=\"read-more\" href=\"https:\/\/inssanbernardo-cha.infd.edu.ar\/sitio\/profesorado-en-inicial\/\" aria-label=\"More on Profesorado para Nivel Inicial &#8211; Plan de Estudios\">[+]<\/a><\/p>\n","protected":false},"author":408,"featured_media":0,"parent":0,"menu_order":0,"comment_status":"closed","ping_status":"closed","template":"","meta":[],"acf":[],"_links":{"self":[{"href":"https:\/\/inssanbernardo-cha.infd.edu.ar\/sitio\/wp-json\/wp\/v2\/pages\/1102"}],"collection":[{"href":"https:\/\/inssanbernardo-cha.infd.edu.ar\/sitio\/wp-json\/wp\/v2\/pages"}],"about":[{"href":"https:\/\/inssanbernardo-cha.infd.edu.ar\/sitio\/wp-json\/wp\/v2\/types\/page"}],"author":[{"embeddable":true,"href":"https:\/\/inssanbernardo-cha.infd.edu.ar\/sitio\/wp-json\/wp\/v2\/users\/408"}],"replies":[{"embeddable":true,"href":"https:\/\/inssanbernardo-cha.infd.edu.ar\/sitio\/wp-json\/wp\/v2\/comments?post=1102"}],"version-history":[{"count":19,"href":"https:\/\/inssanbernardo-cha.infd.edu.ar\/sitio\/wp-json\/wp\/v2\/pages\/1102\/revisions"}],"predecessor-version":[{"id":2039,"href":"https:\/\/inssanbernardo-cha.infd.edu.ar\/sitio\/wp-json\/wp\/v2\/pages\/1102\/revisions\/2039"}],"wp:attachment":[{"href":"https:\/\/inssanbernardo-cha.infd.edu.ar\/sitio\/wp-json\/wp\/v2\/media?parent=1102"}],"curies":[{"name":"wp","href":"https:\/\/api.w.org\/{rel}","templated":true}]}}