{"id":1245,"date":"2019-05-27T20:17:53","date_gmt":"2019-05-27T23:17:53","guid":{"rendered":"https:\/\/inssanbernardo-cha.infd.edu.ar\/sitio\/?page_id=1245"},"modified":"2021-12-06T22:09:15","modified_gmt":"2021-12-07T01:09:15","slug":"bibliotecologia-plan-de-estudios","status":"publish","type":"page","link":"https:\/\/inssanbernardo-cha.infd.edu.ar\/sitio\/bibliotecologia-plan-de-estudios\/","title":{"rendered":"Bibliotecolog\u00eda &#8211; Plan de Estudios"},"content":{"rendered":"<h6><img decoding=\"async\" loading=\"lazy\" class=\"wp-image-1083 alignleft\" src=\"https:\/\/inssanbernardo-cha.infd.edu.ar\/sitio\/wp-content\/uploads\/2019\/05\/LOGO-IES-2018.jpg\" alt=\"\" width=\"150\" height=\"112\" \/><\/h6>\n<h6>PROVINCIA DEL CHACO<\/h6>\n<h6>MINISTERIO DE EDUCACI\u00d3N, CULTURA, CIENCIA Y TECNOLOG\u00cdA<\/h6>\n<h6>INSTITUTO DE EDUCACI\u00d3N SUPERIOR \u201cSAN BERNARDO\u201d<\/h6>\n<hr \/>\n<h3 style=\"text-align: center;\"><img decoding=\"async\" loading=\"lazy\" class=\"alignnone  wp-image-1897\" src=\"https:\/\/inssanbernardo-cha.infd.edu.ar\/sitio\/wp-content\/uploads\/2021\/12\/Bibliotecologia.jpeg\" alt=\"\" width=\"588\" height=\"493\" srcset=\"https:\/\/inssanbernardo-cha.infd.edu.ar\/sitio\/wp-content\/uploads\/2021\/12\/Bibliotecologia.jpeg 940w, https:\/\/inssanbernardo-cha.infd.edu.ar\/sitio\/wp-content\/uploads\/2021\/12\/Bibliotecologia-768x644.jpeg 768w\" sizes=\"(max-width: 588px) 100vw, 588px\" \/><\/h3>\n<h3 style=\"text-align: center;\"><strong><u>PLAN DE ESTUDIOS<\/u><\/strong><\/h3>\n<h6>DENOMINACION DE LA CARRERA: Profesorado para la Formaci\u00f3n Docente en Bibliotecolog\u00eda<\/h6>\n<h6>TITULO A OTORGAR: Profesor\/a Bibliotecario\/a<\/h6>\n<p><strong>DURACION DE LA CARRERA EN A\u00d1OS ACADEMICOS<\/strong>: 4 a\u00f1os<\/p>\n<table>\n<tbody>\n<tr>\n<td width=\"291\">\u00a0<\/p>\n<p style=\"text-align: center;\"><strong>Unidades Curriculares<\/strong><\/p>\n<\/td>\n<td width=\"95\">\u00a0<\/p>\n<p style=\"text-align: center;\"><strong>DURACI\u00d3N<\/strong><\/p>\n<\/td>\n<td style=\"text-align: center;\" width=\"76\"><strong>Horas catedra<\/strong> <strong>Semanales<\/strong><\/td>\n<td width=\"168\">\n<p style=\"text-align: center;\">\u00a0<\/p>\n<p style=\"text-align: center;\"><strong>CAMPOS<\/strong><\/p>\n<\/td>\n<\/tr>\n<tr>\n<td colspan=\"4\" width=\"629\">\n<p style=\"text-align: center;\"><strong>PRIMER A\u00d1O<\/strong><\/p>\n<\/td>\n<\/tr>\n<tr>\n<td width=\"291\">Psicolog\u00eda Educacional<\/td>\n<td width=\"95\">\n<p style=\"text-align: center;\">Anual<\/p>\n<\/td>\n<td width=\"76\">\n<p style=\"text-align: center;\">4<\/p>\n<\/td>\n<td rowspan=\"5\" width=\"168\">\n<p style=\"text-align: center;\">DE LA FORMACI\u00d3N GENERAL<\/p>\n<\/td>\n<\/tr>\n<tr>\n<td width=\"291\">Did\u00e1ctica General<\/td>\n<td width=\"95\">\n<p style=\"text-align: center;\">Anual<\/p>\n<\/td>\n<td width=\"76\">\n<p style=\"text-align: center;\">4<\/p>\n<\/td>\n<\/tr>\n<tr>\n<td width=\"291\">Tecnolog\u00eda de la Informaci\u00f3n y Comunicaci\u00f3n en Educaci\u00f3n<\/td>\n<td width=\"95\">\n<p style=\"text-align: center;\">1<sup>er<\/sup> Cuatrim<\/p>\n<\/td>\n<td width=\"76\">\n<p style=\"text-align: center;\">4<\/p>\n<\/td>\n<\/tr>\n<tr>\n<td width=\"291\">Metodolog\u00eda de la Investigaci\u00f3n en Bibliotecolog\u00eda<\/td>\n<td width=\"95\">\n<p style=\"text-align: center;\">2<sup>do<\/sup> Cuatrim<\/p>\n<\/td>\n<td width=\"76\">\n<p style=\"text-align: center;\">4<\/p>\n<\/td>\n<\/tr>\n<tr>\n<td width=\"291\">Lectura, Escritura y Oralidad<\/td>\n<td width=\"95\">\n<p style=\"text-align: center;\">Anual<\/p>\n<\/td>\n<td width=\"76\">\n<p style=\"text-align: center;\">3<\/p>\n<\/td>\n<\/tr>\n<tr>\n<td width=\"291\">Introducci\u00f3n a la Bibliotecolog\u00eda y Ciencias de la Informaci\u00f3n<\/td>\n<td width=\"95\">\n<p style=\"text-align: center;\">Anual<\/p>\n<\/td>\n<td width=\"76\">\n<p style=\"text-align: center;\">3<\/p>\n<\/td>\n<td rowspan=\"4\" width=\"168\">\n<p style=\"text-align: center;\">DE LA FORMACI\u00d3N ESPEC\u00cdFICA<\/p>\n<\/td>\n<\/tr>\n<tr>\n<td width=\"291\">Catalogaci\u00f3n I<\/td>\n<td width=\"95\">\n<p style=\"text-align: center;\">Anual<\/p>\n<\/td>\n<td width=\"76\">\n<p style=\"text-align: center;\">4<\/p>\n<\/td>\n<\/tr>\n<tr>\n<td width=\"291\">Literatura General<\/td>\n<td width=\"95\">\n<p style=\"text-align: center;\">Anual<\/p>\n<\/td>\n<td width=\"76\">\n<p style=\"text-align: center;\">3<\/p>\n<\/td>\n<\/tr>\n<tr>\n<td width=\"291\">Clasificaci\u00f3n y Organizaci\u00f3n del Conocimiento I<\/td>\n<td width=\"95\">\n<p style=\"text-align: center;\">Anual<\/p>\n<\/td>\n<td width=\"76\">\n<p style=\"text-align: center;\">4<\/p>\n<\/td>\n<\/tr>\n<tr>\n<td width=\"291\">Pr\u00e1ctica Docente I<\/td>\n<td width=\"95\">\n<p style=\"text-align: center;\">Anual<\/p>\n<\/td>\n<td width=\"76\">\n<p style=\"text-align: center;\">4<\/p>\n<\/td>\n<td width=\"168\">\n<p style=\"text-align: center;\">DE LA FORMACI\u00d3N EN LA PR\u00c1CTICA PROFESIONAL<\/p>\n<\/td>\n<\/tr>\n<tr>\n<td colspan=\"4\" width=\"629\">\n<p style=\"text-align: center;\"><strong>SEGUNDO A\u00d1O<\/strong><\/p>\n<\/td>\n<\/tr>\n<tr>\n<td width=\"291\">Pedagog\u00eda<\/td>\n<td width=\"95\">\n<p style=\"text-align: center;\">Anual<\/p>\n<\/td>\n<td width=\"76\">\n<p style=\"text-align: center;\">3<\/p>\n<\/td>\n<td rowspan=\"3\" width=\"168\">\n<p style=\"text-align: center;\">DE LA FORMACI\u00d3N GENERAL<\/p>\n<\/td>\n<\/tr>\n<tr>\n<td width=\"291\">Antropolog\u00eda Social y Cultural<\/td>\n<td width=\"95\">\n<p style=\"text-align: center;\">2<sup>do<\/sup> Cuatrim<\/p>\n<\/td>\n<td width=\"76\">\n<p style=\"text-align: center;\">4<\/p>\n<\/td>\n<\/tr>\n<tr>\n<td width=\"291\">La Biblioteca y su Intervenci\u00f3n Socio-Comunitaria<\/td>\n<td width=\"95\">\n<p style=\"text-align: center;\">1<sup>er<\/sup> Cuatrim<\/p>\n<\/td>\n<td width=\"76\">\n<p style=\"text-align: center;\">4<\/p>\n<\/td>\n<\/tr>\n<tr>\n<td width=\"291\">Fuentes y Recursos de Informaci\u00f3n I<\/td>\n<td width=\"95\">\n<p style=\"text-align: center;\">Anual<\/p>\n<\/td>\n<td width=\"76\">\n<p style=\"text-align: center;\">3<\/p>\n<\/td>\n<td rowspan=\"6\" width=\"168\">\n<p style=\"text-align: center;\">DE LA FORMACI\u00d3N ESPEC\u00cdFICA<\/p>\n<\/td>\n<\/tr>\n<tr>\n<td width=\"291\">Literatura Iberoamericana y Argentina<\/td>\n<td width=\"95\">\n<p style=\"text-align: center;\">Anual<\/p>\n<\/td>\n<td width=\"76\">\n<p style=\"text-align: center;\">4<\/p>\n<\/td>\n<\/tr>\n<tr>\n<td width=\"291\">Clasificaci\u00f3n y Organizaci\u00f3n del Conocimiento II<\/td>\n<td width=\"95\">\n<p style=\"text-align: center;\">Anual<\/p>\n<\/td>\n<td width=\"76\">\n<p style=\"text-align: center;\">4<\/p>\n<\/td>\n<\/tr>\n<tr>\n<td width=\"291\">Catalogaci\u00f3n II<\/td>\n<td width=\"95\">\n<p style=\"text-align: center;\">Anual<\/p>\n<\/td>\n<td width=\"76\">\n<p style=\"text-align: center;\">4<\/p>\n<\/td>\n<\/tr>\n<tr>\n<td width=\"291\">Portugu\u00e9s<\/td>\n<td width=\"95\">\n<p style=\"text-align: center;\">Anual<\/p>\n<\/td>\n<td width=\"76\">\n<p style=\"text-align: center;\">4<\/p>\n<\/td>\n<\/tr>\n<tr>\n<td width=\"291\">Organizaci\u00f3n y Gesti\u00f3n de Bibliotecas I<\/td>\n<td width=\"95\">\n<p style=\"text-align: center;\">Anual<\/p>\n<\/td>\n<td width=\"76\">\n<p style=\"text-align: center;\">4<\/p>\n<\/td>\n<\/tr>\n<tr>\n<td width=\"291\">Pr\u00e1ctica Docente II<\/td>\n<td width=\"95\">\n<p style=\"text-align: center;\">Anual<\/p>\n<\/td>\n<td width=\"76\">\n<p style=\"text-align: center;\">5<\/p>\n<\/td>\n<td width=\"168\">\n<p style=\"text-align: center;\">DE LA FORMACI\u00d3N EN LA PR\u00c1CTICA PROFESIONAL<\/p>\n<\/td>\n<\/tr>\n<tr>\n<td colspan=\"4\" width=\"629\">\n<p style=\"text-align: center;\"><strong>TERCER A\u00d1O<\/strong><\/p>\n<\/td>\n<\/tr>\n<tr>\n<td width=\"291\">Sujetos de la Educaci\u00f3n<\/td>\n<td width=\"95\">\n<p style=\"text-align: center;\">Anual<\/p>\n<\/td>\n<td width=\"76\">3<\/td>\n<td rowspan=\"3\" width=\"168\">\n<p style=\"text-align: center;\">DE LA FORMACI\u00d3N GENERAL<\/p>\n<\/td>\n<\/tr>\n<tr>\n<td width=\"291\">Did\u00e1ctica de la Lectura desde el \u00e1mbito de las Bibliotecas<\/td>\n<td width=\"95\">\n<p style=\"text-align: center;\">1<sup>er<\/sup> Cuatrim<\/p>\n<\/td>\n<td width=\"76\">4<\/td>\n<\/tr>\n<tr>\n<td width=\"291\">Tecnolog\u00edas de la Informaci\u00f3n y la Comunicaci\u00f3n Aplicadas a las Bibliotecas<\/td>\n<td width=\"95\">\n<p style=\"text-align: center;\">Anual<\/p>\n<\/td>\n<td width=\"76\">4<\/td>\n<\/tr>\n<tr>\n<td width=\"291\">Ingl\u00e9s<\/td>\n<td width=\"95\">\n<p style=\"text-align: center;\">Anual<\/p>\n<\/td>\n<td width=\"76\">3<\/td>\n<td rowspan=\"6\" width=\"168\">\n<p style=\"text-align: center;\">DE LA FORMACI\u00d3N ESPEC\u00cdFICA<\/p>\n<\/td>\n<\/tr>\n<tr>\n<td width=\"291\">Literatura Infantil y Juvenil<\/td>\n<td width=\"95\">\n<p style=\"text-align: center;\">1<sup>er<\/sup> Cuatrim<\/p>\n<\/td>\n<td width=\"76\">4<\/td>\n<\/tr>\n<tr>\n<td width=\"291\">Estad\u00edstica<\/td>\n<td width=\"95\">\n<p style=\"text-align: center;\">1<sup>er<\/sup> Cuatrim<\/p>\n<\/td>\n<td width=\"76\">\n<p style=\"text-align: center;\">4<\/p>\n<\/td>\n<\/tr>\n<tr>\n<td width=\"291\">Servicios de Informaci\u00f3n<\/td>\n<td width=\"95\">\n<p style=\"text-align: center;\">2<sup>do<\/sup> Cuatrim<\/p>\n<\/td>\n<td width=\"76\">\n<p style=\"text-align: center;\">4<\/p>\n<\/td>\n<\/tr>\n<tr>\n<td width=\"291\">Fuentes y Recursos de Informaci\u00f3n II<\/td>\n<td width=\"95\">\n<p style=\"text-align: center;\">Anual<\/p>\n<\/td>\n<td width=\"76\">\n<p style=\"text-align: center;\">4<\/p>\n<\/td>\n<\/tr>\n<tr>\n<td width=\"291\">Organizaci\u00f3n y Gesti\u00f3n de Bibliotecas II<\/td>\n<td width=\"95\">\n<p style=\"text-align: center;\">Anual<\/p>\n<\/td>\n<td width=\"76\">\n<p style=\"text-align: center;\">4<\/p>\n<\/td>\n<\/tr>\n<tr>\n<td width=\"291\">Pr\u00e1ctica Docente III<\/td>\n<td width=\"95\">\n<p style=\"text-align: center;\">Anual<\/p>\n<\/td>\n<td width=\"76\">\n<p style=\"text-align: center;\">5<\/p>\n<\/td>\n<td width=\"168\">\n<p style=\"text-align: center;\">DE LA FORMACI\u00d3N EN LA PR\u00c1CTICA PROFESIONAL<\/p>\n<\/td>\n<\/tr>\n<tr>\n<td colspan=\"4\" width=\"629\">\n<p style=\"text-align: center;\"><strong>CUARTO A\u00d1O<\/strong><\/p>\n<\/td>\n<\/tr>\n<tr>\n<td width=\"291\">\u00c9tica y Deontolog\u00eda Profesional<\/td>\n<td width=\"95\">\n<p style=\"text-align: center;\">2<sup>do<\/sup> Cuatrim<\/p>\n<\/td>\n<td width=\"76\">\n<p style=\"text-align: center;\">3<\/p>\n<\/td>\n<td rowspan=\"5\" width=\"168\">\n<p style=\"text-align: center;\">DE LA FORMACI\u00d3N GENERAL<\/p>\n<\/td>\n<\/tr>\n<tr>\n<td width=\"291\">Sociolog\u00eda de la Educaci\u00f3n<\/td>\n<td width=\"95\">\n<p style=\"text-align: center;\">1<sup>er<\/sup> Cuatrim<\/p>\n<\/td>\n<td width=\"76\">\n<p style=\"text-align: center;\">4<\/p>\n<\/td>\n<\/tr>\n<tr>\n<td width=\"291\">Cultura y Lenguas Originarias<\/td>\n<td width=\"95\">\n<p style=\"text-align: center;\">2<sup>do<\/sup> Cuatrim<\/p>\n<\/td>\n<td width=\"76\">\n<p style=\"text-align: center;\">3<\/p>\n<\/td>\n<\/tr>\n<tr>\n<td width=\"291\">Lenguaje de Se\u00f1as Argentinas<\/td>\n<td width=\"95\">\n<p style=\"text-align: center;\">1<sup>er<\/sup> Cuatrim<\/p>\n<\/td>\n<td width=\"76\">\n<p style=\"text-align: center;\">3<\/p>\n<\/td>\n<\/tr>\n<tr>\n<td width=\"291\">Evoluci\u00f3n Socio-hist\u00f3rica de las Bibliotecas dentro de los Sistemas Educativos<\/td>\n<td width=\"95\">\n<p style=\"text-align: center;\">2<sup>do<\/sup> Cuatrim<\/p>\n<\/td>\n<td width=\"76\">\n<p style=\"text-align: center;\">4<\/p>\n<\/td>\n<\/tr>\n<tr>\n<td width=\"291\">Estudio y Formaci\u00f3n de Usuarios<\/td>\n<td width=\"95\">\n<p style=\"text-align: center;\">Anual<\/p>\n<\/td>\n<td width=\"76\">\n<p style=\"text-align: center;\">5<\/p>\n<\/td>\n<td rowspan=\"4\" width=\"168\">\n<p style=\"text-align: center;\">DE LA FORMACI\u00d3N ESPEC\u00cdFICA<\/p>\n<\/td>\n<\/tr>\n<tr>\n<td width=\"291\">Literatura Argentina contempor\u00e1nea y Regional<\/td>\n<td width=\"95\">\n<p style=\"text-align: center;\">Anual<\/p>\n<\/td>\n<td width=\"76\">\n<p style=\"text-align: center;\">3<\/p>\n<\/td>\n<\/tr>\n<tr>\n<td width=\"291\">Documentaci\u00f3n y Resumen<\/td>\n<td width=\"95\">\n<p style=\"text-align: center;\">1<sup>er<\/sup> Cuatrim<\/p>\n<\/td>\n<td width=\"76\">\n<p style=\"text-align: center;\">4<\/p>\n<\/td>\n<\/tr>\n<tr>\n<td width=\"291\">Desarrollo y Conservaci\u00f3n Preventiva de la Colecci\u00f3n<\/td>\n<td width=\"95\">\n<p style=\"text-align: center;\">Anual<\/p>\n<\/td>\n<td width=\"76\">\n<p style=\"text-align: center;\">4<\/p>\n<\/td>\n<\/tr>\n<tr>\n<td width=\"291\">Residencia Pedag\u00f3gica IV<\/td>\n<td width=\"95\">\n<p style=\"text-align: center;\">Anual<\/p>\n<\/td>\n<td width=\"76\">\n<p style=\"text-align: center;\">5<\/p>\n<\/td>\n<td width=\"168\">\n<p style=\"text-align: center;\">DE LA FORMACI\u00d3N EN LA PR\u00c1CTICA PROFESIONAL<\/p>\n<\/td>\n<\/tr>\n<\/tbody>\n<\/table>\n<p style=\"text-align: center;\"><a href=\"https:\/\/inssanbernardo-cha.infd.edu.ar\/sitio\/plan-de-estudio-f-d-bibliotecologia\/\">Descargar Plan de Estudios pdf<\/a><\/p>\n<p style=\"text-align: center;\"><a href=\"https:\/\/inssanbernardo-cha.infd.edu.ar\/sitio\/plan-de-estudio-f-d-bibliotecologia\/\"><img decoding=\"async\" loading=\"lazy\" class=\"alignnone wp-image-729 size-full\" src=\"https:\/\/inssanbernardo-cha.infd.edu.ar\/sitio\/wp-content\/uploads\/2018\/06\/icono_pdf.gif\" alt=\"\" width=\"32\" height=\"32\" \/><\/a><\/p>\n<p style=\"text-align: center;\"><a href=\"https:\/\/docs.google.com\/forms\/d\/e\/1FAIpQLSc7dM5ynw3RAogV22yC-N2nuVgfd80QvpiTSmtVzHW7JxooSA\/viewform\"><img decoding=\"async\" loading=\"lazy\" class=\"alignnone size-full wp-image-1981\" src=\"https:\/\/inssanbernardo-cha.infd.edu.ar\/sitio\/wp-content\/uploads\/2021\/12\/inscribite.jpg\" alt=\"\" width=\"323\" height=\"156\" \/><\/a><\/p>\n","protected":false},"excerpt":{"rendered":"<p>PROVINCIA DEL CHACO MINISTERIO DE EDUCACI\u00d3N, CULTURA, CIENCIA Y TECNOLOG\u00cdA INSTITUTO DE EDUCACI\u00d3N SUPERIOR \u201cSAN BERNARDO\u201d PLAN DE ESTUDIOS DENOMINACION DE LA CARRERA: Profesorado para la Formaci\u00f3n Docente en Bibliotecolog\u00eda TITULO A OTORGAR: Profesor\/a Bibliotecario\/a DURACION DE LA CARRERA EN A\u00d1OS ACADEMICOS: 4 a\u00f1os \u00a0 Unidades Curriculares \u00a0 DURACI\u00d3N Horas catedra Semanales \u00a0 CAMPOS PRIMER &#8230; <a title=\"Bibliotecolog\u00eda &#8211; Plan de Estudios\" class=\"read-more\" href=\"https:\/\/inssanbernardo-cha.infd.edu.ar\/sitio\/bibliotecologia-plan-de-estudios\/\" aria-label=\"More on Bibliotecolog\u00eda &#8211; Plan de Estudios\">[+]<\/a><\/p>\n","protected":false},"author":408,"featured_media":0,"parent":0,"menu_order":0,"comment_status":"closed","ping_status":"closed","template":"","meta":[],"acf":[],"_links":{"self":[{"href":"https:\/\/inssanbernardo-cha.infd.edu.ar\/sitio\/wp-json\/wp\/v2\/pages\/1245"}],"collection":[{"href":"https:\/\/inssanbernardo-cha.infd.edu.ar\/sitio\/wp-json\/wp\/v2\/pages"}],"about":[{"href":"https:\/\/inssanbernardo-cha.infd.edu.ar\/sitio\/wp-json\/wp\/v2\/types\/page"}],"author":[{"embeddable":true,"href":"https:\/\/inssanbernardo-cha.infd.edu.ar\/sitio\/wp-json\/wp\/v2\/users\/408"}],"replies":[{"embeddable":true,"href":"https:\/\/inssanbernardo-cha.infd.edu.ar\/sitio\/wp-json\/wp\/v2\/comments?post=1245"}],"version-history":[{"count":18,"href":"https:\/\/inssanbernardo-cha.infd.edu.ar\/sitio\/wp-json\/wp\/v2\/pages\/1245\/revisions"}],"predecessor-version":[{"id":2023,"href":"https:\/\/inssanbernardo-cha.infd.edu.ar\/sitio\/wp-json\/wp\/v2\/pages\/1245\/revisions\/2023"}],"wp:attachment":[{"href":"https:\/\/inssanbernardo-cha.infd.edu.ar\/sitio\/wp-json\/wp\/v2\/media?parent=1245"}],"curies":[{"name":"wp","href":"https:\/\/api.w.org\/{rel}","templated":true}]}}