{"id":1255,"date":"2019-05-28T13:13:27","date_gmt":"2019-05-28T16:13:27","guid":{"rendered":"https:\/\/inssanbernardo-cha.infd.edu.ar\/sitio\/?page_id=1255"},"modified":"2019-05-29T11:55:40","modified_gmt":"2019-05-29T14:55:40","slug":"bromatologia-plan-de-estudios","status":"publish","type":"page","link":"https:\/\/inssanbernardo-cha.infd.edu.ar\/sitio\/bromatologia-plan-de-estudios\/","title":{"rendered":"Bromatolog\u00eda &#8211; Plan de Estudios"},"content":{"rendered":"<h6><img decoding=\"async\" loading=\"lazy\" class=\"wp-image-1083 alignleft\" src=\"https:\/\/inssanbernardo-cha.infd.edu.ar\/sitio\/wp-content\/uploads\/2019\/05\/LOGO-IES-2018.jpg\" alt=\"\" width=\"100\" height=\"75\" \/><\/h6>\n<h6>PROVINCIA DEL CHACO<\/h6>\n<h6>MINISTERIO DE EDUCACI\u00d3N, CULTURA, CIENCIA Y TECNOLOG\u00cdA<\/h6>\n<h6>INSTITUTO DE EDUCACI\u00d3N SUPERIOR \u201cSAN BERNARDO\u201d<\/h6>\n<hr \/>\n<h4 style=\"text-align: center;\"><u>PLAN DE ESTUDIOS<\/u><\/h4>\n<h5>DENOMINACION DE LA CARRERA: <span style=\"color: #000080;\">Tecnicatura Superior en Bromatolog\u00eda<\/span><\/h5>\n<h5>TITULO A OTORGAR: <span style=\"color: #000080;\">T\u00e9cnico Superior en Bromatolog\u00eda<\/span><\/h5>\n<h5><strong>DURACION DE LA CARRERA EN A\u00d1OS ACADEMICOS<\/strong>: <span style=\"color: #000080;\">3 a\u00f1os<\/span><\/h5>\n<h6><\/h6>\n<table width=\"601\">\n<tbody>\n<tr>\n<td width=\"269\">&nbsp;<\/p>\n<p style=\"text-align: center;\"><strong>Unidades Curriculares<\/strong><\/p>\n<\/td>\n<td style=\"text-align: center;\" width=\"76\">&nbsp;<\/p>\n<p><strong>DURACI\u00d3N<\/strong><\/td>\n<td style=\"text-align: center;\" width=\"72\"><strong>Horas C\u00e1tedras<\/strong><\/p>\n<p><strong>Semanales<\/strong><\/td>\n<td width=\"184\">\n<p style=\"text-align: center;\">\n<p style=\"text-align: center;\"><strong>CAMPOS<\/strong><\/p>\n<\/td>\n<\/tr>\n<tr>\n<td colspan=\"4\" width=\"601\">\n<p style=\"text-align: center;\"><strong>PRIMER A\u00d1O<\/strong><\/p>\n<\/td>\n<\/tr>\n<tr>\n<td width=\"269\">Ingl\u00e9s T\u00e9cnico<\/td>\n<td width=\"76\">\n<p style=\"text-align: center;\">Anual<\/p>\n<\/td>\n<td width=\"72\">\n<p style=\"text-align: center;\">3<\/p>\n<\/td>\n<td rowspan=\"2\" width=\"184\">&nbsp;<\/p>\n<p style=\"text-align: center;\">DE LA FORMACI\u00d3N GENERAL<\/p>\n<\/td>\n<\/tr>\n<tr>\n<td width=\"269\">Qu\u00edmica General<\/td>\n<td width=\"76\">\n<p style=\"text-align: center;\">Anual<\/p>\n<\/td>\n<td width=\"72\">\n<p style=\"text-align: center;\">3<\/p>\n<\/td>\n<\/tr>\n<tr>\n<td width=\"269\">Legislaci\u00f3n Alimentaria<\/td>\n<td width=\"76\">\n<p style=\"text-align: center;\">Anual<\/p>\n<\/td>\n<td width=\"72\">\n<p style=\"text-align: center;\">4<\/p>\n<\/td>\n<td width=\"184\">\n<p style=\"text-align: center;\">DE LA FORMACI\u00d3N ESPEC\u00cdFICA<\/p>\n<\/td>\n<\/tr>\n<tr>\n<td width=\"269\">Organizaci\u00f3n y Gesti\u00f3n<\/td>\n<td width=\"76\">\n<p style=\"text-align: center;\">Anual<\/p>\n<\/td>\n<td width=\"72\">\n<p style=\"text-align: center;\">4<\/p>\n<\/td>\n<td rowspan=\"2\" width=\"184\">\n<p style=\"text-align: center;\">DE LA FORMACI\u00d3N<\/p>\n<p style=\"text-align: center;\">DE FUNDAMENTO<\/p>\n<\/td>\n<\/tr>\n<tr>\n<td width=\"269\">Microbiolog\u00eda General<\/td>\n<td width=\"76\">\n<p style=\"text-align: center;\">Anual<\/p>\n<\/td>\n<td width=\"72\">\n<p style=\"text-align: center;\">4<\/p>\n<\/td>\n<\/tr>\n<tr>\n<td width=\"269\">Nutrici\u00f3n<\/td>\n<td width=\"76\">\n<p style=\"text-align: center;\">Anual<\/p>\n<\/td>\n<td width=\"72\">\n<p style=\"text-align: center;\">4<\/p>\n<\/td>\n<td rowspan=\"3\" width=\"184\">\n<p style=\"text-align: center;\">DE LA FORMACI\u00d3N ESPEC\u00cdFICA<\/p>\n<\/td>\n<\/tr>\n<tr>\n<td width=\"269\">Laboratorio I: Organizaci\u00f3n y Seguridad<\/td>\n<td width=\"76\">\n<p style=\"text-align: center;\">Anual<\/p>\n<\/td>\n<td width=\"72\">\n<p style=\"text-align: center;\">3<\/p>\n<\/td>\n<\/tr>\n<tr>\n<td width=\"269\">Fundamento para las Pr\u00e1cticas Profesionalizantes Taller: Aproximaci\u00f3n al \u00c1mbito Profesional<\/td>\n<td width=\"76\">\n<p style=\"text-align: center;\">Anual<\/p>\n<\/td>\n<td width=\"72\">\n<p style=\"text-align: center;\">5<\/p>\n<\/td>\n<\/tr>\n<tr>\n<td colspan=\"4\" width=\"601\"><strong>\u00a0<\/strong><\/td>\n<\/tr>\n<tr>\n<td colspan=\"4\" width=\"601\">\n<p style=\"text-align: center;\"><strong>SEGUNDO A\u00d1O<\/strong><\/p>\n<\/td>\n<\/tr>\n<tr>\n<td width=\"269\">F\u00edsica<\/td>\n<td width=\"76\">\n<p style=\"text-align: center;\">Anual<\/p>\n<\/td>\n<td width=\"72\">\n<p style=\"text-align: center;\">3<\/p>\n<\/td>\n<td rowspan=\"2\" width=\"184\">\n<p style=\"text-align: center;\">DE LA FORMACI\u00d3N GENERAL<\/p>\n<\/td>\n<\/tr>\n<tr>\n<td width=\"269\">Matem\u00e1tica<\/td>\n<td width=\"76\">\n<p style=\"text-align: center;\">Anual<\/p>\n<\/td>\n<td width=\"72\">\n<p style=\"text-align: center;\">3<\/p>\n<\/td>\n<\/tr>\n<tr>\n<td width=\"269\">Qu\u00edmica Anal\u00edtica<\/td>\n<td width=\"76\">\n<p style=\"text-align: center;\">Anual<\/p>\n<\/td>\n<td width=\"72\">\n<p style=\"text-align: center;\">3<\/p>\n<\/td>\n<td rowspan=\"2\" width=\"184\">\n<p style=\"text-align: center;\">DE LA FORMACI\u00d3N<\/p>\n<p style=\"text-align: center;\">DE FUNDAMENTO<\/p>\n<\/td>\n<\/tr>\n<tr>\n<td width=\"269\">Qu\u00edmica de los Alimentos<\/td>\n<td width=\"76\">\n<p style=\"text-align: center;\">Anual<\/p>\n<\/td>\n<td width=\"72\">4<\/td>\n<\/tr>\n<tr>\n<td width=\"269\">Microbiolog\u00eda de los Alimentos<\/td>\n<td width=\"76\">\n<p style=\"text-align: center;\">Anual<\/p>\n<\/td>\n<td width=\"72\">\n<p style=\"text-align: center;\">4<\/p>\n<\/td>\n<td rowspan=\"3\" width=\"184\">\n<p style=\"text-align: center;\">DE LA FORMACI\u00d3N ESPEC\u00cdFICA<\/p>\n<\/td>\n<\/tr>\n<tr>\n<td width=\"269\">Bromatolog\u00eda I<\/td>\n<td width=\"76\">\n<p style=\"text-align: center;\">Anual<\/p>\n<\/td>\n<td width=\"72\">\n<p style=\"text-align: center;\">4<\/p>\n<\/td>\n<\/tr>\n<tr>\n<td width=\"269\">Laboratorio II: An\u00e1lisis de los Alimentos<\/td>\n<td width=\"76\">\n<p style=\"text-align: center;\">Anual<\/p>\n<\/td>\n<td width=\"72\">\n<p style=\"text-align: center;\">3<\/p>\n<\/td>\n<\/tr>\n<tr>\n<td width=\"269\">Pr\u00e1cticas Profesionalizantes I: Taller: Aproximaci\u00f3n al \u00c1mbito del An\u00e1lisis Bromatol\u00f3gico<\/td>\n<td width=\"76\">\n<p style=\"text-align: center;\">Anual<\/p>\n<\/td>\n<td width=\"72\">\n<p style=\"text-align: center;\">6<\/p>\n<\/td>\n<td width=\"184\">\n<p style=\"text-align: center;\">DE LA FORMACION\u00a0 EN LA PRACTICA PROFESIONAL<\/p>\n<\/td>\n<\/tr>\n<tr>\n<td colspan=\"4\" width=\"601\"><strong>\u00a0<\/strong><\/td>\n<\/tr>\n<tr>\n<td colspan=\"4\" width=\"601\">\n<p style=\"text-align: center;\"><strong>TERCER A\u00d1O<\/strong><\/p>\n<\/td>\n<\/tr>\n<tr>\n<td width=\"269\">Inform\u00e1tica<\/td>\n<td width=\"76\">\n<p style=\"text-align: center;\">Anual<\/p>\n<\/td>\n<td width=\"72\">\n<p style=\"text-align: center;\">4<\/p>\n<\/td>\n<td rowspan=\"2\" width=\"184\">\n<p style=\"text-align: center;\">DE LA FORMACI\u00d3N<\/p>\n<p style=\"text-align: center;\">DE FUNDAMENTO<\/p>\n<\/td>\n<\/tr>\n<tr>\n<td width=\"269\">Gesti\u00f3n de la Calidad<\/td>\n<td width=\"76\">\n<p style=\"text-align: center;\">Anual<\/p>\n<\/td>\n<td width=\"72\">\n<p style=\"text-align: center;\">4<\/p>\n<\/td>\n<\/tr>\n<tr>\n<td width=\"269\">Toxicolog\u00eda Alimentaria<\/td>\n<td width=\"76\">\n<p style=\"text-align: center;\">Anual<\/p>\n<\/td>\n<td width=\"72\">\n<p style=\"text-align: center;\">4<\/p>\n<\/td>\n<td rowspan=\"4\" width=\"184\">\n<p style=\"text-align: center;\">DE LA FORMACI\u00d3N ESPEC\u00cdFICA<\/p>\n<\/td>\n<\/tr>\n<tr>\n<td width=\"269\">Salud, Seguridad y Ambiente<\/td>\n<td width=\"76\">\n<p style=\"text-align: center;\">Anual<\/p>\n<\/td>\n<td width=\"72\">\n<p style=\"text-align: center;\">4<\/p>\n<\/td>\n<\/tr>\n<tr>\n<td width=\"269\">Bromatolog\u00eda II<\/td>\n<td width=\"76\">\n<p style=\"text-align: center;\">Anual<\/p>\n<\/td>\n<td width=\"72\">\n<p style=\"text-align: center;\">4<\/p>\n<\/td>\n<\/tr>\n<tr>\n<td width=\"269\">Laboratorio III: An\u00e1lisis de los Alimentos<\/td>\n<td width=\"76\">\n<p style=\"text-align: center;\">Anual<\/p>\n<\/td>\n<td width=\"72\">\n<p style=\"text-align: center;\">4<\/p>\n<\/td>\n<\/tr>\n<tr>\n<td width=\"269\">Pr\u00e1cticas Profesionalizantes II: Seminario: El Contexto de An\u00e1lisis de la Profesi\u00f3n<\/td>\n<td width=\"76\">\n<p style=\"text-align: center;\">Anual<\/p>\n<\/td>\n<td width=\"72\">\n<p style=\"text-align: center;\">6<\/p>\n<\/td>\n<td width=\"184\">\n<p style=\"text-align: center;\">DE LA FORMACION\u00a0 EN LA PRACTICA PROFESIONAL<\/p>\n<\/td>\n<\/tr>\n<tr>\n<td colspan=\"4\" width=\"601\">\n<p style=\"text-align: center;\"><strong>\u00a0<\/strong><\/p>\n<p style=\"text-align: center;\"><a href=\"https:\/\/inssanbernardo-cha.infd.edu.ar\/sitio\/plan-de-estudios-bromatologia\/\">Descargar Plan de Estudios pdf<\/a><\/p>\n<p style=\"text-align: center;\"><a href=\"https:\/\/inssanbernardo-cha.infd.edu.ar\/sitio\/plan-de-estudios-bromatologia\/\"><img decoding=\"async\" loading=\"lazy\" class=\"alignnone wp-image-729 size-full\" src=\"https:\/\/inssanbernardo-cha.infd.edu.ar\/sitio\/wp-content\/uploads\/2018\/06\/icono_pdf.gif\" alt=\"\" width=\"32\" height=\"32\" \/><\/a><\/p>\n<\/td>\n<\/tr>\n<\/tbody>\n<\/table>\n<p>&nbsp;<\/p>\n","protected":false},"excerpt":{"rendered":"<p>PROVINCIA DEL CHACO MINISTERIO DE EDUCACI\u00d3N, CULTURA, CIENCIA Y TECNOLOG\u00cdA INSTITUTO DE EDUCACI\u00d3N SUPERIOR \u201cSAN BERNARDO\u201d PLAN DE ESTUDIOS DENOMINACION DE LA CARRERA: Tecnicatura Superior en Bromatolog\u00eda TITULO A OTORGAR: T\u00e9cnico Superior en Bromatolog\u00eda DURACION DE LA CARRERA EN A\u00d1OS ACADEMICOS: 3 a\u00f1os &nbsp; Unidades Curriculares &nbsp; DURACI\u00d3N Horas C\u00e1tedras Semanales CAMPOS PRIMER A\u00d1O Ingl\u00e9s &#8230; <a title=\"Bromatolog\u00eda &#8211; Plan de Estudios\" class=\"read-more\" href=\"https:\/\/inssanbernardo-cha.infd.edu.ar\/sitio\/bromatologia-plan-de-estudios\/\" aria-label=\"More on Bromatolog\u00eda &#8211; Plan de Estudios\">[+]<\/a><\/p>\n","protected":false},"author":408,"featured_media":0,"parent":0,"menu_order":0,"comment_status":"closed","ping_status":"closed","template":"","meta":[],"acf":[],"_links":{"self":[{"href":"https:\/\/inssanbernardo-cha.infd.edu.ar\/sitio\/wp-json\/wp\/v2\/pages\/1255"}],"collection":[{"href":"https:\/\/inssanbernardo-cha.infd.edu.ar\/sitio\/wp-json\/wp\/v2\/pages"}],"about":[{"href":"https:\/\/inssanbernardo-cha.infd.edu.ar\/sitio\/wp-json\/wp\/v2\/types\/page"}],"author":[{"embeddable":true,"href":"https:\/\/inssanbernardo-cha.infd.edu.ar\/sitio\/wp-json\/wp\/v2\/users\/408"}],"replies":[{"embeddable":true,"href":"https:\/\/inssanbernardo-cha.infd.edu.ar\/sitio\/wp-json\/wp\/v2\/comments?post=1255"}],"version-history":[{"count":4,"href":"https:\/\/inssanbernardo-cha.infd.edu.ar\/sitio\/wp-json\/wp\/v2\/pages\/1255\/revisions"}],"predecessor-version":[{"id":1270,"href":"https:\/\/inssanbernardo-cha.infd.edu.ar\/sitio\/wp-json\/wp\/v2\/pages\/1255\/revisions\/1270"}],"wp:attachment":[{"href":"https:\/\/inssanbernardo-cha.infd.edu.ar\/sitio\/wp-json\/wp\/v2\/media?parent=1255"}],"curies":[{"name":"wp","href":"https:\/\/api.w.org\/{rel}","templated":true}]}}