{"id":1648,"date":"2020-03-22T13:04:30","date_gmt":"2020-03-22T16:04:30","guid":{"rendered":"https:\/\/inssanbernardo-cha.infd.edu.ar\/sitio\/?page_id=1648"},"modified":"2020-04-08T17:58:29","modified_gmt":"2020-04-08T20:58:29","slug":"inscripciones-ano-2020","status":"publish","type":"page","link":"https:\/\/inssanbernardo-cha.infd.edu.ar\/sitio\/inscripciones-ano-2020\/","title":{"rendered":"INSCRIPCIONES A\u00d1O 2020"},"content":{"rendered":"<h2><span style=\"color: #0000ff;\"><strong><img decoding=\"async\" loading=\"lazy\" class=\"alignnone wp-image-1657\" src=\"https:\/\/inssanbernardo-cha.infd.edu.ar\/sitio\/wp-content\/uploads\/2020\/03\/56-563173_arrow-png-transparent-images-png-all-flecha-ubicacion.jpg\" alt=\"\" width=\"68\" height=\"38\" \/>Para Ingresantes a Primer A\u00f1o de las Carreras dictadas en el I.E.S. San Bernardo para el presente A\u00f1o Lectivo<\/strong><\/span><\/h2>\n<p style=\"text-align: center;\"><strong><em>Importante<\/em><\/strong>: Corrobora tus datos antes de pulsar enviar.<\/p>\n<p style=\"text-align: center;\"><img decoding=\"async\" loading=\"lazy\" class=\"alignnone wp-image-1658\" src=\"https:\/\/inssanbernardo-cha.infd.edu.ar\/sitio\/wp-content\/uploads\/2020\/03\/click_aqui.jpg\" alt=\"\" width=\"325\" height=\"114\" \/><\/p>\n<p style=\"text-align: center;\"><img decoding=\"async\" loading=\"lazy\" class=\"alignnone wp-image-1682\" src=\"https:\/\/inssanbernardo-cha.infd.edu.ar\/sitio\/wp-content\/uploads\/2020\/03\/Carreras-2020-707x1000.jpg\" alt=\"\" width=\"500\" height=\"707\" srcset=\"https:\/\/inssanbernardo-cha.infd.edu.ar\/sitio\/wp-content\/uploads\/2020\/03\/Carreras-2020-707x1000.jpg 707w, https:\/\/inssanbernardo-cha.infd.edu.ar\/sitio\/wp-content\/uploads\/2020\/03\/Carreras-2020-768x1086.jpg 768w, https:\/\/inssanbernardo-cha.infd.edu.ar\/sitio\/wp-content\/uploads\/2020\/03\/Carreras-2020.jpg 794w\" sizes=\"(max-width: 500px) 100vw, 500px\" \/><\/p>\n<h1><span style=\"color: #0000ff;\"><strong><img decoding=\"async\" loading=\"lazy\" class=\"alignnone wp-image-1657\" src=\"https:\/\/inssanbernardo-cha.infd.edu.ar\/sitio\/wp-content\/uploads\/2020\/03\/56-563173_arrow-png-transparent-images-png-all-flecha-ubicacion.jpg\" alt=\"\" width=\"68\" height=\"38\" \/><span style=\"color: #008000;\">Para Inscribirse a las Unidades Curriculares de Carreras dictadas en el I.E.S. San Bernardo para el presente A\u00f1o Lectivo<\/span><\/strong><\/span><\/h1>\n<p style=\"text-align: center;\"><strong><em>Importante<\/em><\/strong>: Lee con atenci\u00f3n lo siguiente:<\/p>\n<p>A- Solo debes inscribirte en las unidades curriculares del a\u00f1o que cursar\u00e1s, salvo que el sistema de correlatividad no permita, o que debas <strong>recursar<\/strong> unidades curriculares de otros a\u00f1os.<\/p>\n<p>B- En las unidades curriculares de los a\u00f1os que no cursar\u00e1s deber\u00e1s optar y tildar las siguientes opciones: *<strong>Las he cursado<\/strong> o *<strong>Las cursar\u00e9 en el pr\u00f3ximo a\u00f1o<\/strong>.<\/p>\n<h3><img decoding=\"async\" loading=\"lazy\" class=\"alignnone wp-image-1660\" src=\"https:\/\/inssanbernardo-cha.infd.edu.ar\/sitio\/wp-content\/uploads\/2020\/03\/flecha_verde.jpg\" alt=\"\" width=\"38\" height=\"38\" \/>Profesorado para la Educaci\u00f3n Secundaria en F\u00edsica &#8211; IES \u00abSan Bernardo\u00bb<\/h3>\n<p><img decoding=\"async\" loading=\"lazy\" class=\"wp-image-1674 aligncenter\" src=\"https:\/\/inssanbernardo-cha.infd.edu.ar\/sitio\/wp-content\/uploads\/2020\/03\/F\u00edsica.jpg\" alt=\"\" width=\"154\" height=\"157\" \/><img decoding=\"async\" loading=\"lazy\" class=\"aligncenter wp-image-1658\" src=\"https:\/\/inssanbernardo-cha.infd.edu.ar\/sitio\/wp-content\/uploads\/2020\/03\/click_aqui.jpg\" alt=\"\" width=\"217\" height=\"76\" \/><\/p>\n<h3><img decoding=\"async\" loading=\"lazy\" class=\"alignnone wp-image-1660\" src=\"https:\/\/inssanbernardo-cha.infd.edu.ar\/sitio\/wp-content\/uploads\/2020\/03\/flecha_verde.jpg\" alt=\"\" width=\"38\" height=\"38\" \/>Profesorado para la Educaci\u00f3n Inicial &#8211; IES \u00abSan Bernardo\u00bb<\/h3>\n<p><img decoding=\"async\" loading=\"lazy\" class=\"wp-image-1675 aligncenter\" src=\"https:\/\/inssanbernardo-cha.infd.edu.ar\/sitio\/wp-content\/uploads\/2020\/03\/Nivel_Inicial.jpg\" alt=\"\" width=\"151\" height=\"155\" \/><\/p>\n<p><img decoding=\"async\" loading=\"lazy\" class=\"aligncenter wp-image-1658\" src=\"https:\/\/inssanbernardo-cha.infd.edu.ar\/sitio\/wp-content\/uploads\/2020\/03\/click_aqui.jpg\" alt=\"\" width=\"217\" height=\"76\" \/><\/p>\n<h3><img decoding=\"async\" loading=\"lazy\" class=\"alignnone wp-image-1660\" src=\"https:\/\/inssanbernardo-cha.infd.edu.ar\/sitio\/wp-content\/uploads\/2020\/03\/flecha_verde.jpg\" alt=\"\" width=\"38\" height=\"38\" \/>Profesorado para la Formaci\u00f3n Docente en Bibliotecolog\u00eda &#8211; IES \u00abSan Bernardo\u00bb<\/h3>\n<p><img decoding=\"async\" loading=\"lazy\" class=\"wp-image-1676 aligncenter\" src=\"https:\/\/inssanbernardo-cha.infd.edu.ar\/sitio\/wp-content\/uploads\/2020\/03\/Bibliotecolog\u00eda.jpg\" alt=\"\" width=\"151\" height=\"155\" \/><\/p>\n<p><img decoding=\"async\" loading=\"lazy\" class=\"aligncenter wp-image-1658\" src=\"https:\/\/inssanbernardo-cha.infd.edu.ar\/sitio\/wp-content\/uploads\/2020\/03\/click_aqui.jpg\" alt=\"\" width=\"217\" height=\"76\" \/><\/p>\n<h3><img decoding=\"async\" loading=\"lazy\" class=\"alignnone wp-image-1660\" src=\"https:\/\/inssanbernardo-cha.infd.edu.ar\/sitio\/wp-content\/uploads\/2020\/03\/flecha_verde.jpg\" alt=\"\" width=\"38\" height=\"38\" \/>Profesorado para la Educaci\u00f3n Secundaria en Geograf\u00eda &#8211; IES \u00abSan Bernardo\u00bb<\/h3>\n<p><img decoding=\"async\" loading=\"lazy\" class=\"wp-image-1677 aligncenter\" src=\"https:\/\/inssanbernardo-cha.infd.edu.ar\/sitio\/wp-content\/uploads\/2020\/03\/Geograf\u00eda.jpg\" alt=\"\" width=\"151\" height=\"155\" \/><\/p>\n<p><img decoding=\"async\" loading=\"lazy\" class=\"aligncenter wp-image-1658\" src=\"https:\/\/inssanbernardo-cha.infd.edu.ar\/sitio\/wp-content\/uploads\/2020\/03\/click_aqui.jpg\" alt=\"\" width=\"217\" height=\"76\" \/><\/p>\n<h3><img decoding=\"async\" loading=\"lazy\" class=\"alignnone wp-image-1660\" src=\"https:\/\/inssanbernardo-cha.infd.edu.ar\/sitio\/wp-content\/uploads\/2020\/03\/flecha_verde.jpg\" alt=\"\" width=\"38\" height=\"38\" \/>Tecnicatura Superior en Bromatolog\u00eda &#8211; IES \u00abSan Bernardo\u00bb<\/h3>\n<p><img decoding=\"async\" loading=\"lazy\" class=\"wp-image-1678 aligncenter\" src=\"https:\/\/inssanbernardo-cha.infd.edu.ar\/sitio\/wp-content\/uploads\/2020\/03\/Bromatolog\u00eda.jpg\" alt=\"\" width=\"248\" height=\"120\" \/><\/p>\n<p><img decoding=\"async\" loading=\"lazy\" class=\"aligncenter wp-image-1658\" src=\"https:\/\/inssanbernardo-cha.infd.edu.ar\/sitio\/wp-content\/uploads\/2020\/03\/click_aqui.jpg\" alt=\"\" width=\"217\" height=\"76\" \/><\/p>\n<p style=\"text-align: center;\">\n","protected":false},"excerpt":{"rendered":"<p>Para Ingresantes a Primer A\u00f1o de las Carreras dictadas en el I.E.S. San Bernardo para el presente A\u00f1o Lectivo Importante: Corrobora tus datos antes de pulsar enviar. Para Inscribirse a las Unidades Curriculares de Carreras dictadas en el I.E.S. San Bernardo para el presente A\u00f1o Lectivo Importante: Lee con atenci\u00f3n lo siguiente: A- Solo debes &#8230; <a title=\"INSCRIPCIONES A\u00d1O 2020\" class=\"read-more\" href=\"https:\/\/inssanbernardo-cha.infd.edu.ar\/sitio\/inscripciones-ano-2020\/\" aria-label=\"More on INSCRIPCIONES A\u00d1O 2020\">[+]<\/a><\/p>\n","protected":false},"author":408,"featured_media":0,"parent":0,"menu_order":0,"comment_status":"closed","ping_status":"closed","template":"","meta":[],"acf":[],"_links":{"self":[{"href":"https:\/\/inssanbernardo-cha.infd.edu.ar\/sitio\/wp-json\/wp\/v2\/pages\/1648"}],"collection":[{"href":"https:\/\/inssanbernardo-cha.infd.edu.ar\/sitio\/wp-json\/wp\/v2\/pages"}],"about":[{"href":"https:\/\/inssanbernardo-cha.infd.edu.ar\/sitio\/wp-json\/wp\/v2\/types\/page"}],"author":[{"embeddable":true,"href":"https:\/\/inssanbernardo-cha.infd.edu.ar\/sitio\/wp-json\/wp\/v2\/users\/408"}],"replies":[{"embeddable":true,"href":"https:\/\/inssanbernardo-cha.infd.edu.ar\/sitio\/wp-json\/wp\/v2\/comments?post=1648"}],"version-history":[{"count":38,"href":"https:\/\/inssanbernardo-cha.infd.edu.ar\/sitio\/wp-json\/wp\/v2\/pages\/1648\/revisions"}],"predecessor-version":[{"id":1704,"href":"https:\/\/inssanbernardo-cha.infd.edu.ar\/sitio\/wp-json\/wp\/v2\/pages\/1648\/revisions\/1704"}],"wp:attachment":[{"href":"https:\/\/inssanbernardo-cha.infd.edu.ar\/sitio\/wp-json\/wp\/v2\/media?parent=1648"}],"curies":[{"name":"wp","href":"https:\/\/api.w.org\/{rel}","templated":true}]}}