{"id":1816,"date":"2020-04-18T18:31:43","date_gmt":"2020-04-18T21:31:43","guid":{"rendered":"https:\/\/inssanbernardo-cha.infd.edu.ar\/sitio\/?page_id=1816"},"modified":"2020-06-05T19:19:11","modified_gmt":"2020-06-05T22:19:11","slug":"generar-usuario-y-clave-acceso-al-campus-virtual","status":"publish","type":"page","link":"https:\/\/inssanbernardo-cha.infd.edu.ar\/sitio\/generar-usuario-y-clave-acceso-al-campus-virtual\/","title":{"rendered":"Generar Usuario y Clave de acceso al Campus Virtual &#8211; Carreras"},"content":{"rendered":"<h4><span style=\"color: #000000;\"><strong><img decoding=\"async\" loading=\"lazy\" class=\"alignnone wp-image-1657\" src=\"https:\/\/inssanbernardo-cha.infd.edu.ar\/sitio\/wp-content\/uploads\/2020\/03\/56-563173_arrow-png-transparent-images-png-all-flecha-ubicacion.jpg\" alt=\"\" width=\"43\" height=\"24\" \/>Alumnos Ingresantes a los Profesorados para la Educaci\u00f3n Secundaria en <span style=\"color: #993366;\">LENGUA Y LITERATURA<\/span>; <span style=\"color: #339966;\">FISICA<\/span> Y Para la <span style=\"color: #33cccc;\">EDUCACI\u00d3N INICIAL<\/span>. \u00a0&#8211;\u00a0<\/strong><strong>I.E.S. San Bernardo A\u00f1o 2020<\/strong><\/span><\/h4>\n<h3 style=\"text-align: center;\"><span style=\"color: #800000;\"><strong><em>Importante<\/em><\/strong>:<\/span> Antes de Inscribirte, lee con atenci\u00f3n el siguiente tutorial:<\/h3>\n<p><span style=\"color: #0000ff;\"><strong>Una vez que accediste al link (se encuentra al final de esta p\u00e1gina), sigue los siguientes pasos:<\/strong><\/span><\/p>\n<p><strong>Paso 1<\/strong><\/p>\n<p><img decoding=\"async\" loading=\"lazy\" class=\"alignnone size-full wp-image-1865\" src=\"https:\/\/inssanbernardo-cha.infd.edu.ar\/sitio\/wp-content\/uploads\/2020\/06\/Catalogo1.jpg\" alt=\"\" width=\"501\" height=\"167\" srcset=\"https:\/\/inssanbernardo-cha.infd.edu.ar\/sitio\/wp-content\/uploads\/2020\/06\/Catalogo1.jpg 501w, https:\/\/inssanbernardo-cha.infd.edu.ar\/sitio\/wp-content\/uploads\/2020\/06\/Catalogo1-500x167.jpg 500w\" sizes=\"(max-width: 501px) 100vw, 501px\" \/><\/p>\n<p><strong>Paso 2<\/strong><\/p>\n<p><img decoding=\"async\" loading=\"lazy\" class=\"alignnone size-full wp-image-1866\" src=\"https:\/\/inssanbernardo-cha.infd.edu.ar\/sitio\/wp-content\/uploads\/2020\/06\/Catalogo2.jpg\" alt=\"\" width=\"499\" height=\"171\" \/><\/p>\n<p><strong>Paso 3 &#8211; Escribe tus datos<\/strong><\/p>\n<p><img decoding=\"async\" loading=\"lazy\" class=\"alignnone size-full wp-image-1867\" src=\"https:\/\/inssanbernardo-cha.infd.edu.ar\/sitio\/wp-content\/uploads\/2020\/06\/Catalogo3.jpg\" alt=\"\" width=\"500\" height=\"443\" \/><\/p>\n<p><strong>Paso 4 &#8211; Aparecer\u00e1 la siguiente leyenda<\/strong><\/p>\n<p><img decoding=\"async\" loading=\"lazy\" class=\"alignnone size-full wp-image-1868\" src=\"https:\/\/inssanbernardo-cha.infd.edu.ar\/sitio\/wp-content\/uploads\/2020\/06\/Catalogo4.jpg\" alt=\"\" width=\"495\" height=\"267\" \/><\/p>\n<p><strong>Paso 5 &#8211;\u00a0Ingresa al correo electr\u00f3nico y presiona el bot\u00f3n siguiente<\/strong><\/p>\n<p><img decoding=\"async\" loading=\"lazy\" class=\"alignnone wp-image-1869\" src=\"https:\/\/inssanbernardo-cha.infd.edu.ar\/sitio\/wp-content\/uploads\/2020\/06\/Catalogo5.jpg\" alt=\"\" width=\"493\" height=\"176\" srcset=\"https:\/\/inssanbernardo-cha.infd.edu.ar\/sitio\/wp-content\/uploads\/2020\/06\/Catalogo5.jpg 933w, https:\/\/inssanbernardo-cha.infd.edu.ar\/sitio\/wp-content\/uploads\/2020\/06\/Catalogo5-768x274.jpg 768w\" sizes=\"(max-width: 493px) 100vw, 493px\" \/><\/p>\n<p><strong>Paso 6 &#8211; Escribe tu clave<\/strong><\/p>\n<p><img decoding=\"async\" loading=\"lazy\" class=\"alignnone wp-image-1870\" src=\"https:\/\/inssanbernardo-cha.infd.edu.ar\/sitio\/wp-content\/uploads\/2020\/06\/Catalogo6.jpg\" alt=\"\" width=\"252\" height=\"270\" \/><\/p>\n<p><strong>Paso 7 &#8211;\u00a0Una vez que ingresaste al campus, ingresa al aula \u00abpasen y vean\u00bb&#8230;<\/strong><\/p>\n<p><img decoding=\"async\" loading=\"lazy\" class=\"alignnone size-full wp-image-1872\" src=\"https:\/\/inssanbernardo-cha.infd.edu.ar\/sitio\/wp-content\/uploads\/2020\/06\/Catalogo6-3.jpg\" alt=\"\" width=\"455\" height=\"421\" \/><\/p>\n<p>Para generar <strong>Usuario<\/strong> y <strong>Clave<\/strong> de acceso: \u00a0<a href=\"https:\/\/inssanbernardo-cha.infd.edu.ar\/aula\/catalogo.cgi?wAccion=oferta_view&amp;oferta_id=197\"><img decoding=\"async\" loading=\"lazy\" class=\"alignnone wp-image-1658\" src=\"https:\/\/inssanbernardo-cha.infd.edu.ar\/sitio\/wp-content\/uploads\/2020\/03\/click_aqui.jpg\" alt=\"\" width=\"132\" height=\"46\" \/><\/a><\/p>\n<h4><img decoding=\"async\" loading=\"lazy\" class=\"alignnone wp-image-1660\" src=\"https:\/\/inssanbernardo-cha.infd.edu.ar\/sitio\/wp-content\/uploads\/2020\/03\/flecha_verde.jpg\" alt=\"\" width=\"38\" height=\"38\" \/>\u00a0Pronto podr\u00e1s inscribirte a las <strong>unidades curriculares para la carrera elegida.<\/strong><\/h4>\n","protected":false},"excerpt":{"rendered":"<p>Alumnos Ingresantes a los Profesorados para la Educaci\u00f3n Secundaria en LENGUA Y LITERATURA; FISICA Y Para la EDUCACI\u00d3N INICIAL. \u00a0&#8211;\u00a0I.E.S. San Bernardo A\u00f1o 2020 Importante: Antes de Inscribirte, lee con atenci\u00f3n el siguiente tutorial: Una vez que accediste al link (se encuentra al final de esta p\u00e1gina), sigue los siguientes pasos: Paso 1 Paso 2 &#8230; <a title=\"Generar Usuario y Clave de acceso al Campus Virtual &#8211; Carreras\" class=\"read-more\" href=\"https:\/\/inssanbernardo-cha.infd.edu.ar\/sitio\/generar-usuario-y-clave-acceso-al-campus-virtual\/\" aria-label=\"More on Generar Usuario y Clave de acceso al Campus Virtual &#8211; Carreras\">[+]<\/a><\/p>\n","protected":false},"author":408,"featured_media":0,"parent":0,"menu_order":0,"comment_status":"closed","ping_status":"closed","template":"","meta":[],"acf":[],"_links":{"self":[{"href":"https:\/\/inssanbernardo-cha.infd.edu.ar\/sitio\/wp-json\/wp\/v2\/pages\/1816"}],"collection":[{"href":"https:\/\/inssanbernardo-cha.infd.edu.ar\/sitio\/wp-json\/wp\/v2\/pages"}],"about":[{"href":"https:\/\/inssanbernardo-cha.infd.edu.ar\/sitio\/wp-json\/wp\/v2\/types\/page"}],"author":[{"embeddable":true,"href":"https:\/\/inssanbernardo-cha.infd.edu.ar\/sitio\/wp-json\/wp\/v2\/users\/408"}],"replies":[{"embeddable":true,"href":"https:\/\/inssanbernardo-cha.infd.edu.ar\/sitio\/wp-json\/wp\/v2\/comments?post=1816"}],"version-history":[{"count":14,"href":"https:\/\/inssanbernardo-cha.infd.edu.ar\/sitio\/wp-json\/wp\/v2\/pages\/1816\/revisions"}],"predecessor-version":[{"id":1876,"href":"https:\/\/inssanbernardo-cha.infd.edu.ar\/sitio\/wp-json\/wp\/v2\/pages\/1816\/revisions\/1876"}],"wp:attachment":[{"href":"https:\/\/inssanbernardo-cha.infd.edu.ar\/sitio\/wp-json\/wp\/v2\/media?parent=1816"}],"curies":[{"name":"wp","href":"https:\/\/api.w.org\/{rel}","templated":true}]}}