{"id":1852,"date":"2020-05-16T12:23:59","date_gmt":"2020-05-16T15:23:59","guid":{"rendered":"https:\/\/inssanbernardo-cha.infd.edu.ar\/sitio\/?page_id=1852"},"modified":"2020-05-18T17:47:43","modified_gmt":"2020-05-18T20:47:43","slug":"declaracion-jurada-para-el-cursado-de-unidades-curriculares","status":"publish","type":"page","link":"https:\/\/inssanbernardo-cha.infd.edu.ar\/sitio\/declaracion-jurada-para-el-cursado-de-unidades-curriculares\/","title":{"rendered":"Declaraci\u00f3n Jurada para el Cursado de Unidades Curriculares"},"content":{"rendered":"<h3 style=\"text-align: center;\"><strong><span style=\"color: #008000;\"><u>Estimados Estudiantes que cursan Unidades Curriculares de 2\u00b0 a 4\u00b0 A\u00f1o<\/u><\/span><\/strong><\/h3>\n<h4>Accediendo al Link que se encuentra a continuaci\u00f3n, podr\u00e1n descargar para completar una <strong>Declaraci\u00f3n Jurada<\/strong> para cursar como <strong>ALUMNO CONDICIONAL<\/strong>, sin requisitos de correlatividad, hasta que finalice la Emergencia Sanitaria y el Aislamiento Social y Obligatorio y\u00a0 puedan rendir los ex\u00e1menes finales pendientes del TURNO MARZO 2020.<\/h4>\n<h4>La entrega de esta Declaraci\u00f3n Jurada para estudiantes, que no re\u00fanen requisitos de correlatividad para cursar, es OBLIGATORIA.<\/h4>\n<h4>En caso de no ser completada, y de no reunir los requisitos establecidos por la Resoluci\u00f3n vigente, ser\u00e1n desactivados del aula respectiva.<\/h4>\n<p><strong>Descargar\u00a0<a href=\"https:\/\/inssanbernardo-cha.infd.edu.ar\/sitio\/wp-content\/uploads\/2020\/05\/Declaraci\u00f3n_Jurada_Alumnos-IES-San-Bernardo-1.docx\">Declaraci\u00f3n_Jurada_Alumnos-IES-San Bernardo<\/a><\/strong><\/p>\n","protected":false},"excerpt":{"rendered":"<p>Estimados Estudiantes que cursan Unidades Curriculares de 2\u00b0 a 4\u00b0 A\u00f1o Accediendo al Link que se encuentra a continuaci\u00f3n, podr\u00e1n descargar para completar una Declaraci\u00f3n Jurada para cursar como ALUMNO CONDICIONAL, sin requisitos de correlatividad, hasta que finalice la Emergencia Sanitaria y el Aislamiento Social y Obligatorio y\u00a0 puedan rendir los ex\u00e1menes finales pendientes del &#8230; <a title=\"Declaraci\u00f3n Jurada para el Cursado de Unidades Curriculares\" class=\"read-more\" href=\"https:\/\/inssanbernardo-cha.infd.edu.ar\/sitio\/declaracion-jurada-para-el-cursado-de-unidades-curriculares\/\" aria-label=\"More on Declaraci\u00f3n Jurada para el Cursado de Unidades Curriculares\">[+]<\/a><\/p>\n","protected":false},"author":408,"featured_media":0,"parent":0,"menu_order":0,"comment_status":"closed","ping_status":"closed","template":"","meta":[],"acf":[],"_links":{"self":[{"href":"https:\/\/inssanbernardo-cha.infd.edu.ar\/sitio\/wp-json\/wp\/v2\/pages\/1852"}],"collection":[{"href":"https:\/\/inssanbernardo-cha.infd.edu.ar\/sitio\/wp-json\/wp\/v2\/pages"}],"about":[{"href":"https:\/\/inssanbernardo-cha.infd.edu.ar\/sitio\/wp-json\/wp\/v2\/types\/page"}],"author":[{"embeddable":true,"href":"https:\/\/inssanbernardo-cha.infd.edu.ar\/sitio\/wp-json\/wp\/v2\/users\/408"}],"replies":[{"embeddable":true,"href":"https:\/\/inssanbernardo-cha.infd.edu.ar\/sitio\/wp-json\/wp\/v2\/comments?post=1852"}],"version-history":[{"count":5,"href":"https:\/\/inssanbernardo-cha.infd.edu.ar\/sitio\/wp-json\/wp\/v2\/pages\/1852\/revisions"}],"predecessor-version":[{"id":1860,"href":"https:\/\/inssanbernardo-cha.infd.edu.ar\/sitio\/wp-json\/wp\/v2\/pages\/1852\/revisions\/1860"}],"wp:attachment":[{"href":"https:\/\/inssanbernardo-cha.infd.edu.ar\/sitio\/wp-json\/wp\/v2\/media?parent=1852"}],"curies":[{"name":"wp","href":"https:\/\/api.w.org\/{rel}","templated":true}]}}