{"id":1916,"date":"2021-12-04T20:32:20","date_gmt":"2021-12-04T23:32:20","guid":{"rendered":"https:\/\/inssanbernardo-cha.infd.edu.ar\/sitio\/?page_id=1916"},"modified":"2021-12-06T21:35:58","modified_gmt":"2021-12-07T00:35:58","slug":"profesorado-en-lengua-y-literatura-plan-de-estudios","status":"publish","type":"page","link":"https:\/\/inssanbernardo-cha.infd.edu.ar\/sitio\/profesorado-en-lengua-y-literatura-plan-de-estudios\/","title":{"rendered":"Profesorado en Lengua y Literatura &#8211; Plan de Estudios"},"content":{"rendered":"<h6><img decoding=\"async\" loading=\"lazy\" class=\"wp-image-1083 alignleft\" src=\"https:\/\/inssanbernardo-cha.infd.edu.ar\/sitio\/wp-content\/uploads\/2019\/05\/LOGO-IES-2018.jpg\" alt=\"\" width=\"139\" height=\"103\" \/>\u00a0PROVINCIA DEL CHACO<\/h6>\n<h6>MINISTERIO DE EDUCACI\u00d3N, CULTURA, CIENCIA Y TECNOLOG\u00cdA<\/h6>\n<h6>INSTITUTO DE EDUCACI\u00d3N SUPERIOR \u201cSAN BERNARDO\u201d<\/h6>\n<hr \/>\n<h6><img decoding=\"async\" loading=\"lazy\" class=\" wp-image-1920 aligncenter\" src=\"https:\/\/inssanbernardo-cha.infd.edu.ar\/sitio\/wp-content\/uploads\/2021\/12\/Lengua.jpeg\" alt=\"\" width=\"590\" height=\"495\" srcset=\"https:\/\/inssanbernardo-cha.infd.edu.ar\/sitio\/wp-content\/uploads\/2021\/12\/Lengua.jpeg 940w, https:\/\/inssanbernardo-cha.infd.edu.ar\/sitio\/wp-content\/uploads\/2021\/12\/Lengua-768x644.jpeg 768w\" sizes=\"(max-width: 590px) 100vw, 590px\" \/><\/h6>\n<h3 style=\"text-align: center;\"><strong><u>PLAN DE ESTUDIOS<\/u><\/strong><\/h3>\n<h4><strong>DENOMINACION DE LA CARRERA: <span style=\"color: #003366;\">Profesorado para la Educaci\u00f3n Secundaria en Lengua y Literatura<\/span><\/strong><\/h4>\n<h4><strong>TITULO A OTORGAR: <span style=\"color: #003366;\">Profesor\/a de Educaci\u00f3n Secundaria en Lengua y Literatura<\/span><\/strong><\/h4>\n<h4><strong>DURACION DE LA CARRERA EN A\u00d1OS ACADEMICOS: <span style=\"color: #003366;\">4 a\u00f1os<\/span><\/strong><\/h4>\n<table style=\"height: 2904px;\" width=\"1001\">\n<tbody>\n<tr>\n<td width=\"227\">\n<p>&nbsp;<\/p>\n<p><strong>Unidades Curriculares<\/strong><\/p>\n<\/td>\n<td width=\"123\">\n<p><strong>R\u00e9gimen<\/strong> <strong>de Cursado<\/strong><\/p>\n<\/td>\n<td width=\"85\">\n<p><strong>Horas C\u00e1tedra semanales<\/strong><\/p>\n<\/td>\n<td width=\"113\">\n<p><strong>Formato de las Unidades Curriculares<\/strong><\/p>\n<\/td>\n<td width=\"161\">\n<p><strong>Campos de la Formaci\u00f3n<\/strong><\/p>\n<\/td>\n<\/tr>\n<tr>\n<td colspan=\"5\" width=\"709\">\n<p><strong>Primer<\/strong> <strong>A\u00f1o<\/strong><\/p>\n<\/td>\n<\/tr>\n<tr>\n<td width=\"227\">\n<p>Pedagog\u00eda<\/p>\n<\/td>\n<td width=\"123\">\n<p>Anual<\/p>\n<\/td>\n<td width=\"85\">\n<p>4 hs.<\/p>\n<\/td>\n<td width=\"113\">\n<p>Asignatura<\/p>\n<\/td>\n<td rowspan=\"3\" width=\"161\">\n<p>&nbsp;<\/p>\n<p>DE LA FORMACI\u00d3N GENERAL<\/p>\n<\/td>\n<\/tr>\n<tr>\n<td width=\"227\">\n<p>Alfabetizaci\u00f3n Acad\u00e9mica<\/p>\n<\/td>\n<td width=\"123\">\n<p>Anual<\/p>\n<\/td>\n<td width=\"85\">\n<p>3 hs.<\/p>\n<\/td>\n<td width=\"113\">\n<p>Taller<\/p>\n<\/td>\n<\/tr>\n<tr>\n<td width=\"227\">\n<p>Did\u00e1ctica General<\/p>\n<\/td>\n<td width=\"123\">\n<p>Anual<\/p>\n<\/td>\n<td width=\"85\">\n<p>4 hs.<\/p>\n<\/td>\n<td width=\"113\">\n<p>Asignatura<\/p>\n<\/td>\n<\/tr>\n<tr>\n<td width=\"227\">\n<p>Literatura Cl\u00e1sica I<\/p>\n<\/td>\n<td width=\"123\">\n<p>1\u00b0 Cuatrimestre<\/p>\n<\/td>\n<td width=\"85\">\n<p>4 hs<\/p>\n<\/td>\n<td width=\"113\">\n<p>Materia<\/p>\n<\/td>\n<td rowspan=\"5\" width=\"161\">\n<p>&nbsp;<\/p>\n<p>DE LA FORMACI\u00d3N ESPEC\u00cdFICA<\/p>\n<\/td>\n<\/tr>\n<tr>\n<td width=\"227\">\n<p>Literatura Cl\u00e1sica II<\/p>\n<\/td>\n<td width=\"123\">\n<p>2\u00b0 Cuatrimestre<\/p>\n<\/td>\n<td width=\"85\">\n<p>&nbsp;<\/p>\n<\/td>\n<td width=\"113\">\n<p>Materia<\/p>\n<\/td>\n<\/tr>\n<tr>\n<td width=\"227\">\n<p>Taller de Introducci\u00f3n a los Estudios Literarios y Cr\u00edtica Literaria<\/p>\n<\/td>\n<td width=\"123\">\n<p>Anual<\/p>\n<\/td>\n<td width=\"85\">\n<p>4 hs.<\/p>\n<\/td>\n<td width=\"113\">\n<p>Taller<\/p>\n<\/td>\n<\/tr>\n<tr>\n<td width=\"227\">\n<p>Lengua I<\/p>\n<\/td>\n<td width=\"123\">\n<p>Anual<\/p>\n<\/td>\n<td width=\"85\">\n<p>4 hs.<\/p>\n<\/td>\n<td width=\"113\">\n<p>Asignatura<\/p>\n<\/td>\n<\/tr>\n<tr>\n<td width=\"227\">\n<p>Sujeto de la Educaci\u00f3n Secundaria<\/p>\n<\/td>\n<td width=\"123\">\n<p>Anual<\/p>\n<\/td>\n<td width=\"85\">\n<p>4 hs.<\/p>\n<\/td>\n<td width=\"113\">\n<p>Asignatura<\/p>\n<\/td>\n<\/tr>\n<tr>\n<td width=\"227\">\n<p>Pr\u00e1ctica Docente I.<\/p>\n<\/td>\n<td width=\"123\">\n<p>Anual<\/p>\n<\/td>\n<td width=\"85\">\n<p>5 hs.<\/p>\n<\/td>\n<td width=\"113\">\n<p>Pr\u00e1ctica Docente<\/p>\n<\/td>\n<td width=\"161\">\n<p>DE LA FORMACI\u00d3N EN LA PR\u00c1CTICA PROFESIONAL<\/p>\n<\/td>\n<\/tr>\n<tr>\n<td colspan=\"5\" width=\"709\">\n<p><strong>Segundo A\u00f1o<\/strong><\/p>\n<\/td>\n<\/tr>\n<tr>\n<td width=\"227\">\n<p>Psicolog\u00eda Educacional<\/p>\n<\/td>\n<td width=\"123\">\n<p>Anual<\/p>\n<\/td>\n<td width=\"85\">\n<p>3 hs.<\/p>\n<\/td>\n<td width=\"113\">\n<p>Asignatura<\/p>\n<\/td>\n<td rowspan=\"3\" width=\"161\">\n<p>&nbsp;<\/p>\n<p>DE LA FORMACI\u00d3N GENERAL<\/p>\n<\/td>\n<\/tr>\n<tr>\n<td width=\"227\">\n<p>Filosof\u00eda<\/p>\n<\/td>\n<td width=\"123\">\n<p>Anual<\/p>\n<\/td>\n<td width=\"85\">\n<p>3hs.<\/p>\n<\/td>\n<td width=\"113\">\n<p>Asignatura<\/p>\n<\/td>\n<\/tr>\n<tr>\n<td width=\"227\">\n<p>Tecnolog\u00eda de la informaci\u00f3n y de la comunicaci\u00f3n en Educaci\u00f3n.<\/p>\n<\/td>\n<td width=\"123\">\n<p>1er. Cuatrimestre<\/p>\n<\/td>\n<td width=\"85\">\n<p>3 hs.<\/p>\n<\/td>\n<td width=\"113\">\n<p>Taller<\/p>\n<\/td>\n<\/tr>\n<tr>\n<td width=\"227\">\n<p>Cultura y Lengua Originarias.<\/p>\n<\/td>\n<td width=\"123\">\n<p>2do. Cuatrimestre.<\/p>\n<\/td>\n<td width=\"85\">\n<p>3 hs.<\/p>\n<\/td>\n<td width=\"113\">\n<p>Taller<\/p>\n<\/td>\n<td rowspan=\"7\" width=\"161\">\n<p>&nbsp;<\/p>\n<p>&nbsp;<\/p>\n<p>&nbsp;<\/p>\n<p>DE LA FORMACI\u00d3N ESPEC\u00cdFICA<\/p>\n<\/td>\n<\/tr>\n<tr>\n<td width=\"227\">\n<p>Literatura comparada I<\/p>\n<\/td>\n<td width=\"123\">\n<p>1er. Cuatrimestre<\/p>\n<\/td>\n<td width=\"85\">\n<p>4 hs.<\/p>\n<\/td>\n<td width=\"113\">\n<p>Asignatura<\/p>\n<\/td>\n<\/tr>\n<tr>\n<td width=\"227\">\n<p>An\u00e1lisis del Discurso<\/p>\n<\/td>\n<td width=\"123\">\n<p>2do. Cuatrimestre.<\/p>\n<\/td>\n<td width=\"85\">\n<p>3 hs.<\/p>\n<\/td>\n<td width=\"113\">\n<p>Asignatura<\/p>\n<\/td>\n<\/tr>\n<tr>\n<td width=\"227\">\n<p>Ling\u00fc\u00edstica I<\/p>\n<\/td>\n<td width=\"123\">\n<p>Anual<\/p>\n<\/td>\n<td width=\"85\">\n<p>4 hs.<\/p>\n<\/td>\n<td width=\"113\">\n<p>Asignatura<\/p>\n<\/td>\n<\/tr>\n<tr>\n<td width=\"227\">\n<p>Literatura Argentina I<\/p>\n<\/td>\n<td width=\"123\">\n<p>Anual<\/p>\n<\/td>\n<td width=\"85\">\n<p>4 hs.<\/p>\n<\/td>\n<td width=\"113\">\n<p>Asignatura<\/p>\n<\/td>\n<\/tr>\n<tr>\n<td width=\"227\">\n<p>Taller de lectura, escritura y oralidad<\/p>\n<\/td>\n<td width=\"123\">\n<p>Anual<\/p>\n<\/td>\n<td width=\"85\">\n<p>3hs<\/p>\n<\/td>\n<td width=\"113\">\n<p>Taller<\/p>\n<\/td>\n<\/tr>\n<tr>\n<td width=\"227\">\n<p>Literatura para ni\u00f1os y j\u00f3venes.<\/p>\n<\/td>\n<td width=\"123\">\n<p>Anual<\/p>\n<\/td>\n<td width=\"85\">\n<p>4 hs<\/p>\n<\/td>\n<td width=\"113\">\n<p>Taller<\/p>\n<\/td>\n<\/tr>\n<tr>\n<td width=\"227\">\n<p>Pr\u00e1ctica Docente II<\/p>\n<\/td>\n<td width=\"123\">\n<p>Anual<\/p>\n<\/td>\n<td width=\"85\">\n<p>6 hs.<\/p>\n<\/td>\n<td width=\"113\">\n<p>Pr\u00e1ctica Docente<\/p>\n<\/td>\n<td width=\"161\">\n<p>DE LA FORMACI\u00d3N EN LA PR\u00c1CTICA PROFESIONAL<\/p>\n<\/td>\n<\/tr>\n<tr>\n<td colspan=\"5\" width=\"709\">\n<p><strong>Tercer<\/strong> <strong>A\u00f1o<\/strong><\/p>\n<\/td>\n<\/tr>\n<tr>\n<td width=\"227\">\n<p>Sociolog\u00eda de la Educaci\u00f3n<\/p>\n<\/td>\n<td width=\"123\">\n<p>Anual<\/p>\n<\/td>\n<td width=\"85\">\n<p>3 hs.<\/p>\n<\/td>\n<td width=\"113\">\n<p>Asignatura<\/p>\n<\/td>\n<td rowspan=\"2\" width=\"161\">\n<p>&nbsp;<\/p>\n<p>DE LA FORMACI\u00d3N GENERAL<\/p>\n<\/td>\n<\/tr>\n<tr>\n<td width=\"227\">\n<p>Historia y Pol\u00edtica e la Educaci\u00f3n Latinoamericana, Argentina y Chaque\u00f1a.<\/p>\n<\/td>\n<td width=\"123\">\n<p>Anual<\/p>\n<\/td>\n<td width=\"85\">\n<p>4hs.<\/p>\n<\/td>\n<td width=\"113\">\n<p>Asignatura<\/p>\n<\/td>\n<\/tr>\n<tr>\n<td width=\"227\">\n<p>Ling\u00fc\u00edstica II<\/p>\n<\/td>\n<td width=\"123\">\n<p>Anual<\/p>\n<\/td>\n<td width=\"85\">\n<p>4 hs.<\/p>\n<\/td>\n<td width=\"113\">\n<p>Asignatura<\/p>\n<\/td>\n<td rowspan=\"5\" width=\"161\">\n<p>&nbsp;<\/p>\n<p>&nbsp;<\/p>\n<p>&nbsp;<\/p>\n<p>&nbsp;<\/p>\n<p>DE LA FORMACI\u00d3N ESPEC\u00cdFICA<\/p>\n<\/td>\n<\/tr>\n<tr>\n<td width=\"227\">\n<p>Teor\u00eda Literaria<\/p>\n<\/td>\n<td width=\"123\">\n<p>Anual<\/p>\n<\/td>\n<td width=\"85\">\n<p>5 hs.<\/p>\n<\/td>\n<td width=\"113\">\n<p>Asignatura<\/p>\n<\/td>\n<\/tr>\n<tr>\n<td width=\"227\">\n<p>Did\u00e1ctica de la Lengua<\/p>\n<\/td>\n<td width=\"123\">\n<p>Anual<\/p>\n<\/td>\n<td width=\"85\">\n<p>4 hs.<\/p>\n<\/td>\n<td width=\"113\">\n<p>Asignatura<\/p>\n<\/td>\n<\/tr>\n<tr>\n<td width=\"227\">\n<p>Did\u00e1ctica de la Literatura<\/p>\n<\/td>\n<td width=\"123\">\n<p>Anual<\/p>\n<\/td>\n<td width=\"85\">\n<p>4 hs.<\/p>\n<\/td>\n<td width=\"113\">\n<p>Asignatura<\/p>\n<\/td>\n<\/tr>\n<tr>\n<td width=\"227\">\n<p>Literatura Argentina II<\/p>\n<\/td>\n<td width=\"123\">\n<p>Anual<\/p>\n<\/td>\n<td width=\"85\">\n<p>4 hs<\/p>\n<\/td>\n<td width=\"113\">\n<p>Asignatura<\/p>\n<\/td>\n<\/tr>\n<tr>\n<td width=\"227\">\n<p>Pr\u00e1ctica Docente III<\/p>\n<\/td>\n<td width=\"123\">\n<p>Anual<\/p>\n<\/td>\n<td width=\"85\">\n<p>7 hs.<\/p>\n<\/td>\n<td width=\"113\">\n<p>Pr\u00e1ctica Docente<\/p>\n<\/td>\n<td width=\"161\">\n<p>DE LA FORMACI\u00d3N EN LA PR\u00c1CTICA PROFESIONAL<\/p>\n<\/td>\n<\/tr>\n<tr>\n<td colspan=\"5\" width=\"709\">\n<p><strong>Cuarto<\/strong> <strong>A\u00f1o<\/strong><\/p>\n<\/td>\n<\/tr>\n<tr>\n<td width=\"227\">\n<p>Formaci\u00f3n en Derechos\u00a0 Humanos, \u00c9tica y Ciudadan\u00eda<\/p>\n<\/td>\n<td width=\"123\">\n<p>Anual<\/p>\n<\/td>\n<td width=\"85\">\n<p>4 hs.<\/p>\n<\/td>\n<td width=\"113\">\n<p>Asugnatura<\/p>\n<\/td>\n<td width=\"161\">\n<p>DE LA FORMACI\u00d3N GENERAL<\/p>\n<\/td>\n<\/tr>\n<tr>\n<td width=\"227\">\n<p>Lengua II<\/p>\n<\/td>\n<td width=\"123\">\n<p>Anual<\/p>\n<\/td>\n<td width=\"85\">\n<p>4 hs.<\/p>\n<\/td>\n<td width=\"113\">\n<p>Asignatura<\/p>\n<\/td>\n<td rowspan=\"4\" width=\"161\">\n<p>&nbsp;<\/p>\n<p>&nbsp;<\/p>\n<p>DE LA FORMACI\u00d3N ESPEC\u00cdFICA<\/p>\n<\/td>\n<\/tr>\n<tr>\n<td width=\"227\">\n<p>Literatura Latinoamericana<\/p>\n<\/td>\n<td width=\"123\">\n<p>Anual<\/p>\n<\/td>\n<td width=\"85\">\n<p>4 hs.<\/p>\n<\/td>\n<td width=\"113\">\n<p>Asignatura<\/p>\n<\/td>\n<\/tr>\n<tr>\n<td width=\"227\">\n<p>Literatura comparada II<\/p>\n<\/td>\n<td width=\"123\">\n<p>Anual<\/p>\n<\/td>\n<td width=\"85\">\n<p>4 hs.<\/p>\n<\/td>\n<td width=\"113\">\n<p>Asignatura<\/p>\n<\/td>\n<\/tr>\n<tr>\n<td width=\"227\">\n<p>Semi\u00f3tica y otros Discursos<\/p>\n<\/td>\n<td width=\"123\">\n<p>Anual<\/p>\n<\/td>\n<td width=\"85\">\n<p>4 hs.<\/p>\n<\/td>\n<td width=\"113\">\n<p>Asignatura<\/p>\n<\/td>\n<\/tr>\n<tr>\n<td width=\"227\">\n<p>Residencia Pedag\u00f3gica<\/p>\n<\/td>\n<td width=\"123\">\n<p>Anual<\/p>\n<\/td>\n<td width=\"85\">\n<p>8 hs.<\/p>\n<\/td>\n<td width=\"113\">\n<p>Residencia Pedag\u00f3gica<\/p>\n<\/td>\n<td width=\"161\">\n<p>DE LA FORMACI\u00d3N EN LA PR\u00c1CTICA PROFESIONAL<\/p>\n<\/td>\n<\/tr>\n<\/tbody>\n<\/table>\n<p style=\"text-align: center;\"><a href=\"https:\/\/inssanbernardo-cha.infd.edu.ar\/sitio\/wp-content\/uploads\/2021\/12\/RES._7608-14_PLAN_DE_ESTUDIOS__Lengua_y_Literatura.pdf\">RES._7608-14_PLAN_DE_ESTUDIOS__Lengua_y_Literatura<\/a>\u00a0<\/p>\n<p style=\"text-align: center;\"><a href=\"https:\/\/inssanbernardo-cha.infd.edu.ar\/sitio\/wp-content\/uploads\/2021\/12\/RES._7608-14_PLAN_DE_ESTUDIOS__Lengua_y_Literatura.pdf\"><img decoding=\"async\" loading=\"lazy\" class=\"alignnone wp-image-729 size-full\" src=\"https:\/\/inssanbernardo-cha.infd.edu.ar\/sitio\/wp-content\/uploads\/2018\/06\/icono_pdf.gif\" alt=\"\" width=\"32\" height=\"32\" \/><\/a><\/p>\n<p style=\"text-align: center;\"><a href=\"https:\/\/docs.google.com\/forms\/d\/e\/1FAIpQLSdLU_T9MDpNLYfT0Al7Q7_oaMn2_vgwFhi6j9Zw3ehrQ39TUg\/viewform\"><img decoding=\"async\" loading=\"lazy\" class=\"alignnone size-full wp-image-1981\" src=\"https:\/\/inssanbernardo-cha.infd.edu.ar\/sitio\/wp-content\/uploads\/2021\/12\/inscribite.jpg\" alt=\"\" width=\"323\" height=\"156\" \/><\/a><\/p>\n","protected":false},"excerpt":{"rendered":"<p>\u00a0PROVINCIA DEL CHACO MINISTERIO DE EDUCACI\u00d3N, CULTURA, CIENCIA Y TECNOLOG\u00cdA INSTITUTO DE EDUCACI\u00d3N SUPERIOR \u201cSAN BERNARDO\u201d PLAN DE ESTUDIOS DENOMINACION DE LA CARRERA: Profesorado para la Educaci\u00f3n Secundaria en Lengua y Literatura TITULO A OTORGAR: Profesor\/a de Educaci\u00f3n Secundaria en Lengua y Literatura DURACION DE LA CARRERA EN A\u00d1OS ACADEMICOS: 4 a\u00f1os &nbsp; Unidades Curriculares &#8230; <a title=\"Profesorado en Lengua y Literatura &#8211; Plan de Estudios\" class=\"read-more\" href=\"https:\/\/inssanbernardo-cha.infd.edu.ar\/sitio\/profesorado-en-lengua-y-literatura-plan-de-estudios\/\" aria-label=\"More on Profesorado en Lengua y Literatura &#8211; Plan de Estudios\">[+]<\/a><\/p>\n","protected":false},"author":408,"featured_media":0,"parent":0,"menu_order":0,"comment_status":"closed","ping_status":"closed","template":"","meta":[],"acf":[],"_links":{"self":[{"href":"https:\/\/inssanbernardo-cha.infd.edu.ar\/sitio\/wp-json\/wp\/v2\/pages\/1916"}],"collection":[{"href":"https:\/\/inssanbernardo-cha.infd.edu.ar\/sitio\/wp-json\/wp\/v2\/pages"}],"about":[{"href":"https:\/\/inssanbernardo-cha.infd.edu.ar\/sitio\/wp-json\/wp\/v2\/types\/page"}],"author":[{"embeddable":true,"href":"https:\/\/inssanbernardo-cha.infd.edu.ar\/sitio\/wp-json\/wp\/v2\/users\/408"}],"replies":[{"embeddable":true,"href":"https:\/\/inssanbernardo-cha.infd.edu.ar\/sitio\/wp-json\/wp\/v2\/comments?post=1916"}],"version-history":[{"count":14,"href":"https:\/\/inssanbernardo-cha.infd.edu.ar\/sitio\/wp-json\/wp\/v2\/pages\/1916\/revisions"}],"predecessor-version":[{"id":2015,"href":"https:\/\/inssanbernardo-cha.infd.edu.ar\/sitio\/wp-json\/wp\/v2\/pages\/1916\/revisions\/2015"}],"wp:attachment":[{"href":"https:\/\/inssanbernardo-cha.infd.edu.ar\/sitio\/wp-json\/wp\/v2\/media?parent=1916"}],"curies":[{"name":"wp","href":"https:\/\/api.w.org\/{rel}","templated":true}]}}