{"id":1922,"date":"2021-12-04T20:57:27","date_gmt":"2021-12-04T23:57:27","guid":{"rendered":"https:\/\/inssanbernardo-cha.infd.edu.ar\/sitio\/?page_id=1922"},"modified":"2021-12-04T21:13:01","modified_gmt":"2021-12-05T00:13:01","slug":"especializacion-docente-de-nivel-superior-en-la-ensenanza-en-entornos-virtuales","status":"publish","type":"page","link":"https:\/\/inssanbernardo-cha.infd.edu.ar\/sitio\/especializacion-docente-de-nivel-superior-en-la-ensenanza-en-entornos-virtuales\/","title":{"rendered":"Especializaci\u00f3n Docente de Nivel Superior en la Ense\u00f1anza en Entornos Virtuales"},"content":{"rendered":"<p style=\"text-align: center;\"><strong>M\u00f3dulo I: <span style=\"color: #00ccff;\">Introductorio: El Aula Virtual: Herramientas b\u00e1sicas para la capacitaci\u00f3n virtual a distancia<\/span><\/strong><\/p>\n<p>&nbsp;<\/p>\n<p style=\"text-align: center;\"><strong>M\u00f3dulo II: <span style=\"color: #00ccff;\">Los Entornos Virtuales de Aprendizajes: Aulas Virtuales &#8211; Clases Virtuales<\/span><\/strong><\/p>\n<div style=\"width: 100%;\">\n<div style=\"position: relative; padding-bottom: 56.25%; padding-top: 0; height: 0;\"><iframe loading=\"lazy\" style=\"position: absolute; top: 0; left: 0; width: 100%; height: 100%;\" src=\"https:\/\/view.genial.ly\/609fe87272150f0d1205fbbc\" width=\"900px\" height=\"375px\" frameborder=\"0\" scrolling=\"yes\" allowfullscreen=\"allowfullscreen\"><\/iframe><\/div>\n<\/div>\n<p>&nbsp;<\/p>\n<p style=\"text-align: center;\"><strong>M\u00f3dulo III: <span style=\"color: #00ccff;\">Gesti\u00f3n de la Clase Virtual en Ambientes Virtuales de Aprendizajes<\/span><\/strong><\/p>\n<div style=\"width: 100%;\">\n<div style=\"position: relative; padding-bottom: 56.25%; padding-top: 0; height: 0;\"><iframe loading=\"lazy\" style=\"position: absolute; top: 0; left: 0; width: 100%; height: 100%;\" src=\"https:\/\/view.genial.ly\/60a63db86451020db8fc94cd\" width=\"900px\" height=\"375px\" frameborder=\"0\" scrolling=\"yes\" allowfullscreen=\"allowfullscreen\"><\/iframe><\/div>\n<\/div>\n<p><strong>\u00a0<\/strong><\/p>\n<p style=\"text-align: center;\"><strong>M\u00f3dulo IV: <span style=\"color: #00ccff;\">Abordaje Pedag\u00f3gico-Did\u00e1ctico de la Redacci\u00f3n de Clases para el EVA<\/span><\/strong><\/p>\n<div style=\"width: 100%;\">\n<div style=\"position: relative; padding-bottom: 56.25%; padding-top: 0; height: 0;\"><iframe loading=\"lazy\" style=\"position: absolute; top: 0; left: 0; width: 100%; height: 100%;\" src=\"https:\/\/view.genial.ly\/60cc7a3ecd739e0d07b3f8a3\" width=\"900px\" height=\"375px\" frameborder=\"0\" scrolling=\"yes\" allowfullscreen=\"allowfullscreen\"><\/iframe><\/div>\n<\/div>\n<p>&nbsp;<\/p>\n<p style=\"text-align: center;\"><strong>M\u00f3dulo V: <span style=\"color: #00ccff;\">Dise\u00f1o de Actividades de Aprendizajes en los EVA<\/span><\/strong><\/p>\n<div style=\"width: 100%;\">\n<div style=\"position: relative; padding-bottom: 56.25%; padding-top: 0; height: 0;\"><iframe loading=\"lazy\" style=\"position: absolute; top: 0; left: 0; width: 100%; height: 100%;\" src=\"https:\/\/view.genial.ly\/60d5f32f0b2c410d146b8e24\" width=\"900px\" height=\"375px\" frameborder=\"0\" scrolling=\"yes\" allowfullscreen=\"allowfullscreen\"><\/iframe><\/div>\n<\/div>\n","protected":false},"excerpt":{"rendered":"<p>M\u00f3dulo I: Introductorio: El Aula Virtual: Herramientas b\u00e1sicas para la capacitaci\u00f3n virtual a distancia &nbsp; M\u00f3dulo II: Los Entornos Virtuales de Aprendizajes: Aulas Virtuales &#8211; Clases Virtuales &nbsp; M\u00f3dulo III: Gesti\u00f3n de la Clase Virtual en Ambientes Virtuales de Aprendizajes \u00a0 M\u00f3dulo IV: Abordaje Pedag\u00f3gico-Did\u00e1ctico de la Redacci\u00f3n de Clases para el EVA &nbsp; M\u00f3dulo &#8230; <a title=\"Especializaci\u00f3n Docente de Nivel Superior en la Ense\u00f1anza en Entornos Virtuales\" class=\"read-more\" href=\"https:\/\/inssanbernardo-cha.infd.edu.ar\/sitio\/especializacion-docente-de-nivel-superior-en-la-ensenanza-en-entornos-virtuales\/\" aria-label=\"More on Especializaci\u00f3n Docente de Nivel Superior en la Ense\u00f1anza en Entornos Virtuales\">[+]<\/a><\/p>\n","protected":false},"author":408,"featured_media":0,"parent":0,"menu_order":0,"comment_status":"closed","ping_status":"closed","template":"","meta":[],"acf":[],"_links":{"self":[{"href":"https:\/\/inssanbernardo-cha.infd.edu.ar\/sitio\/wp-json\/wp\/v2\/pages\/1922"}],"collection":[{"href":"https:\/\/inssanbernardo-cha.infd.edu.ar\/sitio\/wp-json\/wp\/v2\/pages"}],"about":[{"href":"https:\/\/inssanbernardo-cha.infd.edu.ar\/sitio\/wp-json\/wp\/v2\/types\/page"}],"author":[{"embeddable":true,"href":"https:\/\/inssanbernardo-cha.infd.edu.ar\/sitio\/wp-json\/wp\/v2\/users\/408"}],"replies":[{"embeddable":true,"href":"https:\/\/inssanbernardo-cha.infd.edu.ar\/sitio\/wp-json\/wp\/v2\/comments?post=1922"}],"version-history":[{"count":30,"href":"https:\/\/inssanbernardo-cha.infd.edu.ar\/sitio\/wp-json\/wp\/v2\/pages\/1922\/revisions"}],"predecessor-version":[{"id":1953,"href":"https:\/\/inssanbernardo-cha.infd.edu.ar\/sitio\/wp-json\/wp\/v2\/pages\/1922\/revisions\/1953"}],"wp:attachment":[{"href":"https:\/\/inssanbernardo-cha.infd.edu.ar\/sitio\/wp-json\/wp\/v2\/media?parent=1922"}],"curies":[{"name":"wp","href":"https:\/\/api.w.org\/{rel}","templated":true}]}}