{"id":1959,"date":"2021-12-04T21:25:22","date_gmt":"2021-12-05T00:25:22","guid":{"rendered":"https:\/\/inssanbernardo-cha.infd.edu.ar\/sitio\/?page_id=1959"},"modified":"2021-12-04T21:25:23","modified_gmt":"2021-12-05T00:25:23","slug":"presentacion-del-equipo-gobierno-coordinacion-general-y-cuerpo-academico","status":"publish","type":"page","link":"https:\/\/inssanbernardo-cha.infd.edu.ar\/sitio\/presentacion-del-equipo-gobierno-coordinacion-general-y-cuerpo-academico\/","title":{"rendered":"Presentaci\u00f3n del Equipo: Gobierno, Coordinaci\u00f3n General y Cuerpo Acad\u00e9mico"},"content":{"rendered":"<p style=\"text-align: center;\"><img decoding=\"async\" loading=\"lazy\" class=\"edu_incrustacion\" style=\"vertical-align: middle;\" src=\"https:\/\/inssanbernardo-cha.infd.edu.ar\/aula\/archivos\/repositorio\/5250\/5310\/organiz_gob_esp.png\" width=\"794\" height=\"76\" border=\"0\" data-edc-id=\"5310\" data-edc-tipo=\"rep_local\" \/><\/p>\n<table style=\"border-collapse: collapse;\" border=\"1\" width=\"100%\">\n<tbody>\n<tr>\n<td style=\"width: 30%; vertical-align: top; text-align: justify;\"><img decoding=\"async\" loading=\"lazy\" class=\"edu_incrustacion\" style=\"vertical-align: middle; display: block; margin-left: auto; margin-right: auto;\" src=\"https:\/\/inssanbernardo-cha.infd.edu.ar\/aula\/archivos\/repositorio\/5250\/5312\/SLAVIK-Laura.png\" width=\"218\" height=\"293\" border=\"0\" data-edc-id=\"5312\" data-edc-tipo=\"rep_local\" \/><\/p>\n<p><span style=\"color: #666699;\">Naci\u00f3 en San Bernardo, Chaco, Rep\u00fablica Argentina, es Profesora en Ciencias de la Educaci\u00f3n; Licenciada en Ciencias de la Educaci\u00f3n en la Universidad Nacional del Nordeste; Especialista Docente de Nivel Superior en Educaci\u00f3n y TIC; Adem\u00e1s, complet\u00f3 la Actualizaci\u00f3n Acad\u00e9mica de Nivel Superior en Educaci\u00f3n Permanente de J\u00f3venes y Adultos y es Diplomada en Evaluaci\u00f3n Educativa.<\/span><\/p>\n<p><span style=\"color: #666699;\">Ocupa el cargo de Rectora Titular en el Instituto de Educaci\u00f3n Superior \u201c San Bernardo\u201d desde el a\u00f1o 2016, instituci\u00f3n en la que se desempe\u00f1a como docente formadora desde el a\u00f1o 2000, siendo docente titular de la instituci\u00f3n en diferentes unidades curriculares y en el Cargo de Profesora con Dedicaci\u00f3n Semiexclusiva.<\/span><\/p>\n<p style=\"margin: 0px 0px 12px; font-size: 0.938rem; color: #6b6b6b;\"><span style=\"color: #666699;\">A lo largo de su carrera, particip\u00f3 en diferentes propuestas de formaci\u00f3n docente continua.<\/span><\/p>\n<\/td>\n<\/tr>\n<tr>\n<td style=\"width: 30%; vertical-align: top; text-align: justify;\"><img decoding=\"async\" loading=\"lazy\" class=\"edu_incrustacion\" style=\"vertical-align: middle; display: block; margin-left: auto; margin-right: auto;\" src=\"https:\/\/inssanbernardo-cha.infd.edu.ar\/aula\/archivos\/repositorio\/5250\/5300\/LOMBERG-Analia.png\" width=\"220\" height=\"295\" border=\"0\" data-edc-id=\"5300\" data-edc-tipo=\"rep_local\" \/><\/p>\n<p><span style=\"color: #666699;\">Es profesora en Educaci\u00f3n Especial, Profesora en Ciencia de la Educaci\u00f3n, Psicopedagoga; Licenciada en Gesti\u00f3n Educativa por la Universidad Nacional de Formosa, postitulada en Investigaci\u00f3n Educativa por la Universidad Nacional de C\u00f3rdoba, Especialista en An\u00e1lisis e Intervenci\u00f3n Institucional por la Universidad Nacional del Nordeste; Master en Ciencias Humanas y Sociales. Menci\u00f3n en Educaci\u00f3n y Formaci\u00f3n, Especialidad en Concepci\u00f3n, Intervenci\u00f3n e Investigaci\u00f3n en Educaci\u00f3n y Formaci\u00f3n. Universite Reims Champagne Ardenne. R\u00e9publique Fran\u00e7aise.<\/span><\/p>\n<p><span style=\"color: #666699;\">Naci\u00f3 en la provincia del Chaco, Rep\u00fablica Argentina y desde 1974 reside en la localidad de San Bernardo, donde se desempe\u00f1a como Coordinadora Pedag\u00f3gica y formadora del Instituto de Educaci\u00f3n Superior; a cargo de diferentes unidades curriculares. Tambi\u00e9n se desempe\u00f1a como coordinadora de post\u00edtulos del ISET 107.<\/span><\/p>\n<p><span style=\"color: #666699;\">Se ha desempe\u00f1ado como Profesora Titular de las c\u00e1tedras Seminario de Investigaci\u00f3n y An\u00e1lisis de las Instituciones en la Universidad Nacional de Formosa y como Profesora Ordinaria en las c\u00e1tedras T\u00e9cnicas de Investigaci\u00f3n y Tecnolog\u00eda y Sociedad en la Universidad Tecnol\u00f3gica Nacional.<\/span><\/p>\n<p style=\"margin: 0px 0px 12px; font-size: 0.938rem; color: #6b6b6b; text-align: justify;\"><span style=\"color: #666699;\">En el \u00e1mbito privado concursa actualmente el cargo de Vicerrectora Acad\u00e9mica del Instituto Universitario Educaci\u00f3n y Trabajo y se desempe\u00f1a como Consultora Externa para diferentes organismos.\u00a0<\/span><\/p>\n<\/td>\n<\/tr>\n<\/tbody>\n<\/table>\n<p><img decoding=\"async\" loading=\"lazy\" class=\"edu_incrustacion aligncenter\" style=\"vertical-align: middle;\" src=\"https:\/\/inssanbernardo-cha.infd.edu.ar\/aula\/archivos\/repositorio\/5250\/5327\/cuerpo_academ_esp.png\" width=\"794\" height=\"76\" border=\"0\" data-edc-id=\"5327\" data-edc-tipo=\"rep_local\" \/><span style=\"font-size: 1rem; line-height: 1.3;\">\u00a0<\/span><\/p>\n<table style=\"height: 4121px;\" border=\"1\" width=\"1152\">\n<tbody>\n<tr style=\"height: 274px;\">\n<td style=\"width: 214px; height: 274px;\"><img decoding=\"async\" loading=\"lazy\" class=\"edu_incrustacion\" style=\"vertical-align: middle;\" src=\"https:\/\/inssanbernardo-cha.infd.edu.ar\/aula\/archivos\/repositorio\/5250\/5304\/BENITEZ-PedroR.png\" width=\"305\" height=\"410\" border=\"0\" data-edc-id=\"5304\" data-edc-tipo=\"rep_local\" \/><\/td>\n<td style=\"width: 570px; height: 274px; text-align: justify;\">\n<p>Naci\u00f3 y reside en San Bernardo (Chaco). Egresado de la U.E.P. N\u00b0 55 \u201cDon Orione\u201d con el T\u00edtulo de Profesor de Geograf\u00eda y Ciencias Biol\u00f3gicas. 25 a\u00f1os de actividad en docencia en Educaci\u00f3n Secundaria y Superior, de los cuales 23 en el IES San Bernardo.<\/p>\n<p>Aprob\u00f3 el Curso \u201cDid\u00e1ctica de las Ciencias Biol\u00f3gicas para el Nivel Medio de la Ense\u00f1anza\u201d del 1 al 25\/10 en la Universidad de Valencia (Espa\u00f1a)<\/p>\n<p>Particip\u00f3 de los Cursos Facilitadores Tic INFoD, durante los a\u00f1os 2009, 2010, 2011, 2012, 2015 y 2019<\/p>\n<p>Es Web Master del Nodo Virtual de la Plataforma e-ducativa, INFoD desde al a\u00f1o 2009; Profesor con Dedicaci\u00f3n Semiexclusiva, Residencia Pedag\u00f3gica, La ense\u00f1anza de la Geograf\u00eda con Tic y Ciencias de la Tierra, en el\u00a0IES \u201cSan Bernardo\u201d<\/p>\n<p>Fue Coordinador Pedag\u00f3gico de la Especializaci\u00f3n Docente en Educaci\u00f3n y TIC en el Instituto de Educaci\u00f3n Superior de Villa \u00c1ngela.<\/p>\n<p>Autor y Profesor Dictante de las siguientes propuestas de Capacitaci\u00f3n: Ecosistema: \u00bfEnfoque Ecol\u00f3gico o Ecologista? Estrategias did\u00e1cticas para abordarlo desde el aula; \u00a0Propuesta de Capacitaci\u00f3n para E.G.B. 3 \u00c1rea Ciencias Naturales Circuito \u201cC\u201d. Ecosistema: \u00bfEnfoque Ecol\u00f3gico o Ecologista? Estrategias did\u00e1cticas para abordarlo desde el aula; Propuesta de Perfeccionamiento: Energ\u00eda y Vida: \u201cDesde una Did\u00e1ctica Investigativa\u201d, Propuesta de Capacitaci\u00f3n para E.G.B. 2 \u00c1rea Ciencias Naturales &#8211; Did\u00e1ctica de las Ciencias Experimentales: Reflexiones sobre la formaci\u00f3n continua del docente\u201d M\u00f3dulo I: Did\u00e1ctica de las Ciencias; Propuesta de Capacitaci\u00f3n para E.G.B. 2 \u00c1rea Ciencias Naturales &#8211; Did\u00e1ctica de las Ciencias Experimentales: Reflexiones sobre la formaci\u00f3n continua del docente\u201d M\u00f3dulo II: Cuatro dimensiones para mejorar la calidad de la ense\u00f1anza; Propuesta de Capacitaci\u00f3n Institucional del Instituto de Nivel Terciario de San Bernardo Nuevas Alfabetizaciones \u2013 Alfabetizaci\u00f3n Acad\u00e9mica- (El campus virtual en la educaci\u00f3n presencial. El campus virtual como espacio de trabajo: Estructura general, Estructura: listas desplegables. Las Secciones de las Aulas: Presentaci\u00f3n, Clases: consignas, actividades, evaluaci\u00f3n. Noticias. Archivos. Sitios. Foros: presentaci\u00f3n, cuestiones t\u00e9cnicas, experiencias pedag\u00f3gicas.<\/p>\n<p>Particip\u00f3 como Profesor Dictante, Curso: La instituci\u00f3n: el aula como \u00e1mbito de reflexi\u00f3n \u2013 M\u00f3dulo I y II.<\/td>\n<\/tr>\n<tr style=\"height: 500px;\">\n<td style=\"width: 214px; height: 500px;\"><img decoding=\"async\" loading=\"lazy\" class=\"edu_incrustacion\" style=\"vertical-align: middle;\" src=\"https:\/\/inssanbernardo-cha.infd.edu.ar\/aula\/archivos\/repositorio\/5250\/5324\/PROKOPIUK-Estefania.png\" width=\"308\" height=\"413\" border=\"0\" data-edc-id=\"5324\" data-edc-tipo=\"rep_local\" \/><\/td>\n<td style=\"width: 570px; text-align: justify; height: 500px;\">\n<p>Es Especialista en Docencia Universitaria y Posgraduada en Entornos Virtuales de Aprendizaje de la Universidad Nacional del Nordeste (UNNE); Diplomada en Comunicaci\u00f3n Judicial de la Universidad Nacional de C\u00f3rdoba (UNC); Licenciada y T\u00e9cnica en Comunicaci\u00f3n Social de la UNC.<\/p>\n<p>Actualmente es secretaria de Extensi\u00f3n y jefe de Trabajos Pr\u00e1cticos en la Carrera de Comunicaci\u00f3n Social, Facultad de Humanidades, UNNE. Fue coordinadora acad\u00e9mica de la Diplomatura en Comunicaci\u00f3n Judicial en esa casa de estudios. Y docente tutora de asignaturas en la Tecnicatura en Periodismo, Modalidad Virtual, UNNE.<\/p>\n<p>Naci\u00f3 en Presidencia Roque S\u00e1enz Pe\u00f1a Chaco, en 1982. Reside en Resistencia ya que es integrante por concurso del \u00c1rea de Prensa del Superior Tribunal de Justicia del Chaco, donde realiza tareas de Comunicaci\u00f3n Institucional hace once a\u00f1os.<\/p>\n<p>Se desempe\u00f1\u00f3 en medios masivos de Comunicaci\u00f3n, como jefa de Edici\u00f3n para un matutino. Tambi\u00e9n fue productora period\u00edstica de programas radiales y televisivos e incursion\u00f3 como redactora en agencia de noticias.<\/p>\n<p>Ha participado como expositora en numerosas charlas relacionadas con el Periodismo Especializado y efectu\u00f3 cursos de perfeccionamiento sobre docencia universitaria, medios de comunicaci\u00f3n y Derecho. Public\u00f3 un libro de Comunicaci\u00f3n en Alemania y durante dos a\u00f1os un Suplemento semanal en un diario regional.<\/td>\n<\/tr>\n<tr style=\"height: 524px;\">\n<td style=\"width: 214px; height: 524px;\"><img decoding=\"async\" loading=\"lazy\" class=\"edu_incrustacion\" style=\"vertical-align: middle;\" src=\"https:\/\/inssanbernardo-cha.infd.edu.ar\/aula\/archivos\/repositorio\/5250\/5330\/LEIVA-Silvia0.png\" width=\"351\" height=\"472\" border=\"0\" data-edc-id=\"5330\" data-edc-tipo=\"rep_local\" \/><\/td>\n<td style=\"width: 570px; text-align: justify; height: 524px;\">\n<p>Es profesora en Geograf\u00eda, Profesora en Historia, T\u00e9cnica en Administraci\u00f3n de Redes; Licenciada en Gesti\u00f3n Educativa por la Universidad Nacional de Santiago del Estero. Especialista en Metodolog\u00edas de la Investigaci\u00f3n: Cualitativas y Cuantitativas por la Universidad Nacional de Santiago del Estero. Especialista en Educaci\u00f3n Ambiental para el Desarrollo Sustentable por la Universidad Nacional del Comahue, Especialista en Educaci\u00f3n y TIC por el Instituto de Nivel Superior Villa \u00c1ngela; Especialista en Educaci\u00f3n y Derechos Humanos por el Instituto de Educaci\u00f3n Superior F. Sarmiento. Especialista en Educaci\u00f3n y Pedagog\u00eda Social por el Instituto de Educaci\u00f3n Superior Rodolfo Walsh. Actualizaci\u00f3n Acad\u00e9mica en gesti\u00f3n por el Instituto de Educaci\u00f3n Superior San Bernardo. Diplomatura Innovaci\u00f3n para la Organizaci\u00f3n y Din\u00e1mica Integral de las Instituciones Educativas por la Unidad Educativa de Gesti\u00f3n Privada N\u00b0 172.<\/p>\n<p>Naci\u00f3 en la provincia del Chaco, Rep\u00fablica Argentina y desde 1984 reside en la localidad de Villa \u00c1ngela, donde se desempe\u00f1a como profesora en horas c\u00e1tedras en Instituto de Educaci\u00f3n Superior.<\/p>\n<p>Se ha desempe\u00f1ado como Profesora Titular de las c\u00e1tedras Epistemolog\u00eda del Pensamiento Geogr\u00e1fico, Geogr\u00e1fica de la Poblaci\u00f3n Urbana y Rural, Geograf\u00eda Econ\u00f3mica, Pr\u00e1ctica y Reflexi\u00f3n: el aula como \u00e1mbito de ense\u00f1anza y aprendizajes, Ciencias Sociales y su Did\u00e1ctica e Introducci\u00f3n al Pensamiento Geogr\u00e1fico.<\/p>\n<p>En el \u00e1mbito privado dicta carreras de post\u00edtulos en diferentes tem\u00e1ticas referidas a configuraciones espaciales, gesti\u00f3n, problem\u00e1ticas ambientales y territoriales y articulaci\u00f3n.<\/td>\n<\/tr>\n<tr style=\"height: 484px;\">\n<td style=\"width: 214px; height: 484px;\"><img decoding=\"async\" loading=\"lazy\" class=\"edu_incrustacion\" style=\"vertical-align: middle;\" src=\"https:\/\/inssanbernardo-cha.infd.edu.ar\/aula\/archivos\/repositorio\/5250\/5311\/SLAVIK-Adriana.png\" width=\"310\" height=\"417\" border=\"0\" data-edc-id=\"5311\" data-edc-tipo=\"rep_local\" \/><\/td>\n<td style=\"width: 570px; height: 484px; text-align: justify;\">\n<p style=\"text-align: justify;\">Es Profesora en Geograf\u00eda y para el Nivel Primario, Especialista docente de Nivel Superior en Educaci\u00f3n y TIC, Especialista docente de Nivel Superior en Problem\u00e1ticas de las Ciencias Sociales y su Ense\u00f1anza, Especialista docente de Nivel Superior en Derechos Humanos y, ha realizado una Diplomatura Superior en Evaluaci\u00f3n Educativa.<\/p>\n<p style=\"text-align: justify;\">Nacida en San Bernardo, Chaco, Argentina, lugar donde reside hasta la actualidad.<\/p>\n<p style=\"text-align: justify;\">Es docente titular del Instituto de Educaci\u00f3n Superior \u201cSan Bernardo\u201d y, se desempe\u00f1a en diferentes unidades curriculares de la carrera del Profesorado en Geograf\u00eda, algunas de ellas en car\u00e1cter de interina. En la misma instituci\u00f3n se ha desempe\u00f1ado anteriormente en el Prof. para el Nivel Primario y, en el Profesorado en F\u00edsica.<\/p>\n<p>En educaci\u00f3n ha desempe\u00f1ado tambi\u00e9n las siguientes actividades:<\/p>\n<p>Docencia en educaci\u00f3n primaria, docencia en educaci\u00f3n secundaria (Auxiliar docente y como docente), docencia en educaci\u00f3n secundaria en la modalidad agropecuaria\u00a0(actualmente con licencia por desempe\u00f1o en nivel superior), Directora de la Escuela de Educaci\u00f3n Agropecuaria N\u00ba 38 de nivel secundario y, anexo de formaci\u00f3n profesional desde el 12\/03\/2008 hasta el 12\/11\/12 y, como capacitadora de docentes de diferentes niveles y modalidades, en cursos de capacitaci\u00f3n docente y Post\u00edtulo, entre otros antecedentes vinculados a actividades dentro del sistema educativo.<\/p>\n<\/td>\n<\/tr>\n<tr style=\"height: 303px;\">\n<td style=\"width: 214px; height: 303px;\"><img decoding=\"async\" loading=\"lazy\" class=\"edu_incrustacion\" style=\"vertical-align: middle;\" src=\"https:\/\/inssanbernardo-cha.infd.edu.ar\/aula\/archivos\/repositorio\/5250\/5309\/VARGAS_Griselda.png\" width=\"311\" height=\"418\" border=\"0\" data-edc-id=\"5309\" data-edc-tipo=\"rep_local\" \/><\/td>\n<td style=\"width: 570px; text-align: justify; height: 303px;\">\n<p>Naci\u00f3 en Miraflores, Chaco, y desde el a\u00f1o 2009 reside en la localidad de San Bernardo, donde se desempe\u00f1a como profesora en la E.E.S N\u00b0 46 y en el I.E.S \u201cSan\u00a0 Bernardo\u201d.<\/p>\n<p>Es profesora de para el Tercer ciclo de la EGB y la Educaci\u00f3n Polimodal en Historia;\u00a0 egresada de la U.E.P N\u00b0 55 \u201cDon Orione\u201d y Especialista Docente de Nivel Superior en Educaci\u00f3n y TIC; en Educaci\u00f3n y Derechos Humanos; y en Did\u00e1ctica de la Educaci\u00f3n Sexual Integral. Adem\u00e1s, complet\u00f3 la Actualizaci\u00f3n Acad\u00e9mica de Nivel Superior en Educaci\u00f3n Permanente de J\u00f3venes y Adultos y es Diplomada en Evaluaci\u00f3n Educativa.<\/p>\n<p>Durante su carrera docente, se ha desempa\u00f1ado simult\u00e1neamente en el Nivel Secundario (EES N\u00b0 10 y EES N\u00b0 46) y en el Nivel Superior (I.E.S \u201cSan Bernardo\u201d). En el Nivel Superior estuvo al frente de la formaci\u00f3n docente inicial, como as\u00ed tambi\u00e9n ha participado de proyectos de formaci\u00f3n docente continua.<\/p>\n<\/td>\n<\/tr>\n<tr style=\"height: 274px;\">\n<td style=\"width: 214px; height: 274px;\"><img decoding=\"async\" loading=\"lazy\" class=\"edu_incrustacion\" style=\"vertical-align: middle;\" src=\"https:\/\/inssanbernardo-cha.infd.edu.ar\/aula\/archivos\/repositorio\/5250\/5328\/LANDRIEL-Gladys0.png\" width=\"351\" height=\"472\" border=\"0\" data-edc-id=\"5328\" data-edc-tipo=\"rep_local\" \/><\/td>\n<td style=\"width: 570px; text-align: justify; height: 274px;\">\n<p>Landriel, Gladys naci\u00f3 en San Bernardo, Chaco, donde se desempe\u00f1a como profesora en el I.E.S \u201cSan Bernardo\u201d.<\/p>\n<p>Es profesora en Castellano, Literatura e Historia, egresada del U.E.P N\u00ba55 \u201cDon Orione\u201d y cuenta con pos- t\u00edtulos en Tutor\u00eda y Coordinaci\u00f3n de Ciclos.<\/p>\n<p>Durante su carrera docente, se ha desempe\u00f1ado simult\u00e1neamente en el Nivel Secundario ( EESN\u00ba 34 y N EES N\u00ba46) y en el Nivel Superior ( I.E.S San Bernardo). En el Nivel Superior ha participado de proyectos de formaci\u00f3n docente continua.<\/td>\n<\/tr>\n<tr style=\"height: 20px;\">\n<td style=\"width: 214px; height: 20px;\">\u00a0<img decoding=\"async\" loading=\"lazy\" class=\"edu_incrustacion\" style=\"vertical-align: middle;\" src=\"https:\/\/inssanbernardo-cha.infd.edu.ar\/aula\/archivos\/repositorio\/5250\/5387\/F-GONZALEZ-Yanina.png\" width=\"351\" height=\"472\" border=\"0\" data-edc-id=\"5387\" data-edc-tipo=\"rep_local\" \/><\/td>\n<td style=\"width: 570px; height: 20px; text-align: justify;\">\u00a0<\/p>\n<p>Es Profesora en Geograf\u00eda egresada del I.E.S. \u201cSan Bernardo\u201d, Especialista docente de Nivel Superior en Did\u00e1ctica de la Educaci\u00f3n Sexual Integral, Diplomada Superior en Evaluaci\u00f3n Educativa, \u00a0complet\u00f3 la Actualizaci\u00f3n Acad\u00e9mica de Nivel Superior en Educaci\u00f3n Permanente de J\u00f3venes y Adultos, profesora dictante de la Actualizaci\u00f3n Acad\u00e9mica en Gesti\u00f3n Directiva. Atene\u00edsta Institucional en Investigaci\u00f3n Capacitaci\u00f3n Docente en Servicio<\/p>\n<p>Nacida en San Bernardo, Chaco, Argentina, lugar donde reside hasta la actualidad. Es docente titular del Instituto de Educaci\u00f3n Superior \u201cSan Bernardo\u201d y se desempe\u00f1a en diferentes unidades curriculares de la carrera del Profesorado para la Educaci\u00f3n Secundaria en Geograf\u00eda y del Profesorado para la Educaci\u00f3n Inicial. Tambi\u00e9n se desempe\u00f1a en el Nivel Secundario en la E.E.S N\u00b0 46. Tiene 17 a\u00f1os de antig\u00fcedad en la docencia.<\/p>\n<p>En educaci\u00f3n ha realizado las siguientes actividades: capacitadora de docentes de diferentes niveles y modalidades, en cursos de capacitaci\u00f3n docente y Post\u00edtulo, Asesora de Centros de Estudiantes y Concejo Deliberante Estudiantil, CAJ, Proyecto de Escuelas Solidarias, Sembrando Empresarios, Coordinadora Institucional de Pol\u00edticas Estudiantiles, Asesora y Evaluadora en Ferias de Ciencias\/Escuelas en Feria, Referente de Becas. Manejo de idioma Ingl\u00e9s t\u00e9cnico, Portugu\u00e9s Nivel B\u00e1sico, Lengua de se\u00f1as Argentinas Nivel 1 y 2. Participaci\u00f3n en la Construcci\u00f3n de la Ley de Educaci\u00f3n Provincial 6.691\/10 como docente representante regional y miembro dela Comisi\u00f3n Redactora.\u00a0 Participaci\u00f3n en la Construcci\u00f3n de los Dise\u00f1os Curriculares de Ciclo B\u00e1sico del Nivel Secundario y de los Dise\u00f1os Curriculares del Profesorado para la Educaci\u00f3n Secundaria en Geograf\u00eda, entre otros antecedentes vinculados a actividades dentro del sistema educativo.<\/td>\n<\/tr>\n<\/tbody>\n<\/table>\n<p><img decoding=\"async\" loading=\"lazy\" class=\"edu_incrustacion aligncenter\" style=\"vertical-align: middle;\" src=\"https:\/\/inssanbernardo-cha.infd.edu.ar\/aula\/archivos\/repositorio\/5250\/5297\/admin_esp.png\" width=\"794\" height=\"76\" border=\"0\" data-edc-id=\"5297\" data-edc-tipo=\"rep_local\" \/><\/p>\n<table style=\"width: 1173px; height: 302px;\" border=\"1\">\n<tbody>\n<tr style=\"height: 287px;\">\n<td style=\"width: 214px; height: 287px;\"><img decoding=\"async\" loading=\"lazy\" class=\"edu_incrustacion\" style=\"vertical-align: middle;\" src=\"https:\/\/inssanbernardo-cha.infd.edu.ar\/aula\/archivos\/repositorio\/5250\/5299\/GRISMADO_Sandra.png\" width=\"337\" height=\"456\" border=\"0\" data-edc-id=\"5299\" data-edc-tipo=\"rep_local\" \/><\/td>\n<td style=\"width: 513px; text-align: justify; height: 287px;\">\n<p>Es Bibliotecaria Universitaria y Especialista en Derechos Humanos.<\/p>\n<p>Naci\u00f3 en la provincia del Chaco, Rep\u00fablica Argentina, reside en la localidad de San Bernardo, donde se desempe\u00f1a como Profesora en la Carrera del Profesorado Para la Formaci\u00f3n Docente en Bibliotecolog\u00eda.<\/td>\n<\/tr>\n<\/tbody>\n<\/table>\n","protected":false},"excerpt":{"rendered":"<p>Naci\u00f3 en San Bernardo, Chaco, Rep\u00fablica Argentina, es Profesora en Ciencias de la Educaci\u00f3n; Licenciada en Ciencias de la Educaci\u00f3n en la Universidad Nacional del Nordeste; Especialista Docente de Nivel Superior en Educaci\u00f3n y TIC; Adem\u00e1s, complet\u00f3 la Actualizaci\u00f3n Acad\u00e9mica de Nivel Superior en Educaci\u00f3n Permanente de J\u00f3venes y Adultos y es Diplomada en Evaluaci\u00f3n &#8230; <a title=\"Presentaci\u00f3n del Equipo: Gobierno, Coordinaci\u00f3n General y Cuerpo Acad\u00e9mico\" class=\"read-more\" href=\"https:\/\/inssanbernardo-cha.infd.edu.ar\/sitio\/presentacion-del-equipo-gobierno-coordinacion-general-y-cuerpo-academico\/\" aria-label=\"More on Presentaci\u00f3n del Equipo: Gobierno, Coordinaci\u00f3n General y Cuerpo Acad\u00e9mico\">[+]<\/a><\/p>\n","protected":false},"author":408,"featured_media":0,"parent":0,"menu_order":0,"comment_status":"closed","ping_status":"closed","template":"","meta":[],"acf":[],"_links":{"self":[{"href":"https:\/\/inssanbernardo-cha.infd.edu.ar\/sitio\/wp-json\/wp\/v2\/pages\/1959"}],"collection":[{"href":"https:\/\/inssanbernardo-cha.infd.edu.ar\/sitio\/wp-json\/wp\/v2\/pages"}],"about":[{"href":"https:\/\/inssanbernardo-cha.infd.edu.ar\/sitio\/wp-json\/wp\/v2\/types\/page"}],"author":[{"embeddable":true,"href":"https:\/\/inssanbernardo-cha.infd.edu.ar\/sitio\/wp-json\/wp\/v2\/users\/408"}],"replies":[{"embeddable":true,"href":"https:\/\/inssanbernardo-cha.infd.edu.ar\/sitio\/wp-json\/wp\/v2\/comments?post=1959"}],"version-history":[{"count":2,"href":"https:\/\/inssanbernardo-cha.infd.edu.ar\/sitio\/wp-json\/wp\/v2\/pages\/1959\/revisions"}],"predecessor-version":[{"id":1962,"href":"https:\/\/inssanbernardo-cha.infd.edu.ar\/sitio\/wp-json\/wp\/v2\/pages\/1959\/revisions\/1962"}],"wp:attachment":[{"href":"https:\/\/inssanbernardo-cha.infd.edu.ar\/sitio\/wp-json\/wp\/v2\/media?parent=1959"}],"curies":[{"name":"wp","href":"https:\/\/api.w.org\/{rel}","templated":true}]}}