{"id":774,"date":"2018-06-29T19:59:32","date_gmt":"2018-06-29T22:59:32","guid":{"rendered":"https:\/\/inssanbernardo-cha.infd.edu.ar\/sitio\/datos-institucionales\/"},"modified":"2025-06-06T21:40:15","modified_gmt":"2025-06-07T00:40:15","slug":"datos-institucionales","status":"publish","type":"page","link":"https:\/\/inssanbernardo-cha.infd.edu.ar\/sitio\/datos-institucionales\/","title":{"rendered":"Datos institucionales"},"content":{"rendered":"\n<figure class=\"wp-block-table\"><table><tbody><tr><td>\n<ul>\n<li><span style=\"font-size: 12pt;\"><span style=\"font-family: verdana,geneva;\"><strong>Instituto de Educaci\u00f3n Superior \u00abSan Bernardo\u00bb.<\/strong><br><\/span><\/span><\/li>\n<li><span style=\"font-size: 12pt;\"><span style=\"font-family: verdana,geneva;\">Horarios de atenci\u00f3n: Lunes a Viernes de 18:00 a 23:00 Hs.<\/span><\/span><\/li>\n<li><span style=\"font-size: 12pt;\"><span style=\"font-family: verdana,geneva;\">Direcci\u00f3n: Sargento Cabral y Ucrania<br><\/span><\/span><\/li>\n<li><span style=\"font-size: 12pt;\"><span style=\"font-family: verdana,geneva;\">Tel\u00e9fonos: (03735)496675<br><\/span><\/span><\/li>\n<li><span style=\"font-size: 12pt;\"><span style=\"font-family: verdana,geneva;\">CUE: 220068500<\/span><\/span><\/li>\n<li><span style=\"font-size: 12pt;\"><span style=\"font-family: verdana,geneva;\">E-mail de consultas:sanbernardoies@gmail.com<\/span><\/span><\/li>\n<li><span style=\"font-size: 12pt;\"><span style=\"font-family: verdana,geneva;\">URL: <a title=\"INT de San Bernardo\" href=\"..\/..\/\">http:\/\/inssanbernardo-cha.infd.edu.ar<\/a><\/span><\/span><\/li>\n<\/ul>\n<\/td><\/tr><\/tbody><\/table><\/figure>\n","protected":false},"excerpt":{"rendered":"<p>Instituto de Educaci\u00f3n Superior \u00abSan Bernardo\u00bb. Horarios de atenci\u00f3n: Lunes a Viernes de 18:00 a 23:00 Hs. Direcci\u00f3n: Sargento Cabral y Ucrania Tel\u00e9fonos: (03735)496675 CUE: 220068500 E-mail de consultas:sanbernardoies@gmail.com URL: http:\/\/inssanbernardo-cha.infd.edu.ar<\/p>\n","protected":false},"author":408,"featured_media":0,"parent":0,"menu_order":0,"comment_status":"closed","ping_status":"closed","template":"","meta":[],"acf":[],"_links":{"self":[{"href":"https:\/\/inssanbernardo-cha.infd.edu.ar\/sitio\/wp-json\/wp\/v2\/pages\/774"}],"collection":[{"href":"https:\/\/inssanbernardo-cha.infd.edu.ar\/sitio\/wp-json\/wp\/v2\/pages"}],"about":[{"href":"https:\/\/inssanbernardo-cha.infd.edu.ar\/sitio\/wp-json\/wp\/v2\/types\/page"}],"author":[{"embeddable":true,"href":"https:\/\/inssanbernardo-cha.infd.edu.ar\/sitio\/wp-json\/wp\/v2\/users\/408"}],"replies":[{"embeddable":true,"href":"https:\/\/inssanbernardo-cha.infd.edu.ar\/sitio\/wp-json\/wp\/v2\/comments?post=774"}],"version-history":[{"count":4,"href":"https:\/\/inssanbernardo-cha.infd.edu.ar\/sitio\/wp-json\/wp\/v2\/pages\/774\/revisions"}],"predecessor-version":[{"id":2095,"href":"https:\/\/inssanbernardo-cha.infd.edu.ar\/sitio\/wp-json\/wp\/v2\/pages\/774\/revisions\/2095"}],"wp:attachment":[{"href":"https:\/\/inssanbernardo-cha.infd.edu.ar\/sitio\/wp-json\/wp\/v2\/media?parent=774"}],"curies":[{"name":"wp","href":"https:\/\/api.w.org\/{rel}","templated":true}]}}