{"id":780,"date":"2018-06-29T19:59:35","date_gmt":"2018-06-29T22:59:35","guid":{"rendered":"https:\/\/inssanbernardo-cha.infd.edu.ar\/sitio\/autoridades-y-personal-administrativo\/"},"modified":"2025-05-13T18:11:14","modified_gmt":"2025-05-13T21:11:14","slug":"autoridades-y-personal-administrativo","status":"publish","type":"page","link":"https:\/\/inssanbernardo-cha.infd.edu.ar\/sitio\/autoridades-y-personal-administrativo\/","title":{"rendered":"Autoridades y Personal Administrativo"},"content":{"rendered":"\n<hr class=\"wp-block-separator has-alpha-channel-opacity\"\/>\n\n\n\n<p><strong>Autoridades y Personal Administrativo<\/strong><\/p>\n\n\n\n<figure class=\"wp-block-table\"><table><tbody><tr><td><strong>FARIAS GONZALEZ<\/strong>, YANINA SOLEDAD<\/td><td><strong>RECTORA<\/strong><\/td><\/tr><tr><td><strong>SLAVIK, <\/strong>LAURA NOEM\u00cd<\/td><td><strong>COORDINADORA PEDAG\u00d3GICA<\/strong><\/td><\/tr><tr><td><strong>SLAVIK,<\/strong> ADRIANA ANDREA<\/td><td><strong>DIRECTORA DE ESTUDIOS<\/strong><\/td><\/tr><tr><td><strong>KISIEL<\/strong>, JUDITH ERICA<\/td><td><strong>SECRETARIA<\/strong> <strong>ADMINISTRATIVA<\/strong><\/td><\/tr><tr><td><b>GOMEZ,<\/b> MAR\u00cdA ROSA<\/td><td><strong>BEDEL<\/strong><\/td><\/tr><tr><td><strong>RAMIREZ, <\/strong>ADRIANA MARISEL<\/td><td><strong>BEDEL<\/strong><\/td><\/tr><tr><td><strong>GUNIA<\/strong>, MARISA NOEM\u00cd<\/td><td><strong>BEDEL<\/strong><\/td><\/tr><\/tbody><\/table><\/figure>\n","protected":false},"excerpt":{"rendered":"<p>Autoridades y Personal Administrativo FARIAS GONZALEZ, YANINA SOLEDAD RECTORA SLAVIK, LAURA NOEM\u00cd COORDINADORA PEDAG\u00d3GICA SLAVIK, ADRIANA ANDREA DIRECTORA DE ESTUDIOS KISIEL, JUDITH ERICA SECRETARIA ADMINISTRATIVA GOMEZ, MAR\u00cdA ROSA BEDEL RAMIREZ, ADRIANA MARISEL BEDEL GUNIA, MARISA NOEM\u00cd BEDEL<\/p>\n","protected":false},"author":408,"featured_media":0,"parent":0,"menu_order":0,"comment_status":"closed","ping_status":"closed","template":"","meta":[],"acf":[],"_links":{"self":[{"href":"https:\/\/inssanbernardo-cha.infd.edu.ar\/sitio\/wp-json\/wp\/v2\/pages\/780"}],"collection":[{"href":"https:\/\/inssanbernardo-cha.infd.edu.ar\/sitio\/wp-json\/wp\/v2\/pages"}],"about":[{"href":"https:\/\/inssanbernardo-cha.infd.edu.ar\/sitio\/wp-json\/wp\/v2\/types\/page"}],"author":[{"embeddable":true,"href":"https:\/\/inssanbernardo-cha.infd.edu.ar\/sitio\/wp-json\/wp\/v2\/users\/408"}],"replies":[{"embeddable":true,"href":"https:\/\/inssanbernardo-cha.infd.edu.ar\/sitio\/wp-json\/wp\/v2\/comments?post=780"}],"version-history":[{"count":5,"href":"https:\/\/inssanbernardo-cha.infd.edu.ar\/sitio\/wp-json\/wp\/v2\/pages\/780\/revisions"}],"predecessor-version":[{"id":2077,"href":"https:\/\/inssanbernardo-cha.infd.edu.ar\/sitio\/wp-json\/wp\/v2\/pages\/780\/revisions\/2077"}],"wp:attachment":[{"href":"https:\/\/inssanbernardo-cha.infd.edu.ar\/sitio\/wp-json\/wp\/v2\/media?parent=780"}],"curies":[{"name":"wp","href":"https:\/\/api.w.org\/{rel}","templated":true}]}}