{"id":801,"date":"2018-07-10T12:45:58","date_gmt":"2018-07-10T15:45:58","guid":{"rendered":"https:\/\/inssanbernardo-cha.infd.edu.ar\/sitio\/?page_id=801"},"modified":"2019-05-23T22:25:48","modified_gmt":"2019-05-24T01:25:48","slug":"profesorado-en-fisica","status":"publish","type":"page","link":"https:\/\/inssanbernardo-cha.infd.edu.ar\/sitio\/profesorado-en-fisica\/","title":{"rendered":"Profesorado para la Educaci\u00f3n Secundaria en F\u00edsica"},"content":{"rendered":"<p>En proceso de Actualizaci\u00f3n<\/p>\n","protected":false},"excerpt":{"rendered":"<p>En proceso de Actualizaci\u00f3n<\/p>\n","protected":false},"author":408,"featured_media":0,"parent":0,"menu_order":0,"comment_status":"closed","ping_status":"closed","template":"","meta":[],"acf":[],"_links":{"self":[{"href":"https:\/\/inssanbernardo-cha.infd.edu.ar\/sitio\/wp-json\/wp\/v2\/pages\/801"}],"collection":[{"href":"https:\/\/inssanbernardo-cha.infd.edu.ar\/sitio\/wp-json\/wp\/v2\/pages"}],"about":[{"href":"https:\/\/inssanbernardo-cha.infd.edu.ar\/sitio\/wp-json\/wp\/v2\/types\/page"}],"author":[{"embeddable":true,"href":"https:\/\/inssanbernardo-cha.infd.edu.ar\/sitio\/wp-json\/wp\/v2\/users\/408"}],"replies":[{"embeddable":true,"href":"https:\/\/inssanbernardo-cha.infd.edu.ar\/sitio\/wp-json\/wp\/v2\/comments?post=801"}],"version-history":[{"count":2,"href":"https:\/\/inssanbernardo-cha.infd.edu.ar\/sitio\/wp-json\/wp\/v2\/pages\/801\/revisions"}],"predecessor-version":[{"id":1075,"href":"https:\/\/inssanbernardo-cha.infd.edu.ar\/sitio\/wp-json\/wp\/v2\/pages\/801\/revisions\/1075"}],"wp:attachment":[{"href":"https:\/\/inssanbernardo-cha.infd.edu.ar\/sitio\/wp-json\/wp\/v2\/media?parent=801"}],"curies":[{"name":"wp","href":"https:\/\/api.w.org\/{rel}","templated":true}]}}