{"id":885,"date":"2019-05-20T20:33:03","date_gmt":"2019-05-20T23:33:03","guid":{"rendered":"https:\/\/inssanbernardo-cha.infd.edu.ar\/sitio\/?page_id=885"},"modified":"2021-12-04T21:39:51","modified_gmt":"2021-12-05T00:39:51","slug":"especializaciones","status":"publish","type":"page","link":"https:\/\/inssanbernardo-cha.infd.edu.ar\/sitio\/especializaciones\/","title":{"rendered":"Especializaciones"},"content":{"rendered":"<p><a href=\"https:\/\/inssanbernardo-cha.infd.edu.ar\/sitio\/presentacion-de-la-especializacion\/\"><strong>Presentaci\u00f3n de la Especializaci\u00f3n<\/strong><\/a><\/p>\n<p><a href=\"https:\/\/inssanbernardo-cha.infd.edu.ar\/sitio\/especializacion-docente-de-nivel-superior-en-la-ensenanza-en-entornos-virtuales\/\"><strong>Plan de Estudios de la Especializaci\u00f3n<\/strong><\/a><\/p>\n<p><a href=\"https:\/\/inssanbernardo-cha.infd.edu.ar\/sitio\/presentacion-del-equipo-gobierno-coordinacion-general-y-cuerpo-academico\/\"><strong>Presentaci\u00f3n del Equipo<\/strong><\/a><\/p>\n","protected":false},"excerpt":{"rendered":"<p>Presentaci\u00f3n de la Especializaci\u00f3n Plan de Estudios de la Especializaci\u00f3n Presentaci\u00f3n del Equipo<\/p>\n","protected":false},"author":408,"featured_media":0,"parent":0,"menu_order":0,"comment_status":"closed","ping_status":"closed","template":"","meta":[],"acf":[],"_links":{"self":[{"href":"https:\/\/inssanbernardo-cha.infd.edu.ar\/sitio\/wp-json\/wp\/v2\/pages\/885"}],"collection":[{"href":"https:\/\/inssanbernardo-cha.infd.edu.ar\/sitio\/wp-json\/wp\/v2\/pages"}],"about":[{"href":"https:\/\/inssanbernardo-cha.infd.edu.ar\/sitio\/wp-json\/wp\/v2\/types\/page"}],"author":[{"embeddable":true,"href":"https:\/\/inssanbernardo-cha.infd.edu.ar\/sitio\/wp-json\/wp\/v2\/users\/408"}],"replies":[{"embeddable":true,"href":"https:\/\/inssanbernardo-cha.infd.edu.ar\/sitio\/wp-json\/wp\/v2\/comments?post=885"}],"version-history":[{"count":2,"href":"https:\/\/inssanbernardo-cha.infd.edu.ar\/sitio\/wp-json\/wp\/v2\/pages\/885\/revisions"}],"predecessor-version":[{"id":1965,"href":"https:\/\/inssanbernardo-cha.infd.edu.ar\/sitio\/wp-json\/wp\/v2\/pages\/885\/revisions\/1965"}],"wp:attachment":[{"href":"https:\/\/inssanbernardo-cha.infd.edu.ar\/sitio\/wp-json\/wp\/v2\/media?parent=885"}],"curies":[{"name":"wp","href":"https:\/\/api.w.org\/{rel}","templated":true}]}}