{"id":937,"date":"2019-05-21T10:43:10","date_gmt":"2019-05-21T13:43:10","guid":{"rendered":"https:\/\/inssanbernardo-cha.infd.edu.ar\/sitio\/?page_id=937"},"modified":"2019-06-15T21:28:22","modified_gmt":"2019-06-16T00:28:22","slug":"modulo-i-asge","status":"publish","type":"page","link":"https:\/\/inssanbernardo-cha.infd.edu.ar\/sitio\/modulo-i-asge\/","title":{"rendered":"M\u00f3dulo I ASGE"},"content":{"rendered":"<p style=\"text-align: center;\"><strong><img decoding=\"async\" loading=\"lazy\" class=\"alignnone wp-image-728\" src=\"https:\/\/inssanbernardo-cha.infd.edu.ar\/sitio\/wp-content\/uploads\/2018\/06\/flecharoja.gif\" alt=\"\" width=\"29\" height=\"20\" \/>\u00a0<span style=\"color: #333399;\">PRIMER ENCUENTRO:\u00a0<\/span>17 de Mayo de 2019<\/strong><\/p>\n<p><strong><img decoding=\"async\" loading=\"lazy\" class=\"alignnone wp-image-998\" src=\"https:\/\/inssanbernardo-cha.infd.edu.ar\/sitio\/wp-content\/uploads\/2019\/05\/fancy_pen_t-1.png\" alt=\"\" width=\"11\" height=\"22\" \/>\u00a0Presentaci\u00f3n<\/strong><\/p>\n<p><img decoding=\"async\" loading=\"lazy\" class=\"alignnone size-full wp-image-730\" src=\"https:\/\/inssanbernardo-cha.infd.edu.ar\/sitio\/wp-content\/uploads\/2018\/06\/icono_ppt.gif\" alt=\"\" width=\"37\" height=\"37\" \/>\u00a0\u00a0\u00a0<a href=\"https:\/\/inssanbernardo-cha.infd.edu.ar\/sitio\/wp-content\/uploads\/2019\/05\/Organizaci\u00f3n-Instituci\u00f3n-Dimensiones-Institucionales.pptx\">Organizaci\u00f3n &#8211; Instituci\u00f3n &#8211; Dimensiones Institucionales<\/a><\/p>\n<p><strong><img decoding=\"async\" loading=\"lazy\" class=\"alignnone wp-image-998\" src=\"https:\/\/inssanbernardo-cha.infd.edu.ar\/sitio\/wp-content\/uploads\/2019\/05\/fancy_pen_t-1.png\" alt=\"\" width=\"11\" height=\"22\" \/>\u00a0Video<\/strong><\/p>\n<p><iframe loading=\"lazy\" width=\"1200\" height=\"900\" src=\"https:\/\/www.youtube.com\/embed\/HLmYoquFyYQ?feature=oembed\" frameborder=\"0\" allow=\"accelerometer; autoplay; encrypted-media; gyroscope; picture-in-picture\" allowfullscreen><\/iframe><\/p>\n<p><strong><img decoding=\"async\" loading=\"lazy\" class=\"alignnone wp-image-998\" src=\"https:\/\/inssanbernardo-cha.infd.edu.ar\/sitio\/wp-content\/uploads\/2019\/05\/fancy_pen_t-1.png\" alt=\"\" width=\"11\" height=\"22\" \/>\u00a0Bibliograf\u00eda<\/strong><\/p>\n<p><img decoding=\"async\" loading=\"lazy\" class=\"alignnone size-full wp-image-729\" src=\"https:\/\/inssanbernardo-cha.infd.edu.ar\/sitio\/wp-content\/uploads\/2018\/06\/icono_pdf.gif\" alt=\"\" width=\"32\" height=\"32\" \/>\u00a0 <a href=\"https:\/\/inssanbernardo-cha.infd.edu.ar\/sitio\/wp-content\/uploads\/2019\/05\/Aguerrondo_Como-piensan-las-escuelas-que-innovan.pdf\">Aguerrondo_Como-piensan-las-escuelas-que-innovan<\/a><\/p>\n<p><img decoding=\"async\" loading=\"lazy\" class=\"alignnone size-full wp-image-729\" src=\"https:\/\/inssanbernardo-cha.infd.edu.ar\/sitio\/wp-content\/uploads\/2018\/06\/icono_pdf.gif\" alt=\"\" width=\"32\" height=\"32\" \/> <a href=\"https:\/\/inssanbernardo-cha.infd.edu.ar\/sitio\/wp-content\/uploads\/2019\/05\/schlemenson-cap-2.pdf\">schlemenson-cap-2<\/a><\/p>\n<hr \/>\n<p style=\"text-align: center;\"><img decoding=\"async\" loading=\"lazy\" class=\"alignnone wp-image-728\" src=\"https:\/\/inssanbernardo-cha.infd.edu.ar\/sitio\/wp-content\/uploads\/2018\/06\/flecharoja.gif\" alt=\"\" width=\"35\" height=\"24\" \/>\u00a0<strong><span style=\"color: #333399;\">SEGUNDO ENCUENTRO:<\/span> 24 de Mayo de 2019<\/strong><\/p>\n<p><strong><img decoding=\"async\" loading=\"lazy\" class=\"alignnone wp-image-998\" src=\"https:\/\/inssanbernardo-cha.infd.edu.ar\/sitio\/wp-content\/uploads\/2019\/05\/fancy_pen_t-1.png\" alt=\"\" width=\"11\" height=\"22\" \/>Presentaci\u00f3n<\/strong><\/p>\n<p><img decoding=\"async\" loading=\"lazy\" class=\"alignnone size-full wp-image-730\" src=\"https:\/\/inssanbernardo-cha.infd.edu.ar\/sitio\/wp-content\/uploads\/2018\/06\/icono_ppt.gif\" alt=\"\" width=\"37\" height=\"37\" \/>\u00a0<a href=\"https:\/\/inssanbernardo-cha.infd.edu.ar\/sitio\/wp-content\/uploads\/2019\/05\/Actualizaci\u00f3n-Gesti\u00f3n-Educativa-Planificaci\u00f3n-Estrat\u00e9gica-POWER-JORNADA.pdf\">Actualizaci\u00f3n Gesti\u00f3n Educativa &#8211; Planificaci\u00f3n Estrat\u00e9gica (POWER JORNADA)<\/a><\/p>\n<p><strong><img decoding=\"async\" loading=\"lazy\" class=\"alignnone wp-image-998\" src=\"https:\/\/inssanbernardo-cha.infd.edu.ar\/sitio\/wp-content\/uploads\/2019\/05\/fancy_pen_t-1.png\" alt=\"\" width=\"11\" height=\"22\" \/>Bibliograf\u00eda Digitalizada<\/strong><\/p>\n<p><img decoding=\"async\" loading=\"lazy\" class=\"alignnone size-full wp-image-729\" src=\"https:\/\/inssanbernardo-cha.infd.edu.ar\/sitio\/wp-content\/uploads\/2018\/06\/icono_pdf.gif\" alt=\"\" width=\"32\" height=\"32\" \/>\u00a0<a href=\"https:\/\/inssanbernardo-cha.infd.edu.ar\/sitio\/wp-content\/uploads\/2019\/05\/Manual-Indicadores.pdf\">Manual Indicadores<\/a><\/p>\n<p><img decoding=\"async\" loading=\"lazy\" class=\"alignnone size-full wp-image-729\" src=\"https:\/\/inssanbernardo-cha.infd.edu.ar\/sitio\/wp-content\/uploads\/2018\/06\/icono_pdf.gif\" alt=\"\" width=\"32\" height=\"32\" \/>\u00a0<a href=\"https:\/\/inssanbernardo-cha.infd.edu.ar\/sitio\/wp-content\/uploads\/2019\/05\/Manual-Planificaci\u00f3n-Estrat\u00e9gica.pdf\">Manual Planificaci\u00f3n Estrat\u00e9gica<\/a><\/p>\n<p><img decoding=\"async\" loading=\"lazy\" class=\"alignnone size-full wp-image-729\" src=\"https:\/\/inssanbernardo-cha.infd.edu.ar\/sitio\/wp-content\/uploads\/2018\/06\/icono_pdf.gif\" alt=\"\" width=\"32\" height=\"32\" \/>\u00a0<a href=\"https:\/\/inssanbernardo-cha.infd.edu.ar\/sitio\/wp-content\/uploads\/2019\/05\/Modelo-de-Gesti\u00f3n-Educativa-Estrat\u00e9gica.pdf\">Modelo de Gesti\u00f3n Educativa Estrat\u00e9gica<\/a><\/p>\n<p><img decoding=\"async\" loading=\"lazy\" class=\"alignnone size-full wp-image-729\" src=\"https:\/\/inssanbernardo-cha.infd.edu.ar\/sitio\/wp-content\/uploads\/2018\/06\/icono_pdf.gif\" alt=\"\" width=\"32\" height=\"32\" \/>\u00a0<a href=\"https:\/\/inssanbernardo-cha.infd.edu.ar\/sitio\/wp-content\/uploads\/2019\/05\/Planificaci\u00f3n-Estrat\u00e9gica-Fuster.pdf\">Planificaci\u00f3n Estrat\u00e9gica Fuster<\/a><\/p>\n<p><strong><img decoding=\"async\" loading=\"lazy\" class=\"alignnone wp-image-998\" src=\"https:\/\/inssanbernardo-cha.infd.edu.ar\/sitio\/wp-content\/uploads\/2019\/05\/fancy_pen_t-1.png\" alt=\"\" width=\"11\" height=\"22\" \/>Bibliograf\u00eda Opcional (no digitalizada)<\/strong><\/p>\n<p><img decoding=\"async\" loading=\"lazy\" class=\"alignnone size-full wp-image-729\" src=\"https:\/\/inssanbernardo-cha.infd.edu.ar\/sitio\/wp-content\/uploads\/2018\/06\/icono_pdf.gif\" alt=\"\" width=\"32\" height=\"32\" \/>\u00a0<a href=\"https:\/\/inssanbernardo-cha.infd.edu.ar\/sitio\/wp-content\/uploads\/2019\/05\/Bibliograf\u00eda-opcional-No-digitalizada.pdf\">Bibliograf\u00eda opcional (No digitalizada)<\/a><\/p>\n<hr \/>\n<p style=\"text-align: center;\"><img decoding=\"async\" loading=\"lazy\" class=\"alignnone wp-image-728\" src=\"https:\/\/inssanbernardo-cha.infd.edu.ar\/sitio\/wp-content\/uploads\/2018\/06\/flecharoja.gif\" alt=\"\" width=\"35\" height=\"24\" \/>\u00a0<strong><span style=\"color: #333399;\">TERCER ENCUENTRO:<\/span> 31 de Mayo de 2019<\/strong><\/p>\n<p><strong><img decoding=\"async\" loading=\"lazy\" class=\"alignnone wp-image-998\" src=\"https:\/\/inssanbernardo-cha.infd.edu.ar\/sitio\/wp-content\/uploads\/2019\/05\/fancy_pen_t-1.png\" alt=\"\" width=\"11\" height=\"22\" \/>Presentaci\u00f3n<\/strong><\/p>\n<p><img decoding=\"async\" loading=\"lazy\" class=\"alignnone size-full wp-image-730\" src=\"https:\/\/inssanbernardo-cha.infd.edu.ar\/sitio\/wp-content\/uploads\/2018\/06\/icono_ppt.gif\" alt=\"\" width=\"37\" height=\"37\" \/>\u00a0<a href=\"https:\/\/inssanbernardo-cha.infd.edu.ar\/sitio\/wp-content\/uploads\/2019\/06\/Jornada-3_M\u00f4DULO-1_ESGE_31-de-mayo-de-2019.pptx\">Jornada 3_M+\u00f4DULO 1_ESGE_31 de mayo de 2019<\/a><\/p>\n<p><strong><img decoding=\"async\" loading=\"lazy\" class=\"alignnone wp-image-998\" src=\"https:\/\/inssanbernardo-cha.infd.edu.ar\/sitio\/wp-content\/uploads\/2019\/05\/fancy_pen_t-1.png\" alt=\"\" width=\"11\" height=\"22\" \/>Bibliograf\u00eda Digitalizada<\/strong><\/p>\n<p><img decoding=\"async\" loading=\"lazy\" class=\"alignnone wp-image-729\" src=\"https:\/\/inssanbernardo-cha.infd.edu.ar\/sitio\/wp-content\/uploads\/2018\/06\/icono_pdf.gif\" alt=\"\" width=\"32\" height=\"32\" \/>\u00a0 <a href=\"https:\/\/inssanbernardo-cha.infd.edu.ar\/sitio\/wp-content\/uploads\/2019\/06\/Aguerrondo_Como-piensan-las-escuelas-que-innovan.pdf\">Aguerrondo_Como-piensan-las-escuelas-que-innovan<\/a><\/p>\n<p><img decoding=\"async\" loading=\"lazy\" class=\"alignnone wp-image-1031\" src=\"https:\/\/inssanbernardo-cha.infd.edu.ar\/sitio\/wp-content\/uploads\/2019\/05\/word.jpg\" alt=\"\" width=\"46\" height=\"40\" \/><a href=\"https:\/\/inssanbernardo-cha.infd.edu.ar\/sitio\/wp-content\/uploads\/2019\/06\/CONSTRUIR-UNA-BUENA-ESCUELA-Resumen-Silvina-Gvirtz-y-otros-2.docx\">CONSTRUIR-UNA-BUENA-ESCUELA-Resumen-Silvina-Gvirtz-y-otros (2)<\/a><\/p>\n<p><strong><img decoding=\"async\" loading=\"lazy\" class=\"alignnone wp-image-998\" src=\"https:\/\/inssanbernardo-cha.infd.edu.ar\/sitio\/wp-content\/uploads\/2019\/05\/fancy_pen_t-1.png\" alt=\"\" width=\"11\" height=\"22\" \/>Videos<\/strong><\/p>\n<p><img decoding=\"async\" loading=\"lazy\" class=\"alignnone  wp-image-1009\" src=\"https:\/\/inssanbernardo-cha.infd.edu.ar\/sitio\/wp-content\/uploads\/2019\/05\/ytlogo-old-new-animation-105527-1000x625.gif\" alt=\"\" width=\"50\" height=\"31\" \/><strong>Silvina Gvirtz &#8211; Consejos para dise\u00f1ar una buena escuela<\/strong><\/p>\n<p><iframe loading=\"lazy\" width=\"1200\" height=\"675\" src=\"https:\/\/www.youtube.com\/embed\/ntP9nQnB1LQ?feature=oembed\" frameborder=\"0\" allow=\"accelerometer; autoplay; encrypted-media; gyroscope; picture-in-picture\" allowfullscreen><\/iframe><\/p>\n<p><img decoding=\"async\" loading=\"lazy\" class=\"alignnone  wp-image-1009\" src=\"https:\/\/inssanbernardo-cha.infd.edu.ar\/sitio\/wp-content\/uploads\/2019\/05\/ytlogo-old-new-animation-105527-1000x625.gif\" alt=\"\" width=\"50\" height=\"31\" \/>\u00bfPor qu\u00e9 innovar en educaci\u00f3n? | In\u00e9s Aguerrondo |<\/p>\n<p><iframe loading=\"lazy\" width=\"1200\" height=\"675\" src=\"https:\/\/www.youtube.com\/embed\/pquMSXnWaUw?feature=oembed\" frameborder=\"0\" allow=\"accelerometer; autoplay; encrypted-media; gyroscope; picture-in-picture\" allowfullscreen><\/iframe><\/p>\n<p>&nbsp;<\/p>\n<hr \/>\n<p style=\"text-align: center;\"><img decoding=\"async\" loading=\"lazy\" class=\"alignnone wp-image-728\" src=\"https:\/\/inssanbernardo-cha.infd.edu.ar\/sitio\/wp-content\/uploads\/2018\/06\/flecharoja.gif\" alt=\"\" width=\"35\" height=\"24\" \/>\u00a0<strong><span style=\"color: #333399;\">CUARTO ENCUENTRO:<\/span> 14 de Junio de 2019<\/strong><\/p>\n<p><strong><img decoding=\"async\" loading=\"lazy\" class=\"alignnone wp-image-998\" src=\"https:\/\/inssanbernardo-cha.infd.edu.ar\/sitio\/wp-content\/uploads\/2019\/05\/fancy_pen_t-1.png\" alt=\"\" width=\"11\" height=\"22\" \/>Presentaciones<\/strong><\/p>\n<p><img decoding=\"async\" loading=\"lazy\" class=\"alignnone size-full wp-image-730\" src=\"https:\/\/inssanbernardo-cha.infd.edu.ar\/sitio\/wp-content\/uploads\/2018\/06\/icono_ppt.gif\" alt=\"\" width=\"37\" height=\"37\" \/>\u00a0<a href=\"https:\/\/inssanbernardo-cha.infd.edu.ar\/sitio\/wp-content\/uploads\/2019\/06\/Jornada-4_M\u00d3DULO-1_ESGE_14-de-junio-de-2019.pptx\">Jornada 4_M\u00d3DULO 1_ESGE_14 de junio de 2019<\/a><\/p>\n<p><img decoding=\"async\" loading=\"lazy\" class=\"alignnone size-full wp-image-730\" src=\"https:\/\/inssanbernardo-cha.infd.edu.ar\/sitio\/wp-content\/uploads\/2018\/06\/icono_ppt.gif\" alt=\"\" width=\"37\" height=\"37\" \/>\u00a0<a href=\"https:\/\/inssanbernardo-cha.infd.edu.ar\/sitio\/wp-content\/uploads\/2019\/06\/DEC\u00c1LOGO-DE-LA-BUENA-ESCUELA-Y-DE-LA-MEJORA.pptx\">DEC\u00c1LOGO DE LA BUENA ESCUELA Y DE LA MEJORA<\/a><\/p>\n<p><strong><img decoding=\"async\" loading=\"lazy\" class=\"alignnone wp-image-998\" src=\"https:\/\/inssanbernardo-cha.infd.edu.ar\/sitio\/wp-content\/uploads\/2019\/05\/fancy_pen_t-1.png\" alt=\"\" width=\"11\" height=\"22\" \/>Bibliograf\u00eda Digitalizada<\/strong><\/p>\n<p><img decoding=\"async\" loading=\"lazy\" class=\"alignnone wp-image-1031\" src=\"https:\/\/inssanbernardo-cha.infd.edu.ar\/sitio\/wp-content\/uploads\/2019\/05\/word.jpg\" alt=\"\" width=\"46\" height=\"40\" \/><a href=\"https:\/\/inssanbernardo-cha.infd.edu.ar\/sitio\/wp-content\/uploads\/2019\/06\/CONSTRUIR-UNA-BUENA-ESCUELA-Resumen-Silvina-Gvirtz-y-otros-2-1.docx\">CONSTRUIR-UNA-BUENA-ESCUELA-Resumen-Silvina-Gvirtz-y-otros (2)<\/a><\/p>\n<p><img decoding=\"async\" loading=\"lazy\" class=\"alignnone wp-image-1031\" src=\"https:\/\/inssanbernardo-cha.infd.edu.ar\/sitio\/wp-content\/uploads\/2019\/05\/word.jpg\" alt=\"\" width=\"46\" height=\"40\" \/><a href=\"https:\/\/inssanbernardo-cha.infd.edu.ar\/sitio\/wp-content\/uploads\/2019\/06\/EJEMPLOS-DE-INDICADORES.docx\">EJEMPLOS DE INDICADORES<\/a><\/p>\n<p><img decoding=\"async\" loading=\"lazy\" class=\"alignnone wp-image-1031\" src=\"https:\/\/inssanbernardo-cha.infd.edu.ar\/sitio\/wp-content\/uploads\/2019\/05\/word.jpg\" alt=\"\" width=\"46\" height=\"40\" \/><a href=\"https:\/\/inssanbernardo-cha.infd.edu.ar\/sitio\/wp-content\/uploads\/2019\/06\/GRILLA-DIMENSIONES.docx\">GRILLA DIMENSIONES<\/a><\/p>\n<p><img decoding=\"async\" loading=\"lazy\" class=\"alignnone wp-image-1031\" src=\"https:\/\/inssanbernardo-cha.infd.edu.ar\/sitio\/wp-content\/uploads\/2019\/05\/word.jpg\" alt=\"\" width=\"46\" height=\"40\" \/>\u00a0<a href=\"https:\/\/inssanbernardo-cha.infd.edu.ar\/sitio\/wp-content\/uploads\/2019\/06\/MITOS.docx\">MITOS<\/a><\/p>\n<hr \/>\n<p>&nbsp;<\/p>\n","protected":false},"excerpt":{"rendered":"<p>\u00a0PRIMER ENCUENTRO:\u00a017 de Mayo de 2019 \u00a0Presentaci\u00f3n \u00a0\u00a0\u00a0Organizaci\u00f3n &#8211; Instituci\u00f3n &#8211; Dimensiones Institucionales \u00a0Video \u00a0Bibliograf\u00eda \u00a0 Aguerrondo_Como-piensan-las-escuelas-que-innovan schlemenson-cap-2 \u00a0SEGUNDO ENCUENTRO: 24 de Mayo de 2019 Presentaci\u00f3n \u00a0Actualizaci\u00f3n Gesti\u00f3n Educativa &#8211; Planificaci\u00f3n Estrat\u00e9gica (POWER JORNADA) Bibliograf\u00eda Digitalizada \u00a0Manual Indicadores \u00a0Manual Planificaci\u00f3n Estrat\u00e9gica \u00a0Modelo de Gesti\u00f3n Educativa Estrat\u00e9gica \u00a0Planificaci\u00f3n Estrat\u00e9gica Fuster Bibliograf\u00eda Opcional (no digitalizada) \u00a0Bibliograf\u00eda opcional &#8230; <a title=\"M\u00f3dulo I ASGE\" class=\"read-more\" href=\"https:\/\/inssanbernardo-cha.infd.edu.ar\/sitio\/modulo-i-asge\/\" aria-label=\"More on M\u00f3dulo I ASGE\">[+]<\/a><\/p>\n","protected":false},"author":408,"featured_media":0,"parent":0,"menu_order":0,"comment_status":"closed","ping_status":"closed","template":"","meta":[],"acf":[],"_links":{"self":[{"href":"https:\/\/inssanbernardo-cha.infd.edu.ar\/sitio\/wp-json\/wp\/v2\/pages\/937"}],"collection":[{"href":"https:\/\/inssanbernardo-cha.infd.edu.ar\/sitio\/wp-json\/wp\/v2\/pages"}],"about":[{"href":"https:\/\/inssanbernardo-cha.infd.edu.ar\/sitio\/wp-json\/wp\/v2\/types\/page"}],"author":[{"embeddable":true,"href":"https:\/\/inssanbernardo-cha.infd.edu.ar\/sitio\/wp-json\/wp\/v2\/users\/408"}],"replies":[{"embeddable":true,"href":"https:\/\/inssanbernardo-cha.infd.edu.ar\/sitio\/wp-json\/wp\/v2\/comments?post=937"}],"version-history":[{"count":23,"href":"https:\/\/inssanbernardo-cha.infd.edu.ar\/sitio\/wp-json\/wp\/v2\/pages\/937\/revisions"}],"predecessor-version":[{"id":1425,"href":"https:\/\/inssanbernardo-cha.infd.edu.ar\/sitio\/wp-json\/wp\/v2\/pages\/937\/revisions\/1425"}],"wp:attachment":[{"href":"https:\/\/inssanbernardo-cha.infd.edu.ar\/sitio\/wp-json\/wp\/v2\/media?parent=937"}],"curies":[{"name":"wp","href":"https:\/\/api.w.org\/{rel}","templated":true}]}}