{"id":973,"date":"2019-05-21T18:44:29","date_gmt":"2019-05-21T21:44:29","guid":{"rendered":"https:\/\/inssanbernardo-cha.infd.edu.ar\/sitio\/?page_id=973"},"modified":"2021-12-06T22:11:40","modified_gmt":"2021-12-07T01:11:40","slug":"profesorado-en-geografia-plan-de-estudios","status":"publish","type":"page","link":"https:\/\/inssanbernardo-cha.infd.edu.ar\/sitio\/profesorado-en-geografia-plan-de-estudios\/","title":{"rendered":"Profesorado para la Educaci\u00f3n Secundaria en Geograf\u00eda"},"content":{"rendered":"<h6><img decoding=\"async\" loading=\"lazy\" class=\"wp-image-1083 alignleft\" src=\"https:\/\/inssanbernardo-cha.infd.edu.ar\/sitio\/wp-content\/uploads\/2019\/05\/LOGO-IES-2018.jpg\" alt=\"\" width=\"152\" height=\"114\" \/><\/h6>\n<h6>PROVINCIA DEL CHACO<\/h6>\n<h6>MINISTERIO DE EDUCACI\u00d3N, CULTURA, CIENCIA Y TECNOLOG\u00cdA<\/h6>\n<h6>INSTITUTO DE EDUCACI\u00d3N SUPERIOR \u201cSAN BERNARDO\u201d<\/h6>\n<hr \/>\n<h4 style=\"text-align: center;\"><img decoding=\"async\" loading=\"lazy\" class=\"alignnone  wp-image-1906\" src=\"https:\/\/inssanbernardo-cha.infd.edu.ar\/sitio\/wp-content\/uploads\/2021\/12\/Geografia.jpeg\" alt=\"\" width=\"610\" height=\"511\" srcset=\"https:\/\/inssanbernardo-cha.infd.edu.ar\/sitio\/wp-content\/uploads\/2021\/12\/Geografia.jpeg 940w, https:\/\/inssanbernardo-cha.infd.edu.ar\/sitio\/wp-content\/uploads\/2021\/12\/Geografia-768x644.jpeg 768w\" sizes=\"(max-width: 610px) 100vw, 610px\" \/><\/h4>\n<h4 style=\"text-align: center;\"><u>PLAN DE ESTUDIOS<\/u><\/h4>\n<h4>DENOMINACION DE LA CARRERA: <span style=\"color: #008000;\">Profesorado para la Educaci\u00f3n Secundaria en Geograf\u00eda<\/span><\/h4>\n<h4>TITULO A OTORGAR: <span style=\"color: #008000;\">Profesor\/a en Geograf\u00eda<\/span><\/h4>\n<h4><strong>DURACION DE LA CARRERA EN A\u00d1OS ACADEMICOS<\/strong>: <span style=\"color: #008000;\">4 a\u00f1os<\/span><\/h4>\n<h6>\u00a0<\/h6>\n<table style=\"height: 3492px;\" width=\"914\">\n<tbody>\n<tr>\n<td width=\"269\">\n<p style=\"text-align: center;\"><strong>Unidades Curriculares<\/strong><\/p>\n<\/td>\n<td style=\"text-align: center;\" width=\"76\"><strong>DURACI\u00d3N<\/strong><\/td>\n<td style=\"text-align: center;\" width=\"72\"><strong>Horas catedra<\/strong> <strong>Semanales<\/strong><\/td>\n<td width=\"184\">\n<p style=\"text-align: center;\"><strong>CAMPOS<\/strong><\/p>\n<\/td>\n<\/tr>\n<tr>\n<td style=\"text-align: center;\" colspan=\"4\" width=\"601\"><strong>PRIMER A\u00d1O<\/strong><\/td>\n<\/tr>\n<tr>\n<td width=\"269\">Pedagog\u00eda<\/td>\n<td style=\"text-align: center;\" width=\"76\">Anual<\/td>\n<td style=\"text-align: center;\" width=\"72\">4<\/td>\n<td rowspan=\"3\" width=\"184\">DE LA FORMACI\u00d3N GENERAL<\/td>\n<\/tr>\n<tr>\n<td width=\"269\">Alfabetizaci\u00f3n Acad\u00e9mica<\/td>\n<td style=\"text-align: center;\" width=\"76\">Anual<\/td>\n<td style=\"text-align: center;\" width=\"72\">3<\/td>\n<\/tr>\n<tr>\n<td width=\"269\">Did\u00e1ctica General<\/td>\n<td style=\"text-align: center;\" width=\"76\">Anual<\/td>\n<td style=\"text-align: center;\" width=\"72\">4<\/td>\n<\/tr>\n<tr>\n<td width=\"269\">Cartograf\u00eda<\/td>\n<td style=\"text-align: center;\" width=\"76\">Anual<\/td>\n<td style=\"text-align: center;\" width=\"72\">4<\/td>\n<td rowspan=\"4\" width=\"184\">DE LA FORMACION ESPECIFICA<\/td>\n<\/tr>\n<tr>\n<td width=\"269\">Geograf\u00eda F\u00edsica<\/td>\n<td style=\"text-align: center;\" width=\"76\">Anual<\/td>\n<td style=\"text-align: center;\" width=\"72\">4<\/td>\n<\/tr>\n<tr>\n<td width=\"269\">Sujeto de la Educaci\u00f3n Secundaria<\/td>\n<td style=\"text-align: center;\" width=\"76\">Anual<\/td>\n<td style=\"text-align: center;\" width=\"72\">4<\/td>\n<\/tr>\n<tr>\n<td width=\"269\">Matem\u00e1tica y Estad\u00edstica Aplicada a la Geograf\u00eda<\/td>\n<td style=\"text-align: center;\" width=\"76\">Anual<\/td>\n<td style=\"text-align: center;\" width=\"72\">4<\/td>\n<\/tr>\n<tr>\n<td width=\"269\">Pr\u00e1ctica Docente I<\/td>\n<td style=\"text-align: center;\" width=\"76\">Anual<\/td>\n<td style=\"text-align: center;\" width=\"72\">5<\/td>\n<td width=\"184\">DE LA FORMACION\u00a0 EN LA PRACTICA PROFESIONAL<\/td>\n<\/tr>\n<tr>\n<td colspan=\"4\" width=\"601\"><strong>\u00a0<\/strong><\/td>\n<\/tr>\n<tr>\n<td style=\"text-align: center;\" colspan=\"4\" width=\"601\"><strong>SEGUNDO A\u00d1O<\/strong><\/td>\n<\/tr>\n<tr>\n<td width=\"269\">Psicolog\u00eda Educacional<\/td>\n<td style=\"text-align: center;\" width=\"76\">Anual<\/td>\n<td style=\"text-align: center;\" width=\"72\">3<\/td>\n<td rowspan=\"4\" width=\"184\">DE LA FORMACI\u00d3N GENERAL<\/td>\n<\/tr>\n<tr>\n<td width=\"269\">Filosof\u00eda<\/td>\n<td style=\"text-align: center;\" width=\"76\">Anual<\/td>\n<td style=\"text-align: center;\" width=\"72\">3<\/td>\n<\/tr>\n<tr>\n<td width=\"269\">Tecnolog\u00eda de la Informaci\u00f3n y de la Comunicaci\u00f3n en Educaci\u00f3n<\/td>\n<td style=\"text-align: center;\" width=\"76\">1<u><sup>er<\/sup><\/u>. Cuatrim.<\/td>\n<td style=\"text-align: center;\" width=\"72\">3<\/td>\n<\/tr>\n<tr>\n<td width=\"269\">Cultura y Lenguas Originarias<\/td>\n<td style=\"text-align: center;\" width=\"76\">2<u><sup>do<\/sup><\/u> Cuatrim.<\/td>\n<td style=\"text-align: center;\" width=\"72\">3<\/td>\n<\/tr>\n<tr>\n<td width=\"269\">Geograf\u00eda Mundial<\/td>\n<td style=\"text-align: center;\" width=\"76\">Anual<\/td>\n<td style=\"text-align: center;\" width=\"72\">4<\/td>\n<td rowspan=\"4\" width=\"184\">DE LA FORMACION ESPECIFICA<\/td>\n<\/tr>\n<tr>\n<td width=\"269\">Geograf\u00eda Argentina<\/td>\n<td style=\"text-align: center;\" width=\"76\">Anual<\/td>\n<td style=\"text-align: center;\" width=\"72\">4<\/td>\n<\/tr>\n<tr>\n<td width=\"269\">Epistemolog\u00eda del Pensamiento Geogr\u00e1fico<\/td>\n<td style=\"text-align: center;\" width=\"76\">Anual<\/td>\n<td style=\"text-align: center;\" width=\"72\">3<\/td>\n<\/tr>\n<tr>\n<td width=\"269\">Introducci\u00f3n a las Ciencias Sociales<\/td>\n<td style=\"text-align: center;\" width=\"76\">Anual<\/td>\n<td style=\"text-align: center;\" width=\"72\">4<\/td>\n<\/tr>\n<tr>\n<td width=\"269\">Pr\u00e1ctica Docente II<\/td>\n<td style=\"text-align: center;\" width=\"76\">Anual<\/td>\n<td style=\"text-align: center;\" width=\"72\">6<\/td>\n<td width=\"184\">DE LA FORMACION\u00a0 EN LA PRACTICA PROFESIONAL<\/td>\n<\/tr>\n<tr>\n<td colspan=\"4\" width=\"601\"><strong>\u00a0<\/strong><\/td>\n<\/tr>\n<tr>\n<td style=\"text-align: center;\" colspan=\"4\" width=\"601\"><strong>TERCER A\u00d1O<\/strong><\/td>\n<\/tr>\n<tr>\n<td width=\"269\">Sociolog\u00eda de la Educaci\u00f3n<\/td>\n<td style=\"text-align: center;\" width=\"76\">Anual<\/td>\n<td style=\"text-align: center;\" width=\"72\">3<\/td>\n<td rowspan=\"2\" width=\"184\">DE LA FORMACI\u00d3N GENERAL<\/td>\n<\/tr>\n<tr>\n<td width=\"269\">Historia y Pol\u00edtica de la Educaci\u00f3n Latinoamericana, Argentina y Chaque\u00f1a<\/td>\n<td width=\"76\">\n<p style=\"text-align: center;\">Anual<\/p>\n<\/td>\n<td width=\"72\">\n<p style=\"text-align: center;\">4<\/p>\n<\/td>\n<\/tr>\n<tr>\n<td width=\"269\">Metodolog\u00eda de la Investigaci\u00f3n en Ciencias Sociales<\/td>\n<td style=\"text-align: center;\" width=\"76\">Anual<\/td>\n<td width=\"72\">\n<p style=\"text-align: center;\">4<\/p>\n<\/td>\n<td rowspan=\"6\" width=\"184\">DE LA FORMACION ESPECIFICA<\/td>\n<\/tr>\n<tr>\n<td width=\"269\">Geograf\u00eda de Am\u00e9rica y Ant\u00e1rtida<\/td>\n<td style=\"text-align: center;\" width=\"76\">Anual<\/td>\n<td style=\"text-align: center;\" width=\"72\">4<\/td>\n<\/tr>\n<tr>\n<td width=\"269\">La Ense\u00f1anza de la Geograf\u00eda con TIC<\/td>\n<td style=\"text-align: center;\" width=\"76\">Anual<\/td>\n<td style=\"text-align: center;\" width=\"72\">3<\/td>\n<\/tr>\n<tr>\n<td width=\"269\">Geograf\u00eda Econ\u00f3mica<\/td>\n<td style=\"text-align: center;\" width=\"76\">Anual<\/td>\n<td style=\"text-align: center;\" width=\"72\">4<\/td>\n<\/tr>\n<tr>\n<td width=\"269\">Geograf\u00eda de la Poblaci\u00f3n Urbana y Rural<\/td>\n<td style=\"text-align: center;\" width=\"76\">Anual<\/td>\n<td style=\"text-align: center;\" width=\"72\">4<\/td>\n<\/tr>\n<tr>\n<td width=\"269\">Did\u00e1ctica de la Geograf\u00eda<\/td>\n<td style=\"text-align: center;\" width=\"76\">Anual<\/td>\n<td style=\"text-align: center;\" width=\"72\">4<\/td>\n<\/tr>\n<tr>\n<td width=\"269\">Pr\u00e1ctica Docente III<\/td>\n<td style=\"text-align: center;\" width=\"76\">Anual<\/td>\n<td style=\"text-align: center;\" width=\"72\">7<\/td>\n<td width=\"184\">DE LA FORMACION\u00a0 EN LA PRACTICA PROFESIONAL<\/td>\n<\/tr>\n<tr>\n<td colspan=\"4\" width=\"601\"><strong>\u00a0<\/strong><\/td>\n<\/tr>\n<tr>\n<td style=\"text-align: center;\" colspan=\"4\" width=\"601\"><strong>CUARTO A\u00d1O<\/strong><\/td>\n<\/tr>\n<tr>\n<td width=\"269\">Formaci\u00f3n en Derechos Humanos, \u00c9tica y Ciudadan\u00eda<\/td>\n<td style=\"text-align: center;\" width=\"76\">Anual<\/td>\n<td style=\"text-align: center;\" width=\"72\">4<\/td>\n<td width=\"184\">DE LA FORMACI\u00d3N GENERAL<\/td>\n<\/tr>\n<tr>\n<td width=\"269\">Geograf\u00eda Pol\u00edtica<\/td>\n<td style=\"text-align: center;\" width=\"76\">Anual<\/td>\n<td style=\"text-align: center;\" width=\"72\">4<\/td>\n<td rowspan=\"5\" width=\"184\">DE LA FORMACION ESPECIFICA<\/td>\n<\/tr>\n<tr>\n<td width=\"269\">Seminario de Investigaci\u00f3n Geogr\u00e1fica<\/td>\n<td style=\"text-align: center;\" width=\"76\">Anual<\/td>\n<td style=\"text-align: center;\" width=\"72\">4<\/td>\n<\/tr>\n<tr>\n<td width=\"269\">Ambiente y Sociedad<\/td>\n<td style=\"text-align: center;\" width=\"76\">Anual<\/td>\n<td style=\"text-align: center;\" width=\"72\">3<\/td>\n<\/tr>\n<tr>\n<td width=\"269\">Geograf\u00eda del NEA y del Chaco<\/td>\n<td style=\"text-align: center;\" width=\"76\">Anual<\/td>\n<td style=\"text-align: center;\" width=\"72\">4<\/td>\n<\/tr>\n<tr>\n<td width=\"269\">Espacios Geogr\u00e1ficos Latinoamericanos<\/td>\n<td style=\"text-align: center;\" width=\"76\">Anual<\/td>\n<td style=\"text-align: center;\" width=\"72\">3<\/td>\n<\/tr>\n<tr>\n<td width=\"269\">Residencia Pedag\u00f3gica<\/td>\n<td style=\"text-align: center;\" width=\"76\">Anual<\/td>\n<td style=\"text-align: center;\" width=\"72\">8<\/td>\n<td width=\"184\">DE LA FORMACION\u00a0 EN LA PRACTICA PROFESIONAL<\/td>\n<\/tr>\n<tr>\n<td colspan=\"4\" width=\"601\">\n<p style=\"text-align: center;\"><a href=\"https:\/\/inssanbernardo-cha.infd.edu.ar\/sitio\/plan-de-estudios-geografia\/\">Descargar Plan de Estudio pdf<\/a><a href=\"https:\/\/inssanbernardo-cha.infd.edu.ar\/sitio\/plan-de-estudios-geografia\/\" target=\"_blank\" rel=\"noopener\"><img decoding=\"async\" loading=\"lazy\" class=\"size-full wp-image-729 aligncenter\" src=\"https:\/\/inssanbernardo-cha.infd.edu.ar\/sitio\/wp-content\/uploads\/2018\/06\/icono_pdf.gif\" alt=\"\" width=\"32\" height=\"32\" \/><\/a><\/p>\n<p style=\"text-align: center;\"><a href=\"https:\/\/docs.google.com\/forms\/d\/e\/1FAIpQLSdrEZGUEw7ukM6D2oCw1REYFQQbXbVFM1WFfhRYxrAaapDbvg\/viewform\"><img decoding=\"async\" loading=\"lazy\" class=\"alignnone size-full wp-image-1981\" src=\"https:\/\/inssanbernardo-cha.infd.edu.ar\/sitio\/wp-content\/uploads\/2021\/12\/inscribite.jpg\" alt=\"\" width=\"323\" height=\"156\" \/><\/a><\/p>\n<\/td>\n<\/tr>\n<\/tbody>\n<\/table>\n","protected":false},"excerpt":{"rendered":"<p>PROVINCIA DEL CHACO MINISTERIO DE EDUCACI\u00d3N, CULTURA, CIENCIA Y TECNOLOG\u00cdA INSTITUTO DE EDUCACI\u00d3N SUPERIOR \u201cSAN BERNARDO\u201d PLAN DE ESTUDIOS DENOMINACION DE LA CARRERA: Profesorado para la Educaci\u00f3n Secundaria en Geograf\u00eda TITULO A OTORGAR: Profesor\/a en Geograf\u00eda DURACION DE LA CARRERA EN A\u00d1OS ACADEMICOS: 4 a\u00f1os \u00a0 Unidades Curriculares DURACI\u00d3N Horas catedra Semanales CAMPOS PRIMER A\u00d1O &#8230; <a title=\"Profesorado para la Educaci\u00f3n Secundaria en Geograf\u00eda\" class=\"read-more\" href=\"https:\/\/inssanbernardo-cha.infd.edu.ar\/sitio\/profesorado-en-geografia-plan-de-estudios\/\" aria-label=\"More on Profesorado para la Educaci\u00f3n Secundaria en Geograf\u00eda\">[+]<\/a><\/p>\n","protected":false},"author":408,"featured_media":0,"parent":0,"menu_order":0,"comment_status":"closed","ping_status":"closed","template":"","meta":[],"acf":[],"_links":{"self":[{"href":"https:\/\/inssanbernardo-cha.infd.edu.ar\/sitio\/wp-json\/wp\/v2\/pages\/973"}],"collection":[{"href":"https:\/\/inssanbernardo-cha.infd.edu.ar\/sitio\/wp-json\/wp\/v2\/pages"}],"about":[{"href":"https:\/\/inssanbernardo-cha.infd.edu.ar\/sitio\/wp-json\/wp\/v2\/types\/page"}],"author":[{"embeddable":true,"href":"https:\/\/inssanbernardo-cha.infd.edu.ar\/sitio\/wp-json\/wp\/v2\/users\/408"}],"replies":[{"embeddable":true,"href":"https:\/\/inssanbernardo-cha.infd.edu.ar\/sitio\/wp-json\/wp\/v2\/comments?post=973"}],"version-history":[{"count":24,"href":"https:\/\/inssanbernardo-cha.infd.edu.ar\/sitio\/wp-json\/wp\/v2\/pages\/973\/revisions"}],"predecessor-version":[{"id":2035,"href":"https:\/\/inssanbernardo-cha.infd.edu.ar\/sitio\/wp-json\/wp\/v2\/pages\/973\/revisions\/2035"}],"wp:attachment":[{"href":"https:\/\/inssanbernardo-cha.infd.edu.ar\/sitio\/wp-json\/wp\/v2\/media?parent=973"}],"curies":[{"name":"wp","href":"https:\/\/api.w.org\/{rel}","templated":true}]}}